{"id":222177,"date":"2025-03-23T10:30:45","date_gmt":"2025-03-23T10:30:45","guid":{"rendered":"https:\/\/aromasentia.com\/product\/smudge-stick-peaceful-sage-10cm\/"},"modified":"2025-12-30T19:39:26","modified_gmt":"2025-12-30T19:39:26","slug":"raeucherbuendel-friedlicher-salbei-10cm","status":"publish","type":"product","link":"https:\/\/aromasentia.com\/de\/raeucherbuendel-friedlicher-salbei-10cm\/","title":{"rendered":"R\u00e4ucherb\u00fcndel &#8211; Friedlicher Salbei 10cm"},"content":{"rendered":"<p style=\"text-align: justify;\"><strong><span style=\"color: rgb(75, 80, 88);\">R\u00e4ucherst\u00e4bchen \u2013 Friedlicher Salbei 10 cm&nbsp;<\/span><\/strong><span style=\"color: rgb(75, 80, 88);\">wird direkt aus Mexiko importiert. Einzeln handgerollt und in Kraftpapier eingewickelt.<\/span><\/p>\n<p style=\"text-align: justify;\"><span style=\"color: rgb(75, 80, 88);\">R\u00e4ucherst\u00e4bchen<strong>&nbsp;<\/strong>k\u00f6nnen zur Reinigung der Aura verwendet werden, zum Beispiel vor der Meditation oder dem Gebet. Sie werden auch h\u00e4ufig von K\u00f6rpertherapeuten und Heilpraktikern vor Behandlungen verwendet.&nbsp;<\/span><\/p>\n<p style=\"text-align: justify;\"><span style=\"color: rgb(75, 80, 88);\">R\u00e4uchern wird seit langem verwendet, um sich mit der spirituellen Welt zu verbinden oder die Intuition zu st\u00e4rken.&nbsp;<\/span><\/p>\n<p style=\"text-align: justify;\"><span style=\"color: rgb(75, 80, 88);\">Das Verbrennen von Salbei oder R\u00e4ucherst\u00e4bchen kann die Stimmung heben und ist auch ein gro\u00dfartiges Mittel gegen Stress. Das R\u00e4uchern ist ganz einfach: Verwenden Sie eine Muschel oder eine Schale aus Keramik, Ton oder Glas, um brennenden Salbei aufzubewahren oder die Asche aufzufangen. Optional k\u00f6nnen Sie eine Feder oder einen F\u00e4cher zum Anfachen des Rauchs verwenden.&nbsp;<\/span><\/p>\n<p style=\"text-align: justify;\"><strong><span style=\"color: rgb(75, 80, 88);\">Verkauf in Papier eingewickelt, etikettiert und mit Barcode versehen.<\/span><\/strong><\/p>\n<p style=\"text-align: justify;\"><strong><span style=\"color: rgb(141, 186, 216);\">Bestellen Sie jetzt und bieten Sie Ihren Kunden die beste Auswahl an R\u00e4ucherst\u00e4bchen.<\/span><\/strong><\/p>\n","protected":false},"excerpt":{"rendered":"<p>R\u00e4ucherst\u00e4bchen \u2013 Friedlicher Salbei 10 cm&nbsp;wird direkt aus Mexiko importiert. Einzeln handgerollt und in Kraftpapier eingewickelt. R\u00e4ucherst\u00e4bchen&nbsp;k\u00f6nnen zur Reinigung der Aura verwendet werden, zum Beispiel vor der Meditation oder dem Gebet. Sie werden auch h\u00e4ufig von K\u00f6rpertherapeuten und Heilpraktikern vor Behandlungen verwendet.&nbsp; R\u00e4uchern wird seit langem verwendet, um sich mit der spirituellen Welt zu verbinden [&hellip;]<\/p>\n","protected":false},"featured_media":405991,"comment_status":"closed","ping_status":"open","template":"","meta":[],"product_brand":[],"product_cat":[25841,26861,15152,26382,25816],"product_tag":[],"class_list":{"0":"post-222177","1":"product","2":"type-product","3":"status-publish","4":"has-post-thumbnail","6":"product_cat-dufte-aromen","7":"product_cat-krauter-aromatisch","8":"product_cat-raucherwerk-und-rauchergefasse","9":"product_cat-salbei","10":"product_cat-smudge-sticks","11":"pa_collection-wrapped-smudge-sticks-de","12":"pa_made-in-mexiko","14":"first","15":"instock","16":"purchasable","17":"product-type-simple"},"supplier_id":null,"supplier_sku":"MSage-44","barcode":null,"atum_controlled":true,"out_stock_date":null,"out_stock_threshold":null,"inheritable":false,"inbound_stock":null,"stock_on_hold":0,"sold_today":0,"sales_last_days":0,"reserved_stock":null,"customer_returns":null,"warehouse_damage":null,"lost_in_post":null,"other_logs":null,"out_stock_days":0,"lost_sales":0,"has_location":null,"update_date":"2026-02-06T12:46:54","atum_locations":[],"atum_stock_status":"instock","restock_status":false,"low_stock_amount":"","sales_update_date":"2026-01-30T01:24:59","calc_backorders":null,"_links":{"self":[{"href":"https:\/\/aromasentia.com\/de\/wp-json\/wp\/v2\/product\/222177","targetHints":{"allow":["GET"]}}],"collection":[{"href":"https:\/\/aromasentia.com\/de\/wp-json\/wp\/v2\/product"}],"about":[{"href":"https:\/\/aromasentia.com\/de\/wp-json\/wp\/v2\/types\/product"}],"replies":[{"embeddable":true,"href":"https:\/\/aromasentia.com\/de\/wp-json\/wp\/v2\/comments?post=222177"}],"version-history":[{"count":0,"href":"https:\/\/aromasentia.com\/de\/wp-json\/wp\/v2\/product\/222177\/revisions"}],"wp:featuredmedia":[{"embeddable":true,"href":"https:\/\/aromasentia.com\/de\/wp-json\/wp\/v2\/media\/405991"}],"wp:attachment":[{"href":"https:\/\/aromasentia.com\/de\/wp-json\/wp\/v2\/media?parent=222177"}],"wp:term":[{"taxonomy":"product_brand","embeddable":true,"href":"https:\/\/aromasentia.com\/de\/wp-json\/wp\/v2\/product_brand?post=222177"},{"taxonomy":"product_cat","embeddable":true,"href":"https:\/\/aromasentia.com\/de\/wp-json\/wp\/v2\/product_cat?post=222177"},{"taxonomy":"product_tag","embeddable":true,"href":"https:\/\/aromasentia.com\/de\/wp-json\/wp\/v2\/product_tag?post=222177"}],"curies":[{"name":"wp","href":"https:\/\/api.w.org\/{rel}","templated":true}]}}