{"id":222117,"date":"2025-03-23T10:30:45","date_gmt":"2025-03-23T10:30:45","guid":{"rendered":"https:\/\/aromasentia.com\/product\/smudge-stick-dragonsblood-15cm\/"},"modified":"2025-12-30T19:39:17","modified_gmt":"2025-12-30T19:39:17","slug":"raeucherbuendel-drachenblut-15cm","status":"publish","type":"product","link":"https:\/\/aromasentia.com\/de\/raeucherbuendel-drachenblut-15cm\/","title":{"rendered":"R\u00e4ucherb\u00fcndel  &#8211; Drachenblut 15cm"},"content":{"rendered":"<p><span style=\"color: rgb(75, 80, 88);\"><strong>Aroma Sentia R\u00e4ucherst\u00e4bchen &#8211; Drachenblut 15 cm<\/strong> <strong>&nbsp;<\/strong>k\u00f6nnen zur Reinigung der Aura verwendet werden, zum Beispiel vor Meditation oder Gebet. Sie werden auch h\u00e4ufig von K\u00f6rpertherapeuten und Therapeuten vor Behandlungen verwendet.<\/span><\/p>\n<p><span style=\"color: rgb(75, 80, 88);\">R\u00e4uchern wird seit langem verwendet, um sich mit der spirituellen Welt zu verbinden oder die Intuition zu st\u00e4rken. Das Verbrennen von Salbei oder R\u00e4ucherwerk kann die Stimmung heben und ist auch ein gro\u00dfartiges Mittel gegen Stress.<\/span><\/p>\n","protected":false},"excerpt":{"rendered":"<p>Aroma Sentia R\u00e4ucherst\u00e4bchen &#8211; Drachenblut 15 cm &nbsp;k\u00f6nnen zur Reinigung der Aura verwendet werden, zum Beispiel vor Meditation oder Gebet. Sie werden auch h\u00e4ufig von K\u00f6rpertherapeuten und Therapeuten vor Behandlungen verwendet. R\u00e4uchern wird seit langem verwendet, um sich mit der spirituellen Welt zu verbinden oder die Intuition zu st\u00e4rken. Das Verbrennen von Salbei oder R\u00e4ucherwerk [&hellip;]<\/p>\n","protected":false},"featured_media":405848,"comment_status":"closed","ping_status":"open","template":"","meta":[],"product_brand":[],"product_cat":[15152,25816],"product_tag":[],"class_list":{"0":"post-222117","1":"product","2":"type-product","3":"status-publish","4":"has-post-thumbnail","6":"product_cat-raucherwerk-und-rauchergefasse","7":"product_cat-smudge-sticks","8":"pa_collection-wrapped-smudge-sticks-de","9":"pa_made-in-mexiko","11":"first","12":"instock","13":"purchasable","14":"product-type-simple"},"supplier_id":null,"supplier_sku":"MSage-28","barcode":null,"atum_controlled":true,"out_stock_date":null,"out_stock_threshold":null,"inheritable":false,"inbound_stock":null,"stock_on_hold":0,"sold_today":0,"sales_last_days":0,"reserved_stock":null,"customer_returns":null,"warehouse_damage":null,"lost_in_post":null,"other_logs":null,"out_stock_days":0,"lost_sales":0,"has_location":null,"update_date":"2026-02-09T10:26:38","atum_locations":[],"atum_stock_status":"instock","restock_status":false,"low_stock_amount":"","sales_update_date":"2026-02-06T00:01:34","calc_backorders":null,"_links":{"self":[{"href":"https:\/\/aromasentia.com\/de\/wp-json\/wp\/v2\/product\/222117","targetHints":{"allow":["GET"]}}],"collection":[{"href":"https:\/\/aromasentia.com\/de\/wp-json\/wp\/v2\/product"}],"about":[{"href":"https:\/\/aromasentia.com\/de\/wp-json\/wp\/v2\/types\/product"}],"replies":[{"embeddable":true,"href":"https:\/\/aromasentia.com\/de\/wp-json\/wp\/v2\/comments?post=222117"}],"version-history":[{"count":0,"href":"https:\/\/aromasentia.com\/de\/wp-json\/wp\/v2\/product\/222117\/revisions"}],"wp:featuredmedia":[{"embeddable":true,"href":"https:\/\/aromasentia.com\/de\/wp-json\/wp\/v2\/media\/405848"}],"wp:attachment":[{"href":"https:\/\/aromasentia.com\/de\/wp-json\/wp\/v2\/media?parent=222117"}],"wp:term":[{"taxonomy":"product_brand","embeddable":true,"href":"https:\/\/aromasentia.com\/de\/wp-json\/wp\/v2\/product_brand?post=222117"},{"taxonomy":"product_cat","embeddable":true,"href":"https:\/\/aromasentia.com\/de\/wp-json\/wp\/v2\/product_cat?post=222117"},{"taxonomy":"product_tag","embeddable":true,"href":"https:\/\/aromasentia.com\/de\/wp-json\/wp\/v2\/product_tag?post=222117"}],"curies":[{"name":"wp","href":"https:\/\/api.w.org\/{rel}","templated":true}]}}