{"id":222005,"date":"2025-03-23T10:30:55","date_gmt":"2025-03-23T10:30:55","guid":{"rendered":"https:\/\/aromasentia.com\/product\/smudge-stick-white-sage-ginger-and-cedar\/"},"modified":"2025-12-30T19:38:53","modified_gmt":"2025-12-30T19:38:53","slug":"raeucherbuendel-weisser-salbei-ingwer-und-zeder","status":"publish","type":"product","link":"https:\/\/aromasentia.com\/de\/raeucherbuendel-weisser-salbei-ingwer-und-zeder\/","title":{"rendered":"R\u00e4ucherb\u00fcndel &#8211; Wei\u00dfer Salbei, Ingwer und Zeder"},"content":{"rendered":"<p>Wir stellen unseren <strong>Gro\u00dfhandels-R\u00e4ucherst\u00e4bchen<\/strong> vor, mit einer kraftvollen Kombination aus <strong>Wei\u00dfem Salbei, Ingwer und Zeder<\/strong>. Dieser R\u00e4ucherst\u00e4bchen ist perfekt f\u00fcr alle, die ihr Zuhause oder ihre R\u00e4ume reinigen, ihre Meditationspraxis verbessern oder einfach nur das beruhigende und wohltuende Aroma von wei\u00dfem Salbei, Ingwer und Zeder genie\u00dfen m\u00f6chten.<\/p>\n<p><strong><em>Wei\u00dfer Salbei<\/em><\/strong> wird seit Jahrhunderten von den indigenen Gemeinschaften in Nordamerika f\u00fcr spirituelle und medizinische Zwecke verwendet. Ihm werden reinigende Eigenschaften zugeschrieben, die helfen k\u00f6nnen, negative Energie zu entfernen, die Luft zu reinigen und das allgemeine Wohlbefinden zu f\u00f6rdern. <strong><em>Ingwer<\/em><\/strong> ist ein beliebtes Gew\u00fcrz, das seit Tausenden von Jahren wegen seiner entz\u00fcndungshemmenden und antioxidativen Eigenschaften sowie seiner F\u00e4higkeit, Geist und K\u00f6rper zu beruhigen, verwendet wird. <strong><em>Zeder<\/em><\/strong> ist ein heiliger Baum, der von vielen indigenen Kulturen wegen seiner reinigenden und erdenden Eigenschaften verwendet wird.<\/p>\n<p>Unser R\u00e4ucherst\u00e4bchen aus wei\u00dfem Salbei, Ingwer und Zeder ist perfekt f\u00fcr jeden, der ein einzigartiges und kraftvolles R\u00e4ucherst\u00e4bchen sucht, um es in seine spirituelle Praxis einzubinden. Bei regelm\u00e4\u00dfiger Anwendung k\u00f6nnen Sie eine tiefere Verbindung zu Ihrer Spiritualit\u00e4t und ein gr\u00f6\u00dferes Gef\u00fchl des Schutzes und des Wohlbefindens erfahren.<\/p>\n<p>Ob Sie ein spiritueller Praktiker, ein Wellness-Enthusiast oder einfach nur auf der Suche nach einer nat\u00fcrlichen Art und Weise sind, um Ihren Raum zu erfrischen, ist unser Gro\u00dfhandels-R\u00e4ucherst\u00e4bchen die perfekte Wahl.<\/p>\n<p>\n","protected":false},"excerpt":{"rendered":"<p>Wir stellen unseren Gro\u00dfhandels-R\u00e4ucherst\u00e4bchen vor, mit einer kraftvollen Kombination aus Wei\u00dfem Salbei, Ingwer und Zeder. Dieser R\u00e4ucherst\u00e4bchen ist perfekt f\u00fcr alle, die ihr Zuhause oder ihre R\u00e4ume reinigen, ihre Meditationspraxis verbessern oder einfach nur das beruhigende und wohltuende Aroma von wei\u00dfem Salbei, Ingwer und Zeder genie\u00dfen m\u00f6chten. Wei\u00dfer Salbei wird seit Jahrhunderten von den indigenen [&hellip;]<\/p>\n","protected":false},"featured_media":406215,"comment_status":"closed","ping_status":"open","template":"","meta":{"_angie_page":false},"product_brand":[],"product_cat":[25841,26195,26861,15152,25816,26477,26889],"product_tag":[],"class_list":{"0":"post-222005","1":"product","2":"type-product","3":"status-publish","4":"has-post-thumbnail","6":"product_cat-dufte-aromen","7":"product_cat-geranie","8":"product_cat-krauter-aromatisch","9":"product_cat-raucherwerk-und-rauchergefasse","10":"product_cat-smudge-sticks","11":"product_cat-weiser-salbei","12":"product_cat-wurzig","13":"pa_collection-wrapped-smudge-sticks-de","14":"pa_made-in-mexiko","16":"first","17":"instock","18":"purchasable","19":"product-type-simple"},"supplier_id":null,"supplier_sku":"MSage-60","barcode":null,"atum_controlled":true,"out_stock_date":null,"out_stock_threshold":null,"inheritable":false,"inbound_stock":null,"stock_on_hold":0,"sold_today":0,"sales_last_days":0,"reserved_stock":null,"customer_returns":null,"warehouse_damage":null,"lost_in_post":null,"other_logs":null,"out_stock_days":0,"lost_sales":0,"has_location":null,"update_date":"2026-04-27T07:14:01","atum_locations":[],"atum_stock_status":"instock","restock_status":false,"low_stock_amount":"","sales_update_date":"2025-09-03T00:19:07","calc_backorders":null,"_links":{"self":[{"href":"https:\/\/aromasentia.com\/de\/wp-json\/wp\/v2\/product\/222005","targetHints":{"allow":["GET"]}}],"collection":[{"href":"https:\/\/aromasentia.com\/de\/wp-json\/wp\/v2\/product"}],"about":[{"href":"https:\/\/aromasentia.com\/de\/wp-json\/wp\/v2\/types\/product"}],"replies":[{"embeddable":true,"href":"https:\/\/aromasentia.com\/de\/wp-json\/wp\/v2\/comments?post=222005"}],"version-history":[{"count":0,"href":"https:\/\/aromasentia.com\/de\/wp-json\/wp\/v2\/product\/222005\/revisions"}],"wp:featuredmedia":[{"embeddable":true,"href":"https:\/\/aromasentia.com\/de\/wp-json\/wp\/v2\/media\/406215"}],"wp:attachment":[{"href":"https:\/\/aromasentia.com\/de\/wp-json\/wp\/v2\/media?parent=222005"}],"wp:term":[{"taxonomy":"product_brand","embeddable":true,"href":"https:\/\/aromasentia.com\/de\/wp-json\/wp\/v2\/product_brand?post=222005"},{"taxonomy":"product_cat","embeddable":true,"href":"https:\/\/aromasentia.com\/de\/wp-json\/wp\/v2\/product_cat?post=222005"},{"taxonomy":"product_tag","embeddable":true,"href":"https:\/\/aromasentia.com\/de\/wp-json\/wp\/v2\/product_tag?post=222005"}],"curies":[{"name":"wp","href":"https:\/\/api.w.org\/{rel}","templated":true}]}}