{"id":221997,"date":"2025-03-23T10:30:55","date_gmt":"2025-03-23T10:30:55","guid":{"rendered":"https:\/\/aromasentia.com\/product\/polished-aluminium-tibetan-symbols-incense-holder-12cm\/"},"modified":"2025-12-30T19:38:53","modified_gmt":"2025-12-30T19:38:53","slug":"polierter-aluminium-raeucherstaebchenhalter-mit-tibetischen-symbolen-12-cm","status":"publish","type":"product","link":"https:\/\/aromasentia.com\/de\/polierter-aluminium-raeucherstaebchenhalter-mit-tibetischen-symbolen-12-cm\/","title":{"rendered":"Polierter Aluminium-R\u00e4ucherst\u00e4bchenhalter mit tibetischen Symbolen, 12 cm"},"content":{"rendered":"<p><strong>Gro\u00dfhandel tibetische Symbole R\u00e4ucherst\u00e4bchenhalter<\/strong>, handgefertigte und polierte Aluminium-R\u00e4ucherst\u00e4bchenhalter mit tibetischen Symbolen, direkt aus Indien importiert. Mit einer H\u00f6he von 12 cm sind diese sch\u00f6nen R\u00e4ucherst\u00e4bchenhalter eine einzigartige und stilvolle M\u00f6glichkeit, Ihre Lieblings-R\u00e4ucherst\u00e4bchen oder -kegel (mit flachem Sockel) zu verbrennen. Die genauen Symbole variieren, umfassen aber oft Gl\u00fccksknoten, Endlosknoten und andere spirituelle Motive. Diese R\u00e4ucherst\u00e4bchenhalter eignen sich perfekt, um jedem Zuhause oder Studio einen Hauch von <strong>Zen<\/strong><\/p>\n<p>Merkmale:&nbsp;<\/p>\n<p><strong>Tibetisches Symbol-Design: Variiert,<\/strong> zeigt aber oft Gl\u00fccksknoten, Endlosknoten und andere spirituelle Motive.&nbsp;<\/p>\n<p><strong>Poliertes Aluminium<\/strong>: Gefertigt aus hochwertigem Aluminium f\u00fcr eine sch\u00f6ne und reflektierende Oberfl\u00e4che.<\/p>\n<p><strong>Gro\u00dfes Format (12cm):<\/strong>Passt f\u00fcr die meisten Standard-R\u00e4ucherst\u00e4bchen und -kegel. Vielseitig einsetzbar&nbsp;<\/p>\n<p>Vorteile:&nbsp;<\/p>\n<p><strong>Gibt jedem Raum einen Hauch von Eleganz und spiritueller Symbolik.&nbsp;<\/strong><\/p>\n<p><strong>F\u00f6rdert Gef\u00fchle von Frieden und Ruhe.&nbsp;<\/strong><\/p>\n<p><strong>Verbrennt R\u00e4ucherst\u00e4bchen und -kegel.<\/strong><\/p>\n<p><strong>Hochwertige Aluminiumkonstruktion f\u00fcr langanhaltende Sch\u00f6nheit.&nbsp;<\/strong><\/p>\n<p><\/p>\n<p><strong>Verwandeln Sie Ihren Kundenraum in einen friedlichen Zufluchtsort. Bestellen Sie noch heute polierte Aluminium-R\u00e4ucherst\u00e4bchenhalter im Gro\u00dfhandel!<\/strong> <\/p>\n","protected":false},"excerpt":{"rendered":"<p>Gro\u00dfhandel tibetische Symbole R\u00e4ucherst\u00e4bchenhalter, handgefertigte und polierte Aluminium-R\u00e4ucherst\u00e4bchenhalter mit tibetischen Symbolen, direkt aus Indien importiert. Mit einer H\u00f6he von 12 cm sind diese sch\u00f6nen R\u00e4ucherst\u00e4bchenhalter eine einzigartige und stilvolle M\u00f6glichkeit, Ihre Lieblings-R\u00e4ucherst\u00e4bchen oder -kegel (mit flachem Sockel) zu verbrennen. Die genauen Symbole variieren, umfassen aber oft Gl\u00fccksknoten, Endlosknoten und andere spirituelle Motive. Diese R\u00e4ucherst\u00e4bchenhalter eignen [&hellip;]<\/p>\n","protected":false},"featured_media":407263,"comment_status":"closed","ping_status":"open","template":"","meta":{"_angie_page":false},"product_brand":[],"product_cat":[15153,15167,15152],"product_tag":[],"class_list":{"0":"post-221997","1":"product","2":"type-product","3":"status-publish","4":"has-post-thumbnail","6":"product_cat-rauchergefasse-und-raucherstabchenhalter","7":"product_cat-raucherkegelhalter","8":"product_cat-raucherwerk-und-rauchergefasse","9":"pa_collection-polished-aluminium-incense-holders-de","10":"pa_made-in-indien","12":"first","13":"instock","14":"purchasable","15":"product-type-simple"},"supplier_id":null,"supplier_sku":"PAIH-04","barcode":null,"atum_controlled":true,"out_stock_date":null,"out_stock_threshold":null,"inheritable":false,"inbound_stock":null,"stock_on_hold":0,"sold_today":0,"sales_last_days":0,"reserved_stock":null,"customer_returns":null,"warehouse_damage":null,"lost_in_post":null,"other_logs":null,"out_stock_days":0,"lost_sales":0,"has_location":null,"update_date":"2026-05-08T00:19:37","atum_locations":[],"atum_stock_status":"instock","restock_status":false,"low_stock_amount":"","sales_update_date":"2026-01-30T01:26:03","calc_backorders":null,"_links":{"self":[{"href":"https:\/\/aromasentia.com\/de\/wp-json\/wp\/v2\/product\/221997","targetHints":{"allow":["GET"]}}],"collection":[{"href":"https:\/\/aromasentia.com\/de\/wp-json\/wp\/v2\/product"}],"about":[{"href":"https:\/\/aromasentia.com\/de\/wp-json\/wp\/v2\/types\/product"}],"replies":[{"embeddable":true,"href":"https:\/\/aromasentia.com\/de\/wp-json\/wp\/v2\/comments?post=221997"}],"version-history":[{"count":0,"href":"https:\/\/aromasentia.com\/de\/wp-json\/wp\/v2\/product\/221997\/revisions"}],"wp:featuredmedia":[{"embeddable":true,"href":"https:\/\/aromasentia.com\/de\/wp-json\/wp\/v2\/media\/407263"}],"wp:attachment":[{"href":"https:\/\/aromasentia.com\/de\/wp-json\/wp\/v2\/media?parent=221997"}],"wp:term":[{"taxonomy":"product_brand","embeddable":true,"href":"https:\/\/aromasentia.com\/de\/wp-json\/wp\/v2\/product_brand?post=221997"},{"taxonomy":"product_cat","embeddable":true,"href":"https:\/\/aromasentia.com\/de\/wp-json\/wp\/v2\/product_cat?post=221997"},{"taxonomy":"product_tag","embeddable":true,"href":"https:\/\/aromasentia.com\/de\/wp-json\/wp\/v2\/product_tag?post=221997"}],"curies":[{"name":"wp","href":"https:\/\/api.w.org\/{rel}","templated":true}]}}