{"id":221893,"date":"2025-03-23T10:30:55","date_gmt":"2025-03-23T10:30:55","guid":{"rendered":"https:\/\/aromasentia.com\/product\/palo-santo-large-incense-sticks-peppermint\/"},"modified":"2025-12-30T19:38:29","modified_gmt":"2025-12-30T19:38:29","slug":"palo-santo-large-incense-sticks-peppermint","status":"publish","type":"product","link":"https:\/\/aromasentia.com\/de\/palo-santo-large-incense-sticks-peppermint\/","title":{"rendered":"Palo Santo Large Incense Sticks &#8211; Peppermint"},"content":{"rendered":"<p>Erleben Sie die belebende und erfrischende Mischung aus Palo Santo und Pfefferminze in diesen gro\u00dfen R\u00e4ucherst\u00e4bchen. Das heilige Holz des Palo Santo wird mit dem belebenden Aroma der Pfefferminze angereichert und sorgt f\u00fcr ein reinigendes und belebendes Erlebnis.<\/p>\n","protected":false},"excerpt":{"rendered":"<p>Erleben Sie die belebende und erfrischende Mischung aus Palo Santo und Pfefferminze in diesen gro\u00dfen R\u00e4ucherst\u00e4bchen. Das heilige Holz des Palo Santo wird mit dem belebenden Aroma der Pfefferminze angereichert und sorgt f\u00fcr ein reinigendes und belebendes Erlebnis.<\/p>\n","protected":false},"featured_media":642705,"comment_status":"closed","ping_status":"open","template":"","meta":[],"product_brand":[],"product_cat":[25841,26896,26875,26323,26336,15197,15152],"product_tag":[],"class_list":{"0":"post-221893","1":"product","2":"type-product","3":"status-publish","4":"has-post-thumbnail","6":"product_cat-dufte-aromen","7":"product_cat-holzig","8":"product_cat-minzig","9":"product_cat-palo-santo-scents-aromas","10":"product_cat-pfefferminze","11":"product_cat-raucherstabchen","12":"product_cat-raucherwerk-und-rauchergefasse","13":"pa_collection-palo-santo-large-incense-sticks-de","14":"pa_made-in-peru","16":"first","17":"instock","18":"purchasable","19":"product-type-simple"},"supplier_id":null,"supplier_sku":"MSantoI-07","barcode":null,"atum_controlled":true,"out_stock_date":null,"out_stock_threshold":null,"inheritable":false,"inbound_stock":null,"stock_on_hold":0,"sold_today":0,"sales_last_days":0,"reserved_stock":null,"customer_returns":null,"warehouse_damage":null,"lost_in_post":null,"other_logs":null,"out_stock_days":0,"lost_sales":0,"has_location":null,"update_date":"2026-01-30T01:25:59","atum_locations":[],"atum_stock_status":"instock","restock_status":false,"low_stock_amount":"","sales_update_date":"2026-01-30T01:25:59","calc_backorders":null,"_links":{"self":[{"href":"https:\/\/aromasentia.com\/de\/wp-json\/wp\/v2\/product\/221893","targetHints":{"allow":["GET"]}}],"collection":[{"href":"https:\/\/aromasentia.com\/de\/wp-json\/wp\/v2\/product"}],"about":[{"href":"https:\/\/aromasentia.com\/de\/wp-json\/wp\/v2\/types\/product"}],"replies":[{"embeddable":true,"href":"https:\/\/aromasentia.com\/de\/wp-json\/wp\/v2\/comments?post=221893"}],"version-history":[{"count":0,"href":"https:\/\/aromasentia.com\/de\/wp-json\/wp\/v2\/product\/221893\/revisions"}],"wp:featuredmedia":[{"embeddable":true,"href":"https:\/\/aromasentia.com\/de\/wp-json\/wp\/v2\/media\/642705"}],"wp:attachment":[{"href":"https:\/\/aromasentia.com\/de\/wp-json\/wp\/v2\/media?parent=221893"}],"wp:term":[{"taxonomy":"product_brand","embeddable":true,"href":"https:\/\/aromasentia.com\/de\/wp-json\/wp\/v2\/product_brand?post=221893"},{"taxonomy":"product_cat","embeddable":true,"href":"https:\/\/aromasentia.com\/de\/wp-json\/wp\/v2\/product_cat?post=221893"},{"taxonomy":"product_tag","embeddable":true,"href":"https:\/\/aromasentia.com\/de\/wp-json\/wp\/v2\/product_tag?post=221893"}],"curies":[{"name":"wp","href":"https:\/\/api.w.org\/{rel}","templated":true}]}}