{"id":221849,"date":"2025-03-23T10:30:55","date_gmt":"2025-03-23T10:30:55","guid":{"rendered":"https:\/\/aromasentia.com\/product\/palo-santo-large-incense-sticks-rosemary\/"},"modified":"2025-12-30T19:38:21","modified_gmt":"2025-12-30T19:38:21","slug":"palo-santo-large-incense-sticks-rosemary","status":"publish","type":"product","link":"https:\/\/aromasentia.com\/de\/palo-santo-large-incense-sticks-rosemary\/","title":{"rendered":"Palo Santo Large Incense Sticks &#8211; Rosemary"},"content":{"rendered":"<p>Diese <strong>Aroma Sentia-ing Artisan Palo Santo gro\u00dfe R\u00e4ucherst\u00e4bchen \u2013 Rosmarin<\/strong> sind wundersch\u00f6n verpackt in einem Kraftumschlag, der die Aufmerksamkeit Ihrer Kunden auf sich zieht. Palo Santo bedeutet w\u00f6rtlich \u201eheiliges Holz\u201c. Erg\u00e4nzen Sie Ihr Sortiment, bestellen Sie jetzt und reinigen Sie Ihr Zuhause mit dem Rauch dieses R\u00e4ucherwerks.<\/p>\n<p><strong><span style=\"color: rgb(184, 49, 47);\">* 1 Packung enth\u00e4lt 4 R\u00e4ucherst\u00e4bchen *<\/span><\/strong><\/p>\n<p><span style=\"color: rgb(0, 0, 0);\"><strong>Bestellen Sie jetzt und bringen Sie heiliges Holz zu Ihren Kunden nach Hause.<\/strong><\/span><\/p>\n","protected":false},"excerpt":{"rendered":"<p>Diese Aroma Sentia-ing Artisan Palo Santo gro\u00dfe R\u00e4ucherst\u00e4bchen \u2013 Rosmarin sind wundersch\u00f6n verpackt in einem Kraftumschlag, der die Aufmerksamkeit Ihrer Kunden auf sich zieht. Palo Santo bedeutet w\u00f6rtlich \u201eheiliges Holz\u201c. Erg\u00e4nzen Sie Ihr Sortiment, bestellen Sie jetzt und reinigen Sie Ihr Zuhause mit dem Rauch dieses R\u00e4ucherwerks. * 1 Packung enth\u00e4lt 4 R\u00e4ucherst\u00e4bchen * Bestellen [&hellip;]<\/p>\n","protected":false},"featured_media":406282,"comment_status":"closed","ping_status":"open","template":"","meta":[],"product_brand":[],"product_cat":[25841,26896,26861,26323,15197,15152,26374],"product_tag":[],"class_list":{"0":"post-221849","1":"product","2":"type-product","3":"status-publish","4":"has-post-thumbnail","6":"product_cat-dufte-aromen","7":"product_cat-holzig","8":"product_cat-krauter-aromatisch","9":"product_cat-palo-santo-scents-aromas","10":"product_cat-raucherstabchen","11":"product_cat-raucherwerk-und-rauchergefasse","12":"product_cat-rosmarin","13":"pa_collection-palo-santo-large-incense-sticks-de","14":"pa_made-in-peru","16":"first","17":"instock","18":"purchasable","19":"product-type-simple"},"supplier_id":null,"supplier_sku":"MSantoI-17","barcode":null,"atum_controlled":true,"out_stock_date":null,"out_stock_threshold":null,"inheritable":false,"inbound_stock":null,"stock_on_hold":0,"sold_today":0,"sales_last_days":0,"reserved_stock":null,"customer_returns":null,"warehouse_damage":null,"lost_in_post":null,"other_logs":null,"out_stock_days":0,"lost_sales":0,"has_location":null,"update_date":"2026-01-30T01:25:37","atum_locations":[],"atum_stock_status":"instock","restock_status":false,"low_stock_amount":"","sales_update_date":"2026-01-30T01:25:37","calc_backorders":null,"_links":{"self":[{"href":"https:\/\/aromasentia.com\/de\/wp-json\/wp\/v2\/product\/221849","targetHints":{"allow":["GET"]}}],"collection":[{"href":"https:\/\/aromasentia.com\/de\/wp-json\/wp\/v2\/product"}],"about":[{"href":"https:\/\/aromasentia.com\/de\/wp-json\/wp\/v2\/types\/product"}],"replies":[{"embeddable":true,"href":"https:\/\/aromasentia.com\/de\/wp-json\/wp\/v2\/comments?post=221849"}],"version-history":[{"count":0,"href":"https:\/\/aromasentia.com\/de\/wp-json\/wp\/v2\/product\/221849\/revisions"}],"wp:featuredmedia":[{"embeddable":true,"href":"https:\/\/aromasentia.com\/de\/wp-json\/wp\/v2\/media\/406282"}],"wp:attachment":[{"href":"https:\/\/aromasentia.com\/de\/wp-json\/wp\/v2\/media?parent=221849"}],"wp:term":[{"taxonomy":"product_brand","embeddable":true,"href":"https:\/\/aromasentia.com\/de\/wp-json\/wp\/v2\/product_brand?post=221849"},{"taxonomy":"product_cat","embeddable":true,"href":"https:\/\/aromasentia.com\/de\/wp-json\/wp\/v2\/product_cat?post=221849"},{"taxonomy":"product_tag","embeddable":true,"href":"https:\/\/aromasentia.com\/de\/wp-json\/wp\/v2\/product_tag?post=221849"}],"curies":[{"name":"wp","href":"https:\/\/api.w.org\/{rel}","templated":true}]}}