{"id":221833,"date":"2025-03-23T10:31:03","date_gmt":"2025-03-23T10:31:03","guid":{"rendered":"https:\/\/aromasentia.com\/product\/box-of-12-resin-cups-three-kings\/"},"modified":"2025-12-30T19:38:21","modified_gmt":"2025-12-30T19:38:21","slug":"12er-packung-harztoepfchen-drei-koenige","status":"publish","type":"product","link":"https:\/\/aromasentia.com\/de\/12er-packung-harztoepfchen-drei-koenige\/","title":{"rendered":"12er-Packung Harzt\u00f6pfchen &#8211; Drei K\u00f6nige"},"content":{"rendered":"<p><span style=\"color: rgb(75, 80, 88);\">Verleihen Sie Ihrem Zuhause einen Duft mit diesen <strong>Harzbechern<\/strong><\/span><\/p>\n<p><span style=\"color: rgb(75, 80, 88);\">Eine der \u00e4ltesten R\u00e4ucherarten und in genau derselben Form, wie sie von den Heiligen Drei K\u00f6nigen vor zweitausend Jahren verwendet wurde. <strong>Ihre Kunden k\u00f6nnen die alte Duftgeschichte buchst\u00e4blich in ihren eigenen vier W\u00e4nden nacherleben.&nbsp;<\/strong>&nbsp;<\/span><\/p>\n<p>Nicht nur das, sie riechen auch fantastisch, der rauchig-aromatische Duft ist wunderbar anregend und beruhigend. Sie werden in einer verkaufsfertigen Schachtel mit 12 St\u00fcck geliefert. Die h\u00fcbsche Verpackung hebt sie hervor und eignet sich ideal als Geschenkset.<\/p>\n<p><span style=\"color: rgb(75, 80, 88);\"><strong>Anwendung:<\/strong> Z\u00fcnden Sie den Rand eines R\u00e4uchergef\u00e4\u00dfes an, lassen Sie die Flamme aufflammen und blasen Sie die Flamme vorsichtig aus. Stellen Sie es auf einen Gef\u00e4\u00dfhalter.<\/span><\/p>\n<p><span style=\"color: rgb(141, 186, 216);\"><strong>Bestellen Sie noch heute und erhalten Sie diese wunderbar duftenden Harzgef\u00e4\u00dfe in Ihrem E-Shop.<\/strong><\/span><\/p>\n<p>Bitte beachten: Nicht f\u00fcr Kinder geeignet.<\/p>\n","protected":false},"excerpt":{"rendered":"<p>Verleihen Sie Ihrem Zuhause einen Duft mit diesen Harzbechern Eine der \u00e4ltesten R\u00e4ucherarten und in genau derselben Form, wie sie von den Heiligen Drei K\u00f6nigen vor zweitausend Jahren verwendet wurde. Ihre Kunden k\u00f6nnen die alte Duftgeschichte buchst\u00e4blich in ihren eigenen vier W\u00e4nden nacherleben.&nbsp;&nbsp; Nicht nur das, sie riechen auch fantastisch, der rauchig-aromatische Duft ist wunderbar [&hellip;]<\/p>\n","protected":false},"featured_media":408310,"comment_status":"closed","ping_status":"open","template":"","meta":{"_angie_page":false},"product_brand":[],"product_cat":[15231,15152],"product_tag":[],"class_list":{"0":"post-221833","1":"product","2":"type-product","3":"status-publish","4":"has-post-thumbnail","6":"product_cat-raucherharze","7":"product_cat-raucherwerk-und-rauchergefasse","8":"pa_collection-resin-cups-de","9":"pa_made-in-indien","11":"first","12":"instock","13":"purchasable","14":"product-type-simple"},"supplier_id":null,"supplier_sku":"Rcup-02","barcode":null,"atum_controlled":true,"out_stock_date":null,"out_stock_threshold":null,"inheritable":false,"inbound_stock":null,"stock_on_hold":0,"sold_today":0,"sales_last_days":0,"reserved_stock":null,"customer_returns":null,"warehouse_damage":null,"lost_in_post":null,"other_logs":null,"out_stock_days":0,"lost_sales":0,"has_location":null,"update_date":"2026-05-04T00:04:58","atum_locations":[],"atum_stock_status":"instock","restock_status":false,"low_stock_amount":"","sales_update_date":"2026-01-30T01:24:39","calc_backorders":null,"_links":{"self":[{"href":"https:\/\/aromasentia.com\/de\/wp-json\/wp\/v2\/product\/221833","targetHints":{"allow":["GET"]}}],"collection":[{"href":"https:\/\/aromasentia.com\/de\/wp-json\/wp\/v2\/product"}],"about":[{"href":"https:\/\/aromasentia.com\/de\/wp-json\/wp\/v2\/types\/product"}],"replies":[{"embeddable":true,"href":"https:\/\/aromasentia.com\/de\/wp-json\/wp\/v2\/comments?post=221833"}],"version-history":[{"count":0,"href":"https:\/\/aromasentia.com\/de\/wp-json\/wp\/v2\/product\/221833\/revisions"}],"wp:featuredmedia":[{"embeddable":true,"href":"https:\/\/aromasentia.com\/de\/wp-json\/wp\/v2\/media\/408310"}],"wp:attachment":[{"href":"https:\/\/aromasentia.com\/de\/wp-json\/wp\/v2\/media?parent=221833"}],"wp:term":[{"taxonomy":"product_brand","embeddable":true,"href":"https:\/\/aromasentia.com\/de\/wp-json\/wp\/v2\/product_brand?post=221833"},{"taxonomy":"product_cat","embeddable":true,"href":"https:\/\/aromasentia.com\/de\/wp-json\/wp\/v2\/product_cat?post=221833"},{"taxonomy":"product_tag","embeddable":true,"href":"https:\/\/aromasentia.com\/de\/wp-json\/wp\/v2\/product_tag?post=221833"}],"curies":[{"name":"wp","href":"https:\/\/api.w.org\/{rel}","templated":true}]}}