{"id":221717,"date":"2025-03-23T10:31:03","date_gmt":"2025-03-23T10:31:03","guid":{"rendered":"https:\/\/aromasentia.com\/product\/7-chakra-tower-buddha-incense-holder-16x6x7cm\/"},"modified":"2025-12-30T19:37:57","modified_gmt":"2025-12-30T19:37:57","slug":"7-chakra-turm-buddha-raeucherstaebchenhalter-16x6x7cm","status":"publish","type":"product","link":"https:\/\/aromasentia.com\/de\/7-chakra-turm-buddha-raeucherstaebchenhalter-16x6x7cm\/","title":{"rendered":"7 Chakra-Turm Buddha R\u00e4ucherst\u00e4bchenhalter 16x6x7cm"},"content":{"rendered":"<p><span style=\"color: rgb(75, 80, 88);\">Der Buddha Tower R\u00e4ucherst\u00e4bchenhalter misst 16 x 6 x 7 cm und ist f\u00fcr Standard-R\u00e4ucherst\u00e4bchen geeignet. Er vereint Funktionalit\u00e4t mit \u00c4sthetik.<\/span><\/p>\n<p><span style=\"color: rgb(75, 80, 88);\">Mit seinem atemberaubenden Buddha-Turm-Design, verziert mit lebendigen Darstellungen der sieben Chakren, verk\u00f6rpert dieses St\u00fcck Ausgeglichenheit, Achtsamkeit und spirituelle Erleuchtung. Seine turmartige Struktur setzt ein markantes und optisch ansprechendes Element und macht ihn zum perfekten Mittelpunkt f\u00fcr Meditationsr\u00e4ume, Yogastudios oder spirituelle R\u00fcckzugsorte.<\/span><\/p>\n","protected":false},"excerpt":{"rendered":"<p>Der Buddha Tower R\u00e4ucherst\u00e4bchenhalter misst 16 x 6 x 7 cm und ist f\u00fcr Standard-R\u00e4ucherst\u00e4bchen geeignet. Er vereint Funktionalit\u00e4t mit \u00c4sthetik. Mit seinem atemberaubenden Buddha-Turm-Design, verziert mit lebendigen Darstellungen der sieben Chakren, verk\u00f6rpert dieses St\u00fcck Ausgeglichenheit, Achtsamkeit und spirituelle Erleuchtung. Seine turmartige Struktur setzt ein markantes und optisch ansprechendes Element und macht ihn zum perfekten [&hellip;]<\/p>\n","protected":false},"featured_media":407777,"comment_status":"closed","ping_status":"open","template":"","meta":[],"product_brand":[],"product_cat":[15153,15167,15152],"product_tag":[],"class_list":{"0":"post-221717","1":"product","2":"type-product","3":"status-publish","4":"has-post-thumbnail","6":"product_cat-rauchergefasse-und-raucherstabchenhalter","7":"product_cat-raucherkegelhalter","8":"product_cat-raucherwerk-und-rauchergefasse","9":"pa_collection-polished-aluminium-incense-holders-de","10":"pa_made-in-indien","12":"first","13":"instock","14":"purchasable","15":"product-type-simple"},"supplier_id":null,"supplier_sku":"PAIH-25","barcode":null,"atum_controlled":true,"out_stock_date":null,"out_stock_threshold":null,"inheritable":false,"inbound_stock":null,"stock_on_hold":0,"sold_today":0,"sales_last_days":0,"reserved_stock":null,"customer_returns":null,"warehouse_damage":null,"lost_in_post":null,"other_logs":null,"out_stock_days":0,"lost_sales":0,"has_location":null,"update_date":"2026-02-11T09:32:40","atum_locations":[],"atum_stock_status":"instock","restock_status":false,"low_stock_amount":"","sales_update_date":"2025-09-03T00:18:48","calc_backorders":null,"_links":{"self":[{"href":"https:\/\/aromasentia.com\/de\/wp-json\/wp\/v2\/product\/221717","targetHints":{"allow":["GET"]}}],"collection":[{"href":"https:\/\/aromasentia.com\/de\/wp-json\/wp\/v2\/product"}],"about":[{"href":"https:\/\/aromasentia.com\/de\/wp-json\/wp\/v2\/types\/product"}],"replies":[{"embeddable":true,"href":"https:\/\/aromasentia.com\/de\/wp-json\/wp\/v2\/comments?post=221717"}],"version-history":[{"count":0,"href":"https:\/\/aromasentia.com\/de\/wp-json\/wp\/v2\/product\/221717\/revisions"}],"wp:featuredmedia":[{"embeddable":true,"href":"https:\/\/aromasentia.com\/de\/wp-json\/wp\/v2\/media\/407777"}],"wp:attachment":[{"href":"https:\/\/aromasentia.com\/de\/wp-json\/wp\/v2\/media?parent=221717"}],"wp:term":[{"taxonomy":"product_brand","embeddable":true,"href":"https:\/\/aromasentia.com\/de\/wp-json\/wp\/v2\/product_brand?post=221717"},{"taxonomy":"product_cat","embeddable":true,"href":"https:\/\/aromasentia.com\/de\/wp-json\/wp\/v2\/product_cat?post=221717"},{"taxonomy":"product_tag","embeddable":true,"href":"https:\/\/aromasentia.com\/de\/wp-json\/wp\/v2\/product_tag?post=221717"}],"curies":[{"name":"wp","href":"https:\/\/api.w.org\/{rel}","templated":true}]}}