{"id":221697,"date":"2025-03-23T10:31:03","date_gmt":"2025-03-23T10:31:03","guid":{"rendered":"https:\/\/aromasentia.com\/product\/seven-chakra-moon-incense-holder-11-5cm\/"},"modified":"2025-12-30T19:37:49","modified_gmt":"2025-12-30T19:37:49","slug":"raeucherstaebchenhalter-sieben-chakra-mond-115-cm","status":"publish","type":"product","link":"https:\/\/aromasentia.com\/de\/raeucherstaebchenhalter-sieben-chakra-mond-115-cm\/","title":{"rendered":"R\u00e4ucherst\u00e4bchenhalter  &#8222;Sieben Chakra-Mond&#8220;, 11,5 cm"},"content":{"rendered":"<p><span style=\"color: rgb(75, 80, 88);\">Der 11,5 cm gro\u00dfe Mondchakra-R\u00e4ucherst\u00e4bchenhalter ist fachm\u00e4nnisch gefertigt und bietet Platz f\u00fcr Standard-R\u00e4ucherst\u00e4bchen. Er ist ein Muss f\u00fcr jeden Meditations- oder Entspannungsbereich.<\/span><\/p>\n<p><span style=\"color: rgb(75, 80, 88);\">Mit seinem atemberaubenden Monddesign, akzentuiert durch die leuchtenden Farben der sieben Chakren, dient dieser Halter sowohl einem praktischen Zweck als auch als faszinierendes Dekorationsst\u00fcck. Jedes Chakra symbolisiert Energiefluss und spirituelles Wohlbefinden und ist daher die perfekte Wahl f\u00fcr alle, die ihre Achtsamkeitspraktiken vertiefen m\u00f6chten.<\/span><\/p>\n","protected":false},"excerpt":{"rendered":"<p>Der 11,5 cm gro\u00dfe Mondchakra-R\u00e4ucherst\u00e4bchenhalter ist fachm\u00e4nnisch gefertigt und bietet Platz f\u00fcr Standard-R\u00e4ucherst\u00e4bchen. Er ist ein Muss f\u00fcr jeden Meditations- oder Entspannungsbereich. Mit seinem atemberaubenden Monddesign, akzentuiert durch die leuchtenden Farben der sieben Chakren, dient dieser Halter sowohl einem praktischen Zweck als auch als faszinierendes Dekorationsst\u00fcck. Jedes Chakra symbolisiert Energiefluss und spirituelles Wohlbefinden und ist [&hellip;]<\/p>\n","protected":false},"featured_media":407556,"comment_status":"closed","ping_status":"open","template":"","meta":{"_angie_page":false},"product_brand":[],"product_cat":[15153,15167,15152],"product_tag":[],"class_list":{"0":"post-221697","1":"product","2":"type-product","3":"status-publish","4":"has-post-thumbnail","6":"product_cat-rauchergefasse-und-raucherstabchenhalter","7":"product_cat-raucherkegelhalter","8":"product_cat-raucherwerk-und-rauchergefasse","9":"pa_collection-polished-aluminium-incense-holders-de","10":"pa_made-in-indien","12":"first","13":"outofstock","14":"purchasable","15":"product-type-simple"},"supplier_id":null,"supplier_sku":"PAIH-17","barcode":null,"atum_controlled":true,"out_stock_date":"2025-09-05 13:31:18","out_stock_threshold":null,"inheritable":false,"inbound_stock":null,"stock_on_hold":0,"sold_today":0,"sales_last_days":0,"reserved_stock":null,"customer_returns":null,"warehouse_damage":null,"lost_in_post":null,"other_logs":null,"out_stock_days":0,"lost_sales":0,"has_location":null,"update_date":"2026-04-27T07:17:28","atum_locations":[],"atum_stock_status":"outofstock","restock_status":false,"low_stock_amount":"","sales_update_date":"2025-09-03T00:18:47","calc_backorders":null,"_links":{"self":[{"href":"https:\/\/aromasentia.com\/de\/wp-json\/wp\/v2\/product\/221697","targetHints":{"allow":["GET"]}}],"collection":[{"href":"https:\/\/aromasentia.com\/de\/wp-json\/wp\/v2\/product"}],"about":[{"href":"https:\/\/aromasentia.com\/de\/wp-json\/wp\/v2\/types\/product"}],"replies":[{"embeddable":true,"href":"https:\/\/aromasentia.com\/de\/wp-json\/wp\/v2\/comments?post=221697"}],"version-history":[{"count":0,"href":"https:\/\/aromasentia.com\/de\/wp-json\/wp\/v2\/product\/221697\/revisions"}],"wp:featuredmedia":[{"embeddable":true,"href":"https:\/\/aromasentia.com\/de\/wp-json\/wp\/v2\/media\/407556"}],"wp:attachment":[{"href":"https:\/\/aromasentia.com\/de\/wp-json\/wp\/v2\/media?parent=221697"}],"wp:term":[{"taxonomy":"product_brand","embeddable":true,"href":"https:\/\/aromasentia.com\/de\/wp-json\/wp\/v2\/product_brand?post=221697"},{"taxonomy":"product_cat","embeddable":true,"href":"https:\/\/aromasentia.com\/de\/wp-json\/wp\/v2\/product_cat?post=221697"},{"taxonomy":"product_tag","embeddable":true,"href":"https:\/\/aromasentia.com\/de\/wp-json\/wp\/v2\/product_tag?post=221697"}],"curies":[{"name":"wp","href":"https:\/\/api.w.org\/{rel}","templated":true}]}}