{"id":221617,"date":"2025-03-23T10:31:10","date_gmt":"2025-03-23T10:31:10","guid":{"rendered":"https:\/\/aromasentia.com\/product\/buddah-fengshui-incense-cream\/"},"modified":"2025-12-30T19:37:31","modified_gmt":"2025-12-30T19:37:31","slug":"buddha-feng-shui-raeucherstaebchen-creme","status":"publish","type":"product","link":"https:\/\/aromasentia.com\/de\/buddha-feng-shui-raeucherstaebchen-creme\/","title":{"rendered":"Buddha Feng Shui R\u00e4ucherst\u00e4bchen (Creme)"},"content":{"rendered":"<p><span style=\"color: rgb(75, 80, 88);\">Schauen Sie sich diesen einzigartigen und wundersch\u00f6nen <strong>Buddha Fengshui R\u00e4ucherst\u00e4bchenhalter (Steine nicht enthalten)<\/strong> an, gefertigt von indonesischen Kunsthandwerkern.<\/span><\/p>\n<p><span style=\"color: rgb(75, 80, 88);\">Kombinieren Sie ihn mit Ihren Lieblings-R\u00e4ucherst\u00e4bchen und verkaufen Sie ihn als sch\u00f6nes Geschenk. Z\u00fcnden Sie einfach die Spitze Ihres R\u00e4ucherst\u00e4bchens an und warten Sie, bis es gl\u00fcht. Pusten Sie dann die Flamme aus und stellen Sie ihn in einen R\u00e4ucherst\u00e4bchenhalter, um einen herrlichen Duft im ganzen Haus Ihres Kunden zu verbreiten. &nbsp;&nbsp;<\/span><\/p>\n<p><span style=\"color: rgb(75, 80, 88);\">Ein Muss f\u00fcr jeden Geschenkeladen, der R\u00e4ucherst\u00e4bchen verkauft. Es verleiht Ihrem Gesch\u00e4ft Eleganz und Rentabilit\u00e4t.&nbsp;<\/span><\/p>\n<p><span style=\"color: rgb(75, 80, 88);\">Entdecken Sie innere Ruhe mit dem <strong>Buddha Fengshui R\u00e4ucherst\u00e4bchenhalter<\/strong>. Dieses Design f\u00e4ngt das heitere Antlitz Buddhas ein, sorgf\u00e4ltig mit komplizierten Details geschnitzt. Mit anmutig in meditativer Haltung platzierten H\u00e4nden strahlt der Buddha ein Gef\u00fchl der Ruhe und Erleuchtung aus. Die Pr\u00e4senz dieses R\u00e4ucherst\u00e4bchenhalters bringt Frieden und Harmonie in Ihren heiligen Raum und schafft eine ideale Umgebung f\u00fcr Meditation und Besinnung.<\/span><\/p>\n<p><span style=\"color: rgb(75, 80, 88);\"><strong>Bestellen Sie jetzt und erzielen Sie ein paar zus\u00e4tzliche Verk\u00e4ufe.<\/strong><\/span><\/p>\n","protected":false},"excerpt":{"rendered":"<p>Schauen Sie sich diesen einzigartigen und wundersch\u00f6nen Buddha Fengshui R\u00e4ucherst\u00e4bchenhalter (Steine nicht enthalten) an, gefertigt von indonesischen Kunsthandwerkern. Kombinieren Sie ihn mit Ihren Lieblings-R\u00e4ucherst\u00e4bchen und verkaufen Sie ihn als sch\u00f6nes Geschenk. Z\u00fcnden Sie einfach die Spitze Ihres R\u00e4ucherst\u00e4bchens an und warten Sie, bis es gl\u00fcht. Pusten Sie dann die Flamme aus und stellen Sie ihn [&hellip;]<\/p>\n","protected":false},"featured_media":409633,"comment_status":"closed","ping_status":"open","template":"","meta":{"_angie_page":false},"product_brand":[],"product_cat":[15153,15152],"product_tag":[],"class_list":{"0":"post-221617","1":"product","2":"type-product","3":"status-publish","4":"has-post-thumbnail","6":"product_cat-rauchergefasse-und-raucherstabchenhalter","7":"product_cat-raucherwerk-und-rauchergefasse","8":"pa_collection-stone-incense-burners-de","9":"pa_made-in-indonesien","11":"first","12":"instock","13":"purchasable","14":"product-type-simple"},"supplier_id":null,"supplier_sku":"SCV-07","barcode":null,"atum_controlled":true,"out_stock_date":null,"out_stock_threshold":null,"inheritable":false,"inbound_stock":null,"stock_on_hold":0,"sold_today":0,"sales_last_days":0,"reserved_stock":null,"customer_returns":null,"warehouse_damage":null,"lost_in_post":null,"other_logs":null,"out_stock_days":0,"lost_sales":0,"has_location":null,"update_date":"2026-04-27T07:20:42","atum_locations":[],"atum_stock_status":"instock","restock_status":false,"low_stock_amount":"","sales_update_date":"2026-01-20T05:13:53","calc_backorders":null,"_links":{"self":[{"href":"https:\/\/aromasentia.com\/de\/wp-json\/wp\/v2\/product\/221617","targetHints":{"allow":["GET"]}}],"collection":[{"href":"https:\/\/aromasentia.com\/de\/wp-json\/wp\/v2\/product"}],"about":[{"href":"https:\/\/aromasentia.com\/de\/wp-json\/wp\/v2\/types\/product"}],"replies":[{"embeddable":true,"href":"https:\/\/aromasentia.com\/de\/wp-json\/wp\/v2\/comments?post=221617"}],"version-history":[{"count":0,"href":"https:\/\/aromasentia.com\/de\/wp-json\/wp\/v2\/product\/221617\/revisions"}],"wp:featuredmedia":[{"embeddable":true,"href":"https:\/\/aromasentia.com\/de\/wp-json\/wp\/v2\/media\/409633"}],"wp:attachment":[{"href":"https:\/\/aromasentia.com\/de\/wp-json\/wp\/v2\/media?parent=221617"}],"wp:term":[{"taxonomy":"product_brand","embeddable":true,"href":"https:\/\/aromasentia.com\/de\/wp-json\/wp\/v2\/product_brand?post=221617"},{"taxonomy":"product_cat","embeddable":true,"href":"https:\/\/aromasentia.com\/de\/wp-json\/wp\/v2\/product_cat?post=221617"},{"taxonomy":"product_tag","embeddable":true,"href":"https:\/\/aromasentia.com\/de\/wp-json\/wp\/v2\/product_tag?post=221617"}],"curies":[{"name":"wp","href":"https:\/\/api.w.org\/{rel}","templated":true}]}}