{"id":221545,"date":"2025-03-23T10:31:10","date_gmt":"2025-03-23T10:31:10","guid":{"rendered":"https:\/\/aromasentia.com\/product\/pure-herbs-incense-rope-sandalwood-spice\/"},"modified":"2025-12-30T19:37:23","modified_gmt":"2025-12-30T19:37:23","slug":"raeucherseil-sandelholz-gewuerze","status":"publish","type":"product","link":"https:\/\/aromasentia.com\/de\/raeucherseil-sandelholz-gewuerze\/","title":{"rendered":"R\u00e4ucherseil &#8218;Sandelholz &#038; Gew\u00fcrze&#8216;"},"content":{"rendered":"<p>Das Pure Herbs Sandalwood &#038; Spice Rope Incense besteht aus Kr\u00e4utern, die aus wei\u00dfem und rotem Sandelholz, Saldup, Narde, Zimt und Nelken aus dem Hochgebirge des Himalaya gewonnen werden. Sehr aromatisch, handgefertigt aus nat\u00fcrlichen Zutaten.<\/p>\n<p>Hergestellt aus rein nat\u00fcrlichen Zutaten, ohne Holzst\u00e4bchen, Klebstoffe oder Farbstoffe, wird das Aroma dieser Kr\u00e4uter-R\u00e4ucherschn\u00fcre als k\u00fchlend und erfrischend beschrieben. Seit Jahrhunderten verwendet, um Stress, Depressionen und Anspannung abzubauen. Im Buddhismus f\u00f6rdert R\u00e4uchern positive Gedanken und Handlungen.<\/p>\n<p>Das B\u00fcndel enth\u00e4lt 50 R\u00e4ucherschn\u00fcre mit einer L\u00e4nge von jeweils 11 cm. Die Brenndauer einer Schnur betr\u00e4gt ca. 15 Minuten.<\/p>\n","protected":false},"excerpt":{"rendered":"<p>Das Pure Herbs Sandalwood &#038; Spice Rope Incense besteht aus Kr\u00e4utern, die aus wei\u00dfem und rotem Sandelholz, Saldup, Narde, Zimt und Nelken aus dem Hochgebirge des Himalaya gewonnen werden. Sehr aromatisch, handgefertigt aus nat\u00fcrlichen Zutaten. Hergestellt aus rein nat\u00fcrlichen Zutaten, ohne Holzst\u00e4bchen, Klebstoffe oder Farbstoffe, wird das Aroma dieser Kr\u00e4uter-R\u00e4ucherschn\u00fcre als k\u00fchlend und erfrischend beschrieben. [&hellip;]<\/p>\n","protected":false},"featured_media":409079,"comment_status":"closed","ping_status":"open","template":"","meta":{"_angie_page":false},"product_brand":[],"product_cat":[25841,26896,15152,26387],"product_tag":[],"class_list":{"0":"post-221545","1":"product","2":"type-product","3":"status-publish","4":"has-post-thumbnail","6":"product_cat-dufte-aromen","7":"product_cat-holzig","8":"product_cat-raucherwerk-und-rauchergefasse","9":"product_cat-sandelholz","10":"pa_collection-pure-herbs-incense-ropes-de","11":"pa_made-in-nepal","13":"first","14":"instock","15":"purchasable","16":"product-type-simple"},"supplier_id":null,"supplier_sku":"RopeI-03","barcode":null,"atum_controlled":true,"out_stock_date":null,"out_stock_threshold":null,"inheritable":false,"inbound_stock":null,"stock_on_hold":0,"sold_today":0,"sales_last_days":0,"reserved_stock":null,"customer_returns":null,"warehouse_damage":null,"lost_in_post":null,"other_logs":null,"out_stock_days":0,"lost_sales":0,"has_location":null,"update_date":"2026-04-27T07:19:47","atum_locations":[],"atum_stock_status":"instock","restock_status":false,"low_stock_amount":"","sales_update_date":"2025-09-03T00:18:40","calc_backorders":null,"_links":{"self":[{"href":"https:\/\/aromasentia.com\/de\/wp-json\/wp\/v2\/product\/221545","targetHints":{"allow":["GET"]}}],"collection":[{"href":"https:\/\/aromasentia.com\/de\/wp-json\/wp\/v2\/product"}],"about":[{"href":"https:\/\/aromasentia.com\/de\/wp-json\/wp\/v2\/types\/product"}],"replies":[{"embeddable":true,"href":"https:\/\/aromasentia.com\/de\/wp-json\/wp\/v2\/comments?post=221545"}],"version-history":[{"count":0,"href":"https:\/\/aromasentia.com\/de\/wp-json\/wp\/v2\/product\/221545\/revisions"}],"wp:featuredmedia":[{"embeddable":true,"href":"https:\/\/aromasentia.com\/de\/wp-json\/wp\/v2\/media\/409079"}],"wp:attachment":[{"href":"https:\/\/aromasentia.com\/de\/wp-json\/wp\/v2\/media?parent=221545"}],"wp:term":[{"taxonomy":"product_brand","embeddable":true,"href":"https:\/\/aromasentia.com\/de\/wp-json\/wp\/v2\/product_brand?post=221545"},{"taxonomy":"product_cat","embeddable":true,"href":"https:\/\/aromasentia.com\/de\/wp-json\/wp\/v2\/product_cat?post=221545"},{"taxonomy":"product_tag","embeddable":true,"href":"https:\/\/aromasentia.com\/de\/wp-json\/wp\/v2\/product_tag?post=221545"}],"curies":[{"name":"wp","href":"https:\/\/api.w.org\/{rel}","templated":true}]}}