{"id":221505,"date":"2025-03-23T10:31:10","date_gmt":"2025-03-23T10:31:10","guid":{"rendered":"https:\/\/aromasentia.com\/product\/ritual-resin-on-stick-copal\/"},"modified":"2025-12-30T19:37:15","modified_gmt":"2025-12-30T19:37:15","slug":"ritualharz-auf-staebchen-copal","status":"publish","type":"product","link":"https:\/\/aromasentia.com\/de\/ritualharz-auf-staebchen-copal\/","title":{"rendered":"Ritualharz auf St\u00e4bchen \u2013 Copal"},"content":{"rendered":"<p><span style=\"color: rgb(75, 80, 88);\"><strong>E<\/strong><strong>pr\u00e4sentieren wir eine erlesene Kollektion von Ritualharzen am Stiel<\/strong>, handgefertigt im Herzen Indiens. Tauchen Sie ein in die reiche Tradition indischer Spiritualit\u00e4t und bereichern Sie Ihre spirituellen Praktiken mit diesen hochwertigen Harzen.<\/span><\/p>\n<p><span style=\"color: rgb(75, 80, 88);\"><strong>Das Produkt ist in einer kompakten und nat\u00fcrlichen \u00d6ko-Box erh\u00e4ltlich, die 8 R\u00e4ucherst\u00e4bchen enth\u00e4lt.<\/strong><\/span><\/p>\n<p><span style=\"color: rgb(75, 80, 88);\"><strong>Tauchen Sie ein in die alten Traditionen Mittelamerikas mit unseren kopalhaltigen Ritualharzen am Stiel<\/strong>. Kopalharz wird f\u00fcr seine reinigenden und sch\u00fctzenden Eigenschaften gesch\u00e4tzt. Z\u00fcnden Sie diesen Stab an, um eine heilige Atmosph\u00e4re f\u00fcr Rituale und Meditation zu schaffen und die Essenz alter Zivilisationen heraufzubeschw\u00f6ren.<\/span><\/p>\n<p><strong><span style=\"color: rgb(75, 80, 88);\">Brenndauer:&nbsp;<\/span><\/strong><span style=\"color: rgb(75, 80, 88);\">50 &#8211; 60 Minuten pro Stab<\/span><\/p>\n<p><span style=\"color: rgb(75, 80, 88);\"><strong>Herkunft:<\/strong> Hergestellt in Indien<\/span><\/p>\n<p><span style=\"color: rgb(75, 80, 88);\"><strong>Ma\u00dfe:<\/strong> Ein Stab ist ca. 20 cm lang<\/span><\/p>\n<p><span style=\"color: rgb(75, 80, 88);\"><em>Nat\u00fcrlich | Handgefertigt | \u00d6ko-Produkt | Ethisch gewonnen | Nicht an Tieren getestet | Nachhaltige Verpackung<\/em><\/span><\/p>\n<p><span style=\"color: rgb(75, 80, 88);\"><strong>Pflegehinweise:<\/strong> Trocken und bei Raumtemperatur lagern. Vor Feuchtigkeit sch\u00fctzen.<\/span><\/p>\n","protected":false},"excerpt":{"rendered":"<p>Epr\u00e4sentieren wir eine erlesene Kollektion von Ritualharzen am Stiel, handgefertigt im Herzen Indiens. Tauchen Sie ein in die reiche Tradition indischer Spiritualit\u00e4t und bereichern Sie Ihre spirituellen Praktiken mit diesen hochwertigen Harzen. Das Produkt ist in einer kompakten und nat\u00fcrlichen \u00d6ko-Box erh\u00e4ltlich, die 8 R\u00e4ucherst\u00e4bchen enth\u00e4lt. Tauchen Sie ein in die alten Traditionen Mittelamerikas mit [&hellip;]<\/p>\n","protected":false},"featured_media":408797,"comment_status":"closed","ping_status":"open","template":"","meta":{"_angie_page":false},"product_brand":[27104],"product_cat":[15231,15152],"product_tag":[],"class_list":{"0":"post-221505","1":"product","2":"type-product","3":"status-publish","4":"has-post-thumbnail","6":"product_brand-banjara","7":"product_cat-raucherharze","8":"product_cat-raucherwerk-und-rauchergefasse","9":"pa_collection-ritual-resins-on-stick-de","10":"pa_made-in-indien","12":"first","13":"instock","14":"purchasable","15":"product-type-simple"},"supplier_id":null,"supplier_sku":"RitRinc-07","barcode":null,"atum_controlled":true,"out_stock_date":null,"out_stock_threshold":null,"inheritable":false,"inbound_stock":null,"stock_on_hold":0,"sold_today":0,"sales_last_days":0,"reserved_stock":null,"customer_returns":null,"warehouse_damage":null,"lost_in_post":null,"other_logs":null,"out_stock_days":0,"lost_sales":0,"has_location":null,"update_date":"2026-04-28T06:42:57","atum_locations":[],"atum_stock_status":"instock","restock_status":false,"low_stock_amount":"","sales_update_date":"2026-02-06T00:02:30","calc_backorders":null,"_links":{"self":[{"href":"https:\/\/aromasentia.com\/de\/wp-json\/wp\/v2\/product\/221505","targetHints":{"allow":["GET"]}}],"collection":[{"href":"https:\/\/aromasentia.com\/de\/wp-json\/wp\/v2\/product"}],"about":[{"href":"https:\/\/aromasentia.com\/de\/wp-json\/wp\/v2\/types\/product"}],"replies":[{"embeddable":true,"href":"https:\/\/aromasentia.com\/de\/wp-json\/wp\/v2\/comments?post=221505"}],"version-history":[{"count":0,"href":"https:\/\/aromasentia.com\/de\/wp-json\/wp\/v2\/product\/221505\/revisions"}],"wp:featuredmedia":[{"embeddable":true,"href":"https:\/\/aromasentia.com\/de\/wp-json\/wp\/v2\/media\/408797"}],"wp:attachment":[{"href":"https:\/\/aromasentia.com\/de\/wp-json\/wp\/v2\/media?parent=221505"}],"wp:term":[{"taxonomy":"product_brand","embeddable":true,"href":"https:\/\/aromasentia.com\/de\/wp-json\/wp\/v2\/product_brand?post=221505"},{"taxonomy":"product_cat","embeddable":true,"href":"https:\/\/aromasentia.com\/de\/wp-json\/wp\/v2\/product_cat?post=221505"},{"taxonomy":"product_tag","embeddable":true,"href":"https:\/\/aromasentia.com\/de\/wp-json\/wp\/v2\/product_tag?post=221505"}],"curies":[{"name":"wp","href":"https:\/\/api.w.org\/{rel}","templated":true}]}}