{"id":221497,"date":"2025-03-23T10:31:10","date_gmt":"2025-03-23T10:31:10","guid":{"rendered":"https:\/\/aromasentia.com\/product\/ritual-resin-on-stick-chamomile\/"},"modified":"2025-12-30T19:37:07","modified_gmt":"2025-12-30T19:37:07","slug":"ritualharz-auf-staebchen-kamille","status":"publish","type":"product","link":"https:\/\/aromasentia.com\/de\/ritualharz-auf-staebchen-kamille\/","title":{"rendered":"Ritualharz auf St\u00e4bchen \u2013 Kamille"},"content":{"rendered":"<p><span style=\"color: rgb(75, 80, 88);\"><strong>E<\/strong><strong>pr\u00e4sentieren wir eine erlesene Kollektion von Ritualharzen am St\u00e4bchen<\/strong>, handgefertigt im Herzen Indiens. Tauchen Sie ein in die reiche Tradition indischer Spiritualit\u00e4t und bereichern Sie Ihre spirituellen Praktiken mit diesen hochwertigen Harzen.<\/span><\/p>\n<p><span style=\"color: rgb(75, 80, 88);\"><strong>Das Produkt ist in einer kompakten und nat\u00fcrlichen \u00d6ko-Box mit 8 R\u00e4ucherst\u00e4bchen erh\u00e4ltlich.<\/strong><\/span><\/p>\n<p><span style=\"color: rgb(75, 80, 88);\"><strong>Verw\u00f6hnen Sie sich mit dem wohltuenden und entspannenden Duft der Kamille mit unseren Ritualharzen am St\u00e4bchen.<\/strong> Kamille ist f\u00fcr ihre stressabbauenden Eigenschaften bekannt. Z\u00fcnden Sie diesen Stab an, um eine ruhige Atmosph\u00e4re zu schaffen und Ihre Meditation oder Schlafenszeitroutine zu verbessern.<\/span><\/p>\n<p><strong><span style=\"color: rgb(75, 80, 88);\">Brenndauer:&nbsp;<\/span><\/strong><span style=\"color: rgb(75, 80, 88);\">50 &#8211; 60 Minuten pro Stab<\/span><\/p>\n<p><span style=\"color: rgb(75, 80, 88);\"><strong>Herkunft:<\/strong> Hergestellt in Indien<\/span><\/p>\n<p><span style=\"color: rgb(75, 80, 88);\"><strong>Ma\u00dfe:<\/strong> Ein Stab ist ca. 20 cm lang<\/span><\/p>\n<p><span style=\"color: rgb(75, 80, 88);\"><em>Nat\u00fcrlich | Handgefertigt | \u00d6ko-Produkt | Ethisch gewonnen | Nicht an Tieren getestet | Nachhaltige Verpackung<\/em><\/span><\/p>\n<p><span style=\"color: rgb(75, 80, 88);\"><strong>Pflegehinweise:<\/strong> Trocken und bei Raumtemperatur lagern. Vor Feuchtigkeit sch\u00fctzen.<\/span><\/p>\n","protected":false},"excerpt":{"rendered":"<p>Epr\u00e4sentieren wir eine erlesene Kollektion von Ritualharzen am St\u00e4bchen, handgefertigt im Herzen Indiens. Tauchen Sie ein in die reiche Tradition indischer Spiritualit\u00e4t und bereichern Sie Ihre spirituellen Praktiken mit diesen hochwertigen Harzen. Das Produkt ist in einer kompakten und nat\u00fcrlichen \u00d6ko-Box mit 8 R\u00e4ucherst\u00e4bchen erh\u00e4ltlich. Verw\u00f6hnen Sie sich mit dem wohltuenden und entspannenden Duft der [&hellip;]<\/p>\n","protected":false},"featured_media":408779,"comment_status":"closed","ping_status":"open","template":"","meta":{"_angie_page":false},"product_brand":[27104],"product_cat":[26833,25841,15231,15152,26130],"product_tag":[],"class_list":{"0":"post-221497","1":"product","2":"type-product","3":"status-publish","4":"has-post-thumbnail","6":"product_brand-banjara","7":"product_cat-blumig","8":"product_cat-dufte-aromen","9":"product_cat-raucherharze","10":"product_cat-raucherwerk-und-rauchergefasse","11":"product_cat-romische-kamille","12":"pa_collection-ritual-resins-on-stick-de","13":"pa_made-in-indien","15":"first","16":"instock","17":"purchasable","18":"product-type-simple"},"supplier_id":null,"supplier_sku":"RitRinc-05","barcode":null,"atum_controlled":true,"out_stock_date":null,"out_stock_threshold":null,"inheritable":false,"inbound_stock":null,"stock_on_hold":0,"sold_today":0,"sales_last_days":0,"reserved_stock":null,"customer_returns":null,"warehouse_damage":null,"lost_in_post":null,"other_logs":null,"out_stock_days":0,"lost_sales":0,"has_location":null,"update_date":"2026-04-27T07:19:41","atum_locations":[],"atum_stock_status":"instock","restock_status":false,"low_stock_amount":"","sales_update_date":"2025-09-03T00:18:37","calc_backorders":null,"_links":{"self":[{"href":"https:\/\/aromasentia.com\/de\/wp-json\/wp\/v2\/product\/221497","targetHints":{"allow":["GET"]}}],"collection":[{"href":"https:\/\/aromasentia.com\/de\/wp-json\/wp\/v2\/product"}],"about":[{"href":"https:\/\/aromasentia.com\/de\/wp-json\/wp\/v2\/types\/product"}],"replies":[{"embeddable":true,"href":"https:\/\/aromasentia.com\/de\/wp-json\/wp\/v2\/comments?post=221497"}],"version-history":[{"count":0,"href":"https:\/\/aromasentia.com\/de\/wp-json\/wp\/v2\/product\/221497\/revisions"}],"wp:featuredmedia":[{"embeddable":true,"href":"https:\/\/aromasentia.com\/de\/wp-json\/wp\/v2\/media\/408779"}],"wp:attachment":[{"href":"https:\/\/aromasentia.com\/de\/wp-json\/wp\/v2\/media?parent=221497"}],"wp:term":[{"taxonomy":"product_brand","embeddable":true,"href":"https:\/\/aromasentia.com\/de\/wp-json\/wp\/v2\/product_brand?post=221497"},{"taxonomy":"product_cat","embeddable":true,"href":"https:\/\/aromasentia.com\/de\/wp-json\/wp\/v2\/product_cat?post=221497"},{"taxonomy":"product_tag","embeddable":true,"href":"https:\/\/aromasentia.com\/de\/wp-json\/wp\/v2\/product_tag?post=221497"}],"curies":[{"name":"wp","href":"https:\/\/api.w.org\/{rel}","templated":true}]}}