{"id":221349,"date":"2025-03-23T10:31:17","date_gmt":"2025-03-23T10:31:17","guid":{"rendered":"https:\/\/aromasentia.com\/product\/smudge-stick-white-sage-peppermint-10cm-2\/"},"modified":"2025-12-30T19:36:43","modified_gmt":"2025-12-30T19:36:43","slug":"smudge-stick-white-sage-peppermint-10cm","status":"publish","type":"product","link":"https:\/\/aromasentia.com\/de\/smudge-stick-white-sage-peppermint-10cm\/","title":{"rendered":"Smudge Stick &#8211; White Sage &#038; Peppermint 10cm"},"content":{"rendered":"<p>Wei\u00dfer Salbei gilt vielen als heilig und soll R\u00e4ume von den Energien b\u00f6ser Geister reinigen. Diese Kraft soll die Pflanze durch das Verbrennen der Bl\u00e4tter im Rahmen von Reinigungszeremonien freisetzen. Pfefferminze wirkt erfrischend und beruhigend und wird oft f\u00fcr Reinheit und Schutz verwendet. Sie gilt als kraftvolles Heilkraut, das Schutz bietet und die Energien von Reichtum und Wohlstand denjenigen zuf\u00fchrt, die sie nutzen m\u00f6chten. R\u00e4ucherungen k\u00f6nnen die Luft reinigen. Wissenschaftler haben beobachtet, dass Salbei bis zu 94 Prozent der in der Luft befindlichen Bakterien beseitigen und die Luft desinfizieren kann. Beim Verbrennen von Salbei werden au\u00dferdem negative Ionen freigesetzt, die eine positive Stimmung hervorrufen. Zum R\u00e4uchern werden einfache Zutaten wie Streichh\u00f6lzer, R\u00e4ucherkr\u00e4uter und eine R\u00e4ucherschale ben\u00f6tigt. Denken Sie vor dem R\u00e4uchern daran, eine T\u00fcr oder ein Fenster zu \u00f6ffnen, da die unerw\u00fcnschte Energie, die Sie beseitigen m\u00f6chten, einen Weg nach drau\u00dfen finden muss. Z\u00fcnden Sie zun\u00e4chst ein Ende Ihres R\u00e4ucherwerks an, lassen Sie es Feuer fangen und einige Sekunden brennen. Pusten Sie dann vorsichtig auf das brennende Ende \u2013 das R\u00e4ucherwerk beginnt zu gl\u00fchen und zu rauchen. Legen Sie das R\u00e4ucherwerk auf eine hitzebest\u00e4ndige Sch\u00fcssel, um die brennende Asche aufzufangen.<\/p>\n","protected":false},"excerpt":{"rendered":"<p>Wei\u00dfer Salbei gilt vielen als heilig und soll R\u00e4ume von den Energien b\u00f6ser Geister reinigen. Diese Kraft soll die Pflanze durch das Verbrennen der Bl\u00e4tter im Rahmen von Reinigungszeremonien freisetzen. Pfefferminze wirkt erfrischend und beruhigend und wird oft f\u00fcr Reinheit und Schutz verwendet. Sie gilt als kraftvolles Heilkraut, das Schutz bietet und die Energien von [&hellip;]<\/p>\n","protected":false},"featured_media":410601,"comment_status":"closed","ping_status":"open","template":"","meta":{"_angie_page":false},"product_brand":[],"product_cat":[25841,26861,26875,26336,15152,25816,26477],"product_tag":[],"class_list":{"0":"post-221349","1":"product","2":"type-product","3":"status-publish","4":"has-post-thumbnail","6":"product_cat-dufte-aromen","7":"product_cat-krauter-aromatisch","8":"product_cat-minzig","9":"product_cat-pfefferminze","10":"product_cat-raucherwerk-und-rauchergefasse","11":"product_cat-smudge-sticks","12":"product_cat-weiser-salbei","13":"pa_collection-smudge-sticks-de","14":"pa_made-in-vereinigte-staaten","16":"first","17":"outofstock","18":"purchasable","19":"product-type-simple"},"supplier_id":null,"supplier_sku":"SmudgeS-21","barcode":null,"atum_controlled":true,"out_stock_date":"2026-04-25 16:36:33","out_stock_threshold":null,"inheritable":false,"inbound_stock":null,"stock_on_hold":0,"sold_today":0,"sales_last_days":0,"reserved_stock":null,"customer_returns":null,"warehouse_damage":null,"lost_in_post":null,"other_logs":null,"out_stock_days":0,"lost_sales":0,"has_location":null,"update_date":"2026-04-27T07:21:40","atum_locations":[],"atum_stock_status":"outofstock","restock_status":false,"low_stock_amount":"","sales_update_date":"2026-02-06T00:01:26","calc_backorders":null,"_links":{"self":[{"href":"https:\/\/aromasentia.com\/de\/wp-json\/wp\/v2\/product\/221349","targetHints":{"allow":["GET"]}}],"collection":[{"href":"https:\/\/aromasentia.com\/de\/wp-json\/wp\/v2\/product"}],"about":[{"href":"https:\/\/aromasentia.com\/de\/wp-json\/wp\/v2\/types\/product"}],"replies":[{"embeddable":true,"href":"https:\/\/aromasentia.com\/de\/wp-json\/wp\/v2\/comments?post=221349"}],"version-history":[{"count":0,"href":"https:\/\/aromasentia.com\/de\/wp-json\/wp\/v2\/product\/221349\/revisions"}],"wp:featuredmedia":[{"embeddable":true,"href":"https:\/\/aromasentia.com\/de\/wp-json\/wp\/v2\/media\/410601"}],"wp:attachment":[{"href":"https:\/\/aromasentia.com\/de\/wp-json\/wp\/v2\/media?parent=221349"}],"wp:term":[{"taxonomy":"product_brand","embeddable":true,"href":"https:\/\/aromasentia.com\/de\/wp-json\/wp\/v2\/product_brand?post=221349"},{"taxonomy":"product_cat","embeddable":true,"href":"https:\/\/aromasentia.com\/de\/wp-json\/wp\/v2\/product_cat?post=221349"},{"taxonomy":"product_tag","embeddable":true,"href":"https:\/\/aromasentia.com\/de\/wp-json\/wp\/v2\/product_tag?post=221349"}],"curies":[{"name":"wp","href":"https:\/\/api.w.org\/{rel}","templated":true}]}}