{"id":221273,"date":"2025-03-23T10:31:17","date_gmt":"2025-03-23T10:31:17","guid":{"rendered":"https:\/\/aromasentia.com\/product\/earth-inspired-smudge-incense-rosemary\/"},"modified":"2025-12-30T19:36:27","modified_gmt":"2025-12-30T19:36:27","slug":"von-der-erde-inspirierter-raeucherstaebchen-rosmarin","status":"publish","type":"product","link":"https:\/\/aromasentia.com\/de\/von-der-erde-inspirierter-raeucherstaebchen-rosmarin\/","title":{"rendered":"Von der Erde inspirierter R\u00e4ucherst\u00e4bchen \u2013 Rosmarin"},"content":{"rendered":"<p>Wir pr\u00e4sentieren die <strong>Erd-inspirierten R\u00e4ucherst\u00e4bchen<\/strong>, eine fesselnde Mischung der feinsten Elemente der Natur, handgefertigt f\u00fcr ein intensives spirituelles und sinnliches Erlebnis. &nbsp;&nbsp;<\/p>\n<p><strong>Sie werden von Hand gefertigt<\/strong> und verwenden ausschlie\u00dflich die reinsten nat\u00fcrlichen Zutaten. Wir haben <strong>duftende Kr\u00e4uter wie Rosmarin oder Zitronengras mit \u00e4therischen \u00d6len vermischt, um eine Duftsymphonie zu kreieren<\/strong>, die Ihre Kunden in unber\u00fchrte, urspr\u00fcngliche Landschaften entf\u00fchrt. Diese R\u00e4ucherst\u00e4bchen sind biologisch und wurden nicht an Tieren getestet.<\/p>\n<p>Genie\u00dfen Sie die erdende Essenz der Erde mit unseren <strong>Rosmarin-inspirierten<\/strong> <strong>R\u00e4ucherst\u00e4bchen<\/strong>. Dieser Duft f\u00e4ngt das kr\u00e4ftige Aroma von frischem Rosmarin ein und bietet eine sinnliche Reise durch \u00fcppige Kr\u00e4uterg\u00e4rten.&nbsp;<\/p>\n<p><strong>Jede Packung enth\u00e4lt ca. 9 R\u00e4ucherst\u00e4bchen.<\/strong><\/p>\n<p><strong>Wenn Sie dieses R\u00e4ucherst\u00e4bchen anz\u00fcnden, lassen Sie sich von den erdigen Noten des Rosmarins umh\u00fcllen und eine heitere Atmosph\u00e4re schaffen, die perfekt f\u00fcr Meditation<\/strong>, Selbstbeobachtung und die Verbindung mit der n\u00e4hrenden Energie der Erde ist.<\/p>\n<p><span style=\"color: rgb(141, 186, 216);\"><strong>Erh\u00f6hen Sie Ihre spirituelle Reise und erleben Sie die Magie der Elemente der Erde.<\/strong><\/span><\/p>\n","protected":false},"excerpt":{"rendered":"<p>Wir pr\u00e4sentieren die Erd-inspirierten R\u00e4ucherst\u00e4bchen, eine fesselnde Mischung der feinsten Elemente der Natur, handgefertigt f\u00fcr ein intensives spirituelles und sinnliches Erlebnis. &nbsp;&nbsp; Sie werden von Hand gefertigt und verwenden ausschlie\u00dflich die reinsten nat\u00fcrlichen Zutaten. Wir haben duftende Kr\u00e4uter wie Rosmarin oder Zitronengras mit \u00e4therischen \u00d6len vermischt, um eine Duftsymphonie zu kreieren, die Ihre Kunden in [&hellip;]<\/p>\n","protected":false},"featured_media":410077,"comment_status":"closed","ping_status":"open","template":"","meta":{"_angie_page":false},"product_brand":[27120],"product_cat":[25841,26861,15197,15152,26374,25816],"product_tag":[],"class_list":{"0":"post-221273","1":"product","2":"type-product","3":"status-publish","4":"has-post-thumbnail","6":"product_brand-namaste-india-incense","7":"product_cat-dufte-aromen","8":"product_cat-krauter-aromatisch","9":"product_cat-raucherstabchen","10":"product_cat-raucherwerk-und-rauchergefasse","11":"product_cat-rosmarin","12":"product_cat-smudge-sticks","13":"pa_collection-earth-inspired-smudge-incense-sticks-de","14":"pa_made-in-indien","16":"first","17":"instock","18":"purchasable","19":"product-type-simple"},"supplier_id":null,"supplier_sku":"SMI-04","barcode":null,"atum_controlled":true,"out_stock_date":null,"out_stock_threshold":null,"inheritable":false,"inbound_stock":null,"stock_on_hold":0,"sold_today":0,"sales_last_days":0,"reserved_stock":null,"customer_returns":null,"warehouse_damage":null,"lost_in_post":null,"other_logs":null,"out_stock_days":0,"lost_sales":0,"has_location":null,"update_date":"2026-05-11T01:56:48","atum_locations":[],"atum_stock_status":"instock","restock_status":false,"low_stock_amount":"","sales_update_date":"2025-09-03T00:18:25","calc_backorders":null,"_links":{"self":[{"href":"https:\/\/aromasentia.com\/de\/wp-json\/wp\/v2\/product\/221273","targetHints":{"allow":["GET"]}}],"collection":[{"href":"https:\/\/aromasentia.com\/de\/wp-json\/wp\/v2\/product"}],"about":[{"href":"https:\/\/aromasentia.com\/de\/wp-json\/wp\/v2\/types\/product"}],"replies":[{"embeddable":true,"href":"https:\/\/aromasentia.com\/de\/wp-json\/wp\/v2\/comments?post=221273"}],"version-history":[{"count":0,"href":"https:\/\/aromasentia.com\/de\/wp-json\/wp\/v2\/product\/221273\/revisions"}],"wp:featuredmedia":[{"embeddable":true,"href":"https:\/\/aromasentia.com\/de\/wp-json\/wp\/v2\/media\/410077"}],"wp:attachment":[{"href":"https:\/\/aromasentia.com\/de\/wp-json\/wp\/v2\/media?parent=221273"}],"wp:term":[{"taxonomy":"product_brand","embeddable":true,"href":"https:\/\/aromasentia.com\/de\/wp-json\/wp\/v2\/product_brand?post=221273"},{"taxonomy":"product_cat","embeddable":true,"href":"https:\/\/aromasentia.com\/de\/wp-json\/wp\/v2\/product_cat?post=221273"},{"taxonomy":"product_tag","embeddable":true,"href":"https:\/\/aromasentia.com\/de\/wp-json\/wp\/v2\/product_tag?post=221273"}],"curies":[{"name":"wp","href":"https:\/\/api.w.org\/{rel}","templated":true}]}}