{"id":221265,"date":"2025-03-23T10:31:17","date_gmt":"2025-03-23T10:31:17","guid":{"rendered":"https:\/\/aromasentia.com\/product\/earth-inspired-smudge-incense-chamomile\/"},"modified":"2025-12-30T19:36:27","modified_gmt":"2025-12-30T19:36:27","slug":"von-der-erde-inspirierter-raeucherstaebchen-kamille","status":"publish","type":"product","link":"https:\/\/aromasentia.com\/de\/von-der-erde-inspirierter-raeucherstaebchen-kamille\/","title":{"rendered":"Von der Erde inspirierter R\u00e4ucherst\u00e4bchen \u2013 Kamille"},"content":{"rendered":"<p><span style=\"color: rgb(75, 80, 88);\">Wir stellen vor: <strong>Von der Erde inspirierte R\u00e4ucherst\u00e4bchen<\/strong>, eine fesselnde Fusion der feinsten Elemente der Natur, handgefertigt, um das spirituelle und sinnliche Erlebnis zu steigern. &nbsp;&nbsp;<\/span><\/p>\n<p><span style=\"color: rgb(75, 80, 88);\"><strong>Sie werden von Hand gefertigt<\/strong> und verwenden nur die reinsten nat\u00fcrlichen Zutaten. Wir haben <strong>duftende Kr\u00e4uter wie Rosmarin oder Zitronengras mit \u00e4therischen \u00d6len gemischt, um eine Duftsymphonie<\/strong> zu kreieren, die Ihre Kunden in das Herz unber\u00fchrter, urspr\u00fcnglicher Landschaften entf\u00fchrt. Diese R\u00e4ucherst\u00e4bchen sind biologisch und wurden nicht an Tieren getestet.<\/span><\/p>\n<p><span style=\"color: rgb(75, 80, 88);\"><strong>Entdecken Sie die wohltuende Ruhe der Erde mit unserem von Kamille inspirierten R\u00e4ucherst\u00e4bchen<\/strong>. Der sanfte und heitere Duft von Kamillenbl\u00fcten erf\u00fcllt die Luft, wenn Sie dieses R\u00e4ucherst\u00e4bchen anz\u00fcnden, und schafft eine Oase der Ruhe. <br \/><\/span><\/p>\n<p><span style=\"color: rgb(75, 80, 88);\"><strong>Jede Packung enth\u00e4lt ca. 9 R\u00e4ucherst\u00e4bchen.<\/strong><\/span><\/p>\n<p><span style=\"color: rgb(75, 80, 88);\">Lassen Sie sich von den friedlichen Schwingungen der Kamille \u00fcberfluten, die Sie in einen Zustand der Entspannung und Ausgeglichenheit f\u00fchren, der an eine friedliche Wiese erinnert.<\/span> <\/p>\n<p><span style=\"color: rgb(141, 186, 216);\"><strong>Erh\u00f6hen Sie Ihre spirituelle Reise und erleben Sie die Magie der Elemente der Erde.<\/strong><\/span><\/p>\n","protected":false},"excerpt":{"rendered":"<p>Wir stellen vor: Von der Erde inspirierte R\u00e4ucherst\u00e4bchen, eine fesselnde Fusion der feinsten Elemente der Natur, handgefertigt, um das spirituelle und sinnliche Erlebnis zu steigern. &nbsp;&nbsp; Sie werden von Hand gefertigt und verwenden nur die reinsten nat\u00fcrlichen Zutaten. Wir haben duftende Kr\u00e4uter wie Rosmarin oder Zitronengras mit \u00e4therischen \u00d6len gemischt, um eine Duftsymphonie zu kreieren, [&hellip;]<\/p>\n","protected":false},"featured_media":409995,"comment_status":"closed","ping_status":"open","template":"","meta":{"_angie_page":false},"product_brand":[27120],"product_cat":[26833,25841,15197,15152,26130,25816],"product_tag":[],"class_list":{"0":"post-221265","1":"product","2":"type-product","3":"status-publish","4":"has-post-thumbnail","6":"product_brand-namaste-india-incense","7":"product_cat-blumig","8":"product_cat-dufte-aromen","9":"product_cat-raucherstabchen","10":"product_cat-raucherwerk-und-rauchergefasse","11":"product_cat-romische-kamille","12":"product_cat-smudge-sticks","13":"pa_collection-earth-inspired-smudge-incense-sticks-de","14":"pa_made-in-indien","16":"first","17":"instock","18":"purchasable","19":"product-type-simple"},"supplier_id":null,"supplier_sku":"SMI-02","barcode":null,"atum_controlled":true,"out_stock_date":null,"out_stock_threshold":null,"inheritable":false,"inbound_stock":null,"stock_on_hold":0,"sold_today":0,"sales_last_days":0,"reserved_stock":null,"customer_returns":null,"warehouse_damage":null,"lost_in_post":null,"other_logs":null,"out_stock_days":0,"lost_sales":0,"has_location":null,"update_date":"2026-05-11T01:56:48","atum_locations":[],"atum_stock_status":"instock","restock_status":false,"low_stock_amount":"","sales_update_date":"2025-09-03T00:18:24","calc_backorders":null,"_links":{"self":[{"href":"https:\/\/aromasentia.com\/de\/wp-json\/wp\/v2\/product\/221265","targetHints":{"allow":["GET"]}}],"collection":[{"href":"https:\/\/aromasentia.com\/de\/wp-json\/wp\/v2\/product"}],"about":[{"href":"https:\/\/aromasentia.com\/de\/wp-json\/wp\/v2\/types\/product"}],"replies":[{"embeddable":true,"href":"https:\/\/aromasentia.com\/de\/wp-json\/wp\/v2\/comments?post=221265"}],"version-history":[{"count":0,"href":"https:\/\/aromasentia.com\/de\/wp-json\/wp\/v2\/product\/221265\/revisions"}],"wp:featuredmedia":[{"embeddable":true,"href":"https:\/\/aromasentia.com\/de\/wp-json\/wp\/v2\/media\/409995"}],"wp:attachment":[{"href":"https:\/\/aromasentia.com\/de\/wp-json\/wp\/v2\/media?parent=221265"}],"wp:term":[{"taxonomy":"product_brand","embeddable":true,"href":"https:\/\/aromasentia.com\/de\/wp-json\/wp\/v2\/product_brand?post=221265"},{"taxonomy":"product_cat","embeddable":true,"href":"https:\/\/aromasentia.com\/de\/wp-json\/wp\/v2\/product_cat?post=221265"},{"taxonomy":"product_tag","embeddable":true,"href":"https:\/\/aromasentia.com\/de\/wp-json\/wp\/v2\/product_tag?post=221265"}],"curies":[{"name":"wp","href":"https:\/\/api.w.org\/{rel}","templated":true}]}}