{"id":221229,"date":"2025-03-23T10:31:25","date_gmt":"2025-03-23T10:31:25","guid":{"rendered":"https:\/\/aromasentia.com\/product\/plant-based-incense-sticks-aloe-vera\/"},"modified":"2025-12-30T19:36:19","modified_gmt":"2025-12-30T19:36:19","slug":"20-raeucherstaebchen-aloe-vera","status":"publish","type":"product","link":"https:\/\/aromasentia.com\/de\/20-raeucherstaebchen-aloe-vera\/","title":{"rendered":"20 R\u00e4ucherst\u00e4bchen &#8211; Aloe Vera"},"content":{"rendered":"<p><strong>Aroma Sentia &#8211;<\/strong> pr\u00e4sentiert <strong>Stamford Premium Plant Based Incense Sticks &#8211; Aloe Vera<\/strong> mit einem h\u00f6heren Duftstoffanteil, der bei Gebrauch ein intensiveres, lang anhaltendes Aroma erzeugt.<\/p>\n<p>&#8211; <strong>handgerolltes R\u00e4ucherst\u00e4bchen h\u00f6chster Qualit\u00e4t<\/strong><\/p>\n<p>&#8211; ungef\u00e4hre Brenndauer: <strong>30 Minuten<\/strong><\/p>\n<p>&#8211; <strong>tierversuchsfrei, vegan<\/strong><\/p>\n<p>Material: <strong>Harze und Pflanzenmaterial<\/strong><\/p>\n<p>Z\u00fcnden Sie einfach eine Spitze des St\u00e4bchens an und warten Sie, bis es gl\u00fcht. Pusten Sie dann die Flamme aus und stellen Sie das St\u00e4bchen in einen R\u00e4ucherst\u00e4bchenhalter. Der herrliche Duft sorgt f\u00fcr die perfekte Stimmung zum Entspannen, f\u00fcr Unterhaltung und ein wirklich stilvolles Zuhause.<\/p>\n<p>Ein unverzichtbarer Artikel f\u00fcr Ihren Online-Shop. Mit hochwertigen D\u00fcften in jedem Design haben Sie f\u00fcr jeden Kunden etwas Besonderes zur Auswahl. &nbsp;<\/p>\n<p><span style=\"color: rgb(184, 49, 47);\"><strong>Bestellen Sie noch heute und lassen Sie dieses angenehme Aroma str\u00f6men&#8230;<\/strong><\/span><\/p>\n","protected":false},"excerpt":{"rendered":"<p>Aroma Sentia &#8211; pr\u00e4sentiert Stamford Premium Plant Based Incense Sticks &#8211; Aloe Vera mit einem h\u00f6heren Duftstoffanteil, der bei Gebrauch ein intensiveres, lang anhaltendes Aroma erzeugt. &#8211; handgerolltes R\u00e4ucherst\u00e4bchen h\u00f6chster Qualit\u00e4t &#8211; ungef\u00e4hre Brenndauer: 30 Minuten &#8211; tierversuchsfrei, vegan Material: Harze und Pflanzenmaterial Z\u00fcnden Sie einfach eine Spitze des St\u00e4bchens an und warten Sie, bis [&hellip;]<\/p>\n","protected":false},"featured_media":411884,"comment_status":"closed","ping_status":"open","template":"","meta":[],"product_brand":[27139],"product_cat":[26579,25841,26840,15197,15152],"product_tag":[],"class_list":{"0":"post-221229","1":"product","2":"type-product","3":"status-publish","4":"has-post-thumbnail","6":"product_brand-stamford","7":"product_cat-aloe-vera","8":"product_cat-dufte-aromen","9":"product_cat-frisch-sauber","10":"product_cat-raucherstabchen","11":"product_cat-raucherwerk-und-rauchergefasse","12":"pa_collection-stamford-plant-based-incense-sticks-de","13":"pa_made-in-indien","15":"first","16":"instock","17":"purchasable","18":"product-type-simple"},"supplier_id":null,"supplier_sku":"SPBi-07","barcode":null,"atum_controlled":true,"out_stock_date":null,"out_stock_threshold":null,"inheritable":false,"inbound_stock":null,"stock_on_hold":0,"sold_today":0,"sales_last_days":0,"reserved_stock":null,"customer_returns":null,"warehouse_damage":null,"lost_in_post":null,"other_logs":null,"out_stock_days":0,"lost_sales":0,"has_location":null,"update_date":"2026-02-06T00:00:49","atum_locations":[],"atum_stock_status":"instock","restock_status":false,"low_stock_amount":"","sales_update_date":"2026-02-06T00:00:49","calc_backorders":null,"_links":{"self":[{"href":"https:\/\/aromasentia.com\/de\/wp-json\/wp\/v2\/product\/221229","targetHints":{"allow":["GET"]}}],"collection":[{"href":"https:\/\/aromasentia.com\/de\/wp-json\/wp\/v2\/product"}],"about":[{"href":"https:\/\/aromasentia.com\/de\/wp-json\/wp\/v2\/types\/product"}],"replies":[{"embeddable":true,"href":"https:\/\/aromasentia.com\/de\/wp-json\/wp\/v2\/comments?post=221229"}],"version-history":[{"count":0,"href":"https:\/\/aromasentia.com\/de\/wp-json\/wp\/v2\/product\/221229\/revisions"}],"wp:featuredmedia":[{"embeddable":true,"href":"https:\/\/aromasentia.com\/de\/wp-json\/wp\/v2\/media\/411884"}],"wp:attachment":[{"href":"https:\/\/aromasentia.com\/de\/wp-json\/wp\/v2\/media?parent=221229"}],"wp:term":[{"taxonomy":"product_brand","embeddable":true,"href":"https:\/\/aromasentia.com\/de\/wp-json\/wp\/v2\/product_brand?post=221229"},{"taxonomy":"product_cat","embeddable":true,"href":"https:\/\/aromasentia.com\/de\/wp-json\/wp\/v2\/product_cat?post=221229"},{"taxonomy":"product_tag","embeddable":true,"href":"https:\/\/aromasentia.com\/de\/wp-json\/wp\/v2\/product_tag?post=221229"}],"curies":[{"name":"wp","href":"https:\/\/api.w.org\/{rel}","templated":true}]}}