{"id":221197,"date":"2025-03-23T10:31:25","date_gmt":"2025-03-23T10:31:25","guid":{"rendered":"https:\/\/aromasentia.com\/product\/plant-based-backflow-incense-cones-relaxing\/"},"modified":"2025-12-30T19:36:11","modified_gmt":"2025-12-30T19:36:11","slug":"12-backflow-raeucherkegel-relaxing","status":"publish","type":"product","link":"https:\/\/aromasentia.com\/de\/12-backflow-raeucherkegel-relaxing\/","title":{"rendered":"12 Backflow R\u00e4ucherkegel &#8211; Relaxing"},"content":{"rendered":"<p><strong>Aroma Sentia-ping Backflow-R\u00e4ucherkegel auf Pflanzenbasis \u2013 Entspannende<\/strong> R\u00e4ucherkegel mit einem h\u00f6heren Duftanteil, die bei Gebrauch ein intensiveres, lang anhaltendes Aroma abgeben.<\/p>\n<p>&#8211; <strong>handgerolltes R\u00e4ucherwerk h\u00f6chster Qualit\u00e4t<\/strong><\/p>\n<p>&#8211; ungef\u00e4hre Brenndauer: <strong>30 Minuten<\/strong><\/p>\n<p><strong>&#8211;&nbsp;<\/strong><strong>12 Kegel<\/strong> pro Packung<\/p>\n<p>&#8211; <strong>tierversuchsfrei, vegan<\/strong><\/p>\n<p>Material: <strong>Harze und Pflanzenmaterial<\/strong><\/p>\n<p>Wenn die Spitze angez\u00fcndet wird, flie\u00dft der Rauch wie ein Wasserfall durch den R\u00e4ucherbrenner und erzeugt einen ungew\u00f6hnlichen und sch\u00f6nen Effekt. Bitte beachten Sie, dass diese Kegel nur f\u00fcr die Verwendung mit Back Flow-R\u00e4uchergef\u00e4\u00dfen geeignet sind.<\/p>\n<p><span style=\"color: rgb(209, 72, 65);\"><strong>Bestellen Sie noch heute und lassen Sie dieses angenehme Aroma str\u00f6men&#8230;<\/strong><\/span><\/p>\n","protected":false},"excerpt":{"rendered":"<p>Aroma Sentia-ping Backflow-R\u00e4ucherkegel auf Pflanzenbasis \u2013 Entspannende R\u00e4ucherkegel mit einem h\u00f6heren Duftanteil, die bei Gebrauch ein intensiveres, lang anhaltendes Aroma abgeben. &#8211; handgerolltes R\u00e4ucherwerk h\u00f6chster Qualit\u00e4t &#8211; ungef\u00e4hre Brenndauer: 30 Minuten &#8211;&nbsp;12 Kegel pro Packung &#8211; tierversuchsfrei, vegan Material: Harze und Pflanzenmaterial Wenn die Spitze angez\u00fcndet wird, flie\u00dft der Rauch wie ein Wasserfall durch den [&hellip;]<\/p>\n","protected":false},"featured_media":411700,"comment_status":"closed","ping_status":"open","template":"","meta":[],"product_brand":[27139],"product_cat":[15152],"product_tag":[],"class_list":{"0":"post-221197","1":"product","2":"type-product","3":"status-publish","4":"has-post-thumbnail","6":"product_brand-stamford","7":"product_cat-raucherwerk-und-rauchergefasse","8":"pa_collection-smudge-sticks-de","9":"pa_made-in-indien","11":"first","12":"instock","13":"purchasable","14":"product-type-simple"},"supplier_id":null,"supplier_sku":"SPBBF-17","barcode":null,"atum_controlled":true,"out_stock_date":null,"out_stock_threshold":null,"inheritable":false,"inbound_stock":null,"stock_on_hold":0,"sold_today":0,"sales_last_days":0,"reserved_stock":null,"customer_returns":null,"warehouse_damage":null,"lost_in_post":null,"other_logs":null,"out_stock_days":0,"lost_sales":0,"has_location":null,"update_date":"2026-02-05T22:39:23","atum_locations":[],"atum_stock_status":"instock","restock_status":false,"low_stock_amount":"","sales_update_date":"2025-09-03T00:18:20","calc_backorders":null,"_links":{"self":[{"href":"https:\/\/aromasentia.com\/de\/wp-json\/wp\/v2\/product\/221197","targetHints":{"allow":["GET"]}}],"collection":[{"href":"https:\/\/aromasentia.com\/de\/wp-json\/wp\/v2\/product"}],"about":[{"href":"https:\/\/aromasentia.com\/de\/wp-json\/wp\/v2\/types\/product"}],"replies":[{"embeddable":true,"href":"https:\/\/aromasentia.com\/de\/wp-json\/wp\/v2\/comments?post=221197"}],"version-history":[{"count":0,"href":"https:\/\/aromasentia.com\/de\/wp-json\/wp\/v2\/product\/221197\/revisions"}],"wp:featuredmedia":[{"embeddable":true,"href":"https:\/\/aromasentia.com\/de\/wp-json\/wp\/v2\/media\/411700"}],"wp:attachment":[{"href":"https:\/\/aromasentia.com\/de\/wp-json\/wp\/v2\/media?parent=221197"}],"wp:term":[{"taxonomy":"product_brand","embeddable":true,"href":"https:\/\/aromasentia.com\/de\/wp-json\/wp\/v2\/product_brand?post=221197"},{"taxonomy":"product_cat","embeddable":true,"href":"https:\/\/aromasentia.com\/de\/wp-json\/wp\/v2\/product_cat?post=221197"},{"taxonomy":"product_tag","embeddable":true,"href":"https:\/\/aromasentia.com\/de\/wp-json\/wp\/v2\/product_tag?post=221197"}],"curies":[{"name":"wp","href":"https:\/\/api.w.org\/{rel}","templated":true}]}}