{"id":221085,"date":"2025-03-23T10:31:25","date_gmt":"2025-03-23T10:31:25","guid":{"rendered":"https:\/\/aromasentia.com\/product\/smudge-stick-sweetgrass-braid-10cm\/"},"modified":"2025-12-30T19:35:46","modified_gmt":"2025-12-30T19:35:46","slug":"raeucherstaebchen-sweetgrass-braid-10-cm","status":"publish","type":"product","link":"https:\/\/aromasentia.com\/de\/raeucherstaebchen-sweetgrass-braid-10-cm\/","title":{"rendered":"R\u00e4ucherst\u00e4bchen \u2013 Sweetgrass Braid 10 cm"},"content":{"rendered":"<p>Erlebe das uralte Ritual der Reinigung und Segnung mit unserem <strong>Gro\u00dfhandels-S\u00fc\u00dfgras-Zopf-R\u00e4ucherst\u00e4bchen<\/strong>. Dieser 10 cm lange Zopf ist ein heiliges Werkzeug, um R\u00e4ume zu reinigen, positive Energie zu f\u00f6rdern und Traditionen zu ehren, die Jahrhunderte \u00fcberdauern.<\/p>\n<p>S\u00fc\u00dfgras wird f\u00fcr seinen s\u00fc\u00dfen, erhebenden Duft gesch\u00e4tzt und wird traditionell verwendet, um R\u00e4ume zu reinigen und positive Energien anzuziehen. Jeder S\u00fc\u00dfgraszopf wird von erfahrenen Handwerkern sorgf\u00e4ltig von Hand geflochten, um die heilige Kunst dieser Tradition zu bewahren.<\/p>\n<p>Verwenden Sie unseren <strong>Gro\u00dfhandels-S\u00fc\u00dfgraszopf-Wischstab<\/strong>, um Ihr Zuhause, Ihren Meditationsraum oder jeden anderen Bereich, den Sie mit positiver Energie erf\u00fcllen m\u00f6chten, zu reinigen. Das Aroma des S\u00fc\u00dfgrases l\u00e4dt zu Harmonie, Reinigung und einem Gef\u00fchl der Erneuerung ein.<\/p>\n","protected":false},"excerpt":{"rendered":"<p>Erlebe das uralte Ritual der Reinigung und Segnung mit unserem Gro\u00dfhandels-S\u00fc\u00dfgras-Zopf-R\u00e4ucherst\u00e4bchen. Dieser 10 cm lange Zopf ist ein heiliges Werkzeug, um R\u00e4ume zu reinigen, positive Energie zu f\u00f6rdern und Traditionen zu ehren, die Jahrhunderte \u00fcberdauern. S\u00fc\u00dfgras wird f\u00fcr seinen s\u00fc\u00dfen, erhebenden Duft gesch\u00e4tzt und wird traditionell verwendet, um R\u00e4ume zu reinigen und positive Energien anzuziehen. [&hellip;]<\/p>\n","protected":false},"featured_media":411160,"comment_status":"closed","ping_status":"open","template":"","meta":{"_angie_page":false},"product_brand":[],"product_cat":[15152,25816],"product_tag":[],"class_list":{"0":"post-221085","1":"product","2":"type-product","3":"status-publish","4":"has-post-thumbnail","6":"product_cat-raucherwerk-und-rauchergefasse","7":"product_cat-smudge-sticks","8":"pa_collection-smudge-sticks-de","9":"pa_made-in-vereinigte-staaten","11":"first","12":"outofstock","13":"purchasable","14":"product-type-simple"},"supplier_id":null,"supplier_sku":"SmudgeS-55","barcode":null,"atum_controlled":true,"out_stock_date":"2025-09-05 16:07:50","out_stock_threshold":null,"inheritable":false,"inbound_stock":null,"stock_on_hold":0,"sold_today":0,"sales_last_days":0,"reserved_stock":null,"customer_returns":null,"warehouse_damage":null,"lost_in_post":null,"other_logs":null,"out_stock_days":0,"lost_sales":0,"has_location":null,"update_date":"2026-04-27T07:21:45","atum_locations":[],"atum_stock_status":"outofstock","restock_status":false,"low_stock_amount":"","sales_update_date":"2025-09-03T00:18:14","calc_backorders":null,"_links":{"self":[{"href":"https:\/\/aromasentia.com\/de\/wp-json\/wp\/v2\/product\/221085","targetHints":{"allow":["GET"]}}],"collection":[{"href":"https:\/\/aromasentia.com\/de\/wp-json\/wp\/v2\/product"}],"about":[{"href":"https:\/\/aromasentia.com\/de\/wp-json\/wp\/v2\/types\/product"}],"replies":[{"embeddable":true,"href":"https:\/\/aromasentia.com\/de\/wp-json\/wp\/v2\/comments?post=221085"}],"version-history":[{"count":0,"href":"https:\/\/aromasentia.com\/de\/wp-json\/wp\/v2\/product\/221085\/revisions"}],"wp:featuredmedia":[{"embeddable":true,"href":"https:\/\/aromasentia.com\/de\/wp-json\/wp\/v2\/media\/411160"}],"wp:attachment":[{"href":"https:\/\/aromasentia.com\/de\/wp-json\/wp\/v2\/media?parent=221085"}],"wp:term":[{"taxonomy":"product_brand","embeddable":true,"href":"https:\/\/aromasentia.com\/de\/wp-json\/wp\/v2\/product_brand?post=221085"},{"taxonomy":"product_cat","embeddable":true,"href":"https:\/\/aromasentia.com\/de\/wp-json\/wp\/v2\/product_cat?post=221085"},{"taxonomy":"product_tag","embeddable":true,"href":"https:\/\/aromasentia.com\/de\/wp-json\/wp\/v2\/product_tag?post=221085"}],"curies":[{"name":"wp","href":"https:\/\/api.w.org\/{rel}","templated":true}]}}