{"id":220973,"date":"2025-03-23T10:31:32","date_gmt":"2025-03-23T10:31:32","guid":{"rendered":"https:\/\/aromasentia.com\/product\/cinnamon-incense-cones\/"},"modified":"2025-12-30T19:35:22","modified_gmt":"2025-12-30T19:35:22","slug":"zimt-raeucherkegel","status":"publish","type":"product","link":"https:\/\/aromasentia.com\/de\/zimt-raeucherkegel\/","title":{"rendered":"Zimt R\u00e4ucherkegel"},"content":{"rendered":"<p>Die <strong>Zimt-R\u00e4ucherkegel<\/strong> mit ihrem intensiven, w\u00fcrzigen Duft und einer leichten S\u00fc\u00dfe erf\u00fcllen Ihr Zuhause mit einem wunderbaren Duft.<\/p>\n<p>Z\u00fcnden Sie einfach die Spitze des R\u00e4ucherkegels an und warten Sie, bis er gl\u00fcht. Pusten Sie dann die Flamme aus und stellen Sie den Kegel in einen R\u00e4ucherst\u00e4bchenhalter, um einen herrlichen Duft im ganzen Haus zu verbreiten.<\/p>\n<p><strong>Enth\u00e4lt ca. 15 R\u00e4ucherkegel und einen Metallhalter.<\/strong><\/p>\n<p><strong>Brenndauer ca. 20 Minuten pro Kegel.<\/strong><\/p>\n","protected":false},"excerpt":{"rendered":"<p>Die Zimt-R\u00e4ucherkegel mit ihrem intensiven, w\u00fcrzigen Duft und einer leichten S\u00fc\u00dfe erf\u00fcllen Ihr Zuhause mit einem wunderbaren Duft. Z\u00fcnden Sie einfach die Spitze des R\u00e4ucherkegels an und warten Sie, bis er gl\u00fcht. Pusten Sie dann die Flamme aus und stellen Sie den Kegel in einen R\u00e4ucherst\u00e4bchenhalter, um einen herrlichen Duft im ganzen Haus zu verbreiten. [&hellip;]<\/p>\n","protected":false},"featured_media":412969,"comment_status":"closed","ping_status":"open","template":"","meta":{"_angie_page":false},"product_brand":[27139],"product_cat":[25841,15331,15152,26889,26131],"product_tag":[],"class_list":{"0":"post-220973","1":"product","2":"type-product","3":"status-publish","4":"has-post-thumbnail","6":"product_brand-stamford","7":"product_cat-dufte-aromen","8":"product_cat-raucherkegel","9":"product_cat-raucherwerk-und-rauchergefasse","10":"product_cat-wurzig","11":"product_cat-zimt","12":"pa_collection-stamford-premium-incense-cones-de","13":"pa_made-in-indien","15":"first","16":"instock","17":"purchasable","18":"product-type-simple"},"supplier_id":null,"supplier_sku":"StamC-13","barcode":null,"atum_controlled":true,"out_stock_date":null,"out_stock_threshold":null,"inheritable":false,"inbound_stock":null,"stock_on_hold":0,"sold_today":0,"sales_last_days":0,"reserved_stock":null,"customer_returns":null,"warehouse_damage":null,"lost_in_post":null,"other_logs":null,"out_stock_days":0,"lost_sales":0,"has_location":null,"update_date":"2026-04-29T13:02:07","atum_locations":[],"atum_stock_status":"instock","restock_status":false,"low_stock_amount":"","sales_update_date":"2026-02-06T00:00:46","calc_backorders":null,"_links":{"self":[{"href":"https:\/\/aromasentia.com\/de\/wp-json\/wp\/v2\/product\/220973","targetHints":{"allow":["GET"]}}],"collection":[{"href":"https:\/\/aromasentia.com\/de\/wp-json\/wp\/v2\/product"}],"about":[{"href":"https:\/\/aromasentia.com\/de\/wp-json\/wp\/v2\/types\/product"}],"replies":[{"embeddable":true,"href":"https:\/\/aromasentia.com\/de\/wp-json\/wp\/v2\/comments?post=220973"}],"version-history":[{"count":0,"href":"https:\/\/aromasentia.com\/de\/wp-json\/wp\/v2\/product\/220973\/revisions"}],"wp:featuredmedia":[{"embeddable":true,"href":"https:\/\/aromasentia.com\/de\/wp-json\/wp\/v2\/media\/412969"}],"wp:attachment":[{"href":"https:\/\/aromasentia.com\/de\/wp-json\/wp\/v2\/media?parent=220973"}],"wp:term":[{"taxonomy":"product_brand","embeddable":true,"href":"https:\/\/aromasentia.com\/de\/wp-json\/wp\/v2\/product_brand?post=220973"},{"taxonomy":"product_cat","embeddable":true,"href":"https:\/\/aromasentia.com\/de\/wp-json\/wp\/v2\/product_cat?post=220973"},{"taxonomy":"product_tag","embeddable":true,"href":"https:\/\/aromasentia.com\/de\/wp-json\/wp\/v2\/product_tag?post=220973"}],"curies":[{"name":"wp","href":"https:\/\/api.w.org\/{rel}","templated":true}]}}