{"id":220953,"date":"2025-03-23T10:31:32","date_gmt":"2025-03-23T10:31:32","guid":{"rendered":"https:\/\/aromasentia.com\/product\/frankincense-incense-cones\/"},"modified":"2025-12-30T19:35:22","modified_gmt":"2025-12-30T19:35:22","slug":"weihrauch-raeucherkegel","status":"publish","type":"product","link":"https:\/\/aromasentia.com\/de\/weihrauch-raeucherkegel\/","title":{"rendered":"Weihrauch R\u00e4ucherkegel"},"content":{"rendered":"<p>Weihrauchkegel eignen sich hervorragend f\u00fcr Schutz und Spiritualit\u00e4t und schaffen eine ruhige, friedliche Atmosph\u00e4re in Ihrem Zuhause. Z\u00fcnden Sie einfach die Spitze des Kegels an und warten Sie, bis er gl\u00fcht. Pusten Sie anschlie\u00dfend die Flamme aus und stellen Sie den Kegel in einen R\u00e4ucherst\u00e4bchenhalter, um einen herrlichen Duft im ganzen Haus zu verbreiten. Enth\u00e4lt ca. 15 R\u00e4ucherkegel und einen Metallhalter. Brenndauer ca. 20 Minuten pro Kegel.<\/p>\n","protected":false},"excerpt":{"rendered":"<p>Weihrauchkegel eignen sich hervorragend f\u00fcr Schutz und Spiritualit\u00e4t und schaffen eine ruhige, friedliche Atmosph\u00e4re in Ihrem Zuhause. Z\u00fcnden Sie einfach die Spitze des Kegels an und warten Sie, bis er gl\u00fcht. Pusten Sie anschlie\u00dfend die Flamme aus und stellen Sie den Kegel in einen R\u00e4ucherst\u00e4bchenhalter, um einen herrlichen Duft im ganzen Haus zu verbreiten. Enth\u00e4lt [&hellip;]<\/p>\n","protected":false},"featured_media":412924,"comment_status":"closed","ping_status":"open","template":"","meta":{"_angie_page":false},"product_brand":[27139],"product_cat":[25841,26882,26200,15331,15152],"product_tag":[],"class_list":{"0":"post-220953","1":"product","2":"type-product","3":"status-publish","4":"has-post-thumbnail","6":"product_brand-stamford","7":"product_cat-dufte-aromen","8":"product_cat-harzig-balsamisch","9":"product_cat-ingwer","10":"product_cat-raucherkegel","11":"product_cat-raucherwerk-und-rauchergefasse","12":"pa_collection-stamford-premium-incense-cones-de","13":"pa_made-in-indien","15":"first","16":"instock","17":"purchasable","18":"product-type-simple"},"supplier_id":null,"supplier_sku":"StamC-06","barcode":null,"atum_controlled":true,"out_stock_date":null,"out_stock_threshold":null,"inheritable":false,"inbound_stock":null,"stock_on_hold":0,"sold_today":0,"sales_last_days":0,"reserved_stock":null,"customer_returns":null,"warehouse_damage":null,"lost_in_post":null,"other_logs":null,"out_stock_days":91,"lost_sales":0,"has_location":null,"update_date":"2026-05-08T05:20:17","atum_locations":[],"atum_stock_status":"instock","restock_status":false,"low_stock_amount":"","sales_update_date":"2026-01-30T01:25:22","calc_backorders":null,"_links":{"self":[{"href":"https:\/\/aromasentia.com\/de\/wp-json\/wp\/v2\/product\/220953","targetHints":{"allow":["GET"]}}],"collection":[{"href":"https:\/\/aromasentia.com\/de\/wp-json\/wp\/v2\/product"}],"about":[{"href":"https:\/\/aromasentia.com\/de\/wp-json\/wp\/v2\/types\/product"}],"replies":[{"embeddable":true,"href":"https:\/\/aromasentia.com\/de\/wp-json\/wp\/v2\/comments?post=220953"}],"version-history":[{"count":0,"href":"https:\/\/aromasentia.com\/de\/wp-json\/wp\/v2\/product\/220953\/revisions"}],"wp:featuredmedia":[{"embeddable":true,"href":"https:\/\/aromasentia.com\/de\/wp-json\/wp\/v2\/media\/412924"}],"wp:attachment":[{"href":"https:\/\/aromasentia.com\/de\/wp-json\/wp\/v2\/media?parent=220953"}],"wp:term":[{"taxonomy":"product_brand","embeddable":true,"href":"https:\/\/aromasentia.com\/de\/wp-json\/wp\/v2\/product_brand?post=220953"},{"taxonomy":"product_cat","embeddable":true,"href":"https:\/\/aromasentia.com\/de\/wp-json\/wp\/v2\/product_cat?post=220953"},{"taxonomy":"product_tag","embeddable":true,"href":"https:\/\/aromasentia.com\/de\/wp-json\/wp\/v2\/product_tag?post=220953"}],"curies":[{"name":"wp","href":"https:\/\/api.w.org\/{rel}","templated":true}]}}