{"id":220937,"date":"2025-03-23T10:31:32","date_gmt":"2025-03-23T10:31:32","guid":{"rendered":"https:\/\/aromasentia.com\/product\/plant-based-masala-incense-sticks-patchouli\/"},"modified":"2025-12-30T19:35:14","modified_gmt":"2025-12-30T19:35:14","slug":"packung-mit-6-masala-raeucherstaebchen-auf-pflanzlicher-basis-patchouli","status":"publish","type":"product","link":"https:\/\/aromasentia.com\/de\/packung-mit-6-masala-raeucherstaebchen-auf-pflanzlicher-basis-patchouli\/","title":{"rendered":"Packung mit 6 Masala-R\u00e4ucherst\u00e4bchen auf pflanzlicher Basis &#8211; Patchouli"},"content":{"rendered":"<p>Handgerollte Masala R\u00e4ucherst\u00e4bchen mit einem wundersch\u00f6nen Duft von Patchouli. Hergestellt aus pflanzlichen Rohstoffen, ethisch produziert in Karnataka, Indien.<\/p>\n<p>Der Duft von Patchouli ist urspr\u00fcnglich und geheimnisvoll. Patchouli riecht orientalisch, es wird oft als w\u00fcrzig und erdig beschrieben.<\/p>\n<p>In jeder Schachtel finden Sie 15 St\u00e4bchen.<\/p>\n","protected":false},"excerpt":{"rendered":"<p>Handgerollte Masala R\u00e4ucherst\u00e4bchen mit einem wundersch\u00f6nen Duft von Patchouli. Hergestellt aus pflanzlichen Rohstoffen, ethisch produziert in Karnataka, Indien. Der Duft von Patchouli ist urspr\u00fcnglich und geheimnisvoll. Patchouli riecht orientalisch, es wird oft als w\u00fcrzig und erdig beschrieben. In jeder Schachtel finden Sie 15 St\u00e4bchen.<\/p>\n","protected":false},"featured_media":412832,"comment_status":"closed","ping_status":"open","template":"","meta":{"_angie_page":false},"product_brand":[27139],"product_cat":[25841,26826,26331,15197,15152],"product_tag":[],"class_list":{"0":"post-220937","1":"product","2":"type-product","3":"status-publish","4":"has-post-thumbnail","6":"product_brand-stamford","7":"product_cat-dufte-aromen","8":"product_cat-erdig-grun","9":"product_cat-patschuli","10":"product_cat-raucherstabchen","11":"product_cat-raucherwerk-und-rauchergefasse","12":"pa_collection-plant-based-masala-incense-sticks-de","13":"pa_made-in-indien","15":"first","16":"instock","17":"purchasable","18":"product-type-simple"},"supplier_id":null,"supplier_sku":"SPBMi-09","barcode":null,"atum_controlled":true,"out_stock_date":null,"out_stock_threshold":null,"inheritable":false,"inbound_stock":null,"stock_on_hold":0,"sold_today":0,"sales_last_days":0,"reserved_stock":null,"customer_returns":null,"warehouse_damage":null,"lost_in_post":null,"other_logs":null,"out_stock_days":0,"lost_sales":0,"has_location":null,"update_date":"2026-04-27T07:22:40","atum_locations":[],"atum_stock_status":"instock","restock_status":false,"low_stock_amount":"","sales_update_date":"2026-01-30T01:25:00","calc_backorders":null,"_links":{"self":[{"href":"https:\/\/aromasentia.com\/de\/wp-json\/wp\/v2\/product\/220937","targetHints":{"allow":["GET"]}}],"collection":[{"href":"https:\/\/aromasentia.com\/de\/wp-json\/wp\/v2\/product"}],"about":[{"href":"https:\/\/aromasentia.com\/de\/wp-json\/wp\/v2\/types\/product"}],"replies":[{"embeddable":true,"href":"https:\/\/aromasentia.com\/de\/wp-json\/wp\/v2\/comments?post=220937"}],"version-history":[{"count":0,"href":"https:\/\/aromasentia.com\/de\/wp-json\/wp\/v2\/product\/220937\/revisions"}],"wp:featuredmedia":[{"embeddable":true,"href":"https:\/\/aromasentia.com\/de\/wp-json\/wp\/v2\/media\/412832"}],"wp:attachment":[{"href":"https:\/\/aromasentia.com\/de\/wp-json\/wp\/v2\/media?parent=220937"}],"wp:term":[{"taxonomy":"product_brand","embeddable":true,"href":"https:\/\/aromasentia.com\/de\/wp-json\/wp\/v2\/product_brand?post=220937"},{"taxonomy":"product_cat","embeddable":true,"href":"https:\/\/aromasentia.com\/de\/wp-json\/wp\/v2\/product_cat?post=220937"},{"taxonomy":"product_tag","embeddable":true,"href":"https:\/\/aromasentia.com\/de\/wp-json\/wp\/v2\/product_tag?post=220937"}],"curies":[{"name":"wp","href":"https:\/\/api.w.org\/{rel}","templated":true}]}}