{"id":220873,"date":"2025-03-23T10:31:32","date_gmt":"2025-03-23T10:31:32","guid":{"rendered":"https:\/\/aromasentia.com\/product\/plant-based-incense-cones-sweet-frankincense\/"},"modified":"2025-12-30T19:35:07","modified_gmt":"2025-12-30T19:35:07","slug":"15-raeucherkegel-sweet-frankincense","status":"publish","type":"product","link":"https:\/\/aromasentia.com\/de\/15-raeucherkegel-sweet-frankincense\/","title":{"rendered":"15 R\u00e4ucherkegel &#8211; Sweet Frankincense"},"content":{"rendered":"<p><strong>Aroma Sentia-ping<\/strong> pr\u00e4sentiert &nbsp;<strong>Stamford Premium R\u00e4ucherkegel auf Pflanzenbasis<\/strong> <strong>&#8211; S\u00fc\u00dfer Weihrauch<\/strong> mit einem h\u00f6heren Duftstoffanteil, der bei Gebrauch ein <strong>intensiveres, lang anhaltendes Aroma<\/strong> verleiht.&nbsp;<\/p>\n<p>&#8211; <strong>handgerolltes R\u00e4ucherwerk h\u00f6chster Qualit\u00e4t<\/strong><\/p>\n<p>&#8211; ungef\u00e4hre Brenndauer: <strong>30 Minuten<\/strong><\/p>\n<p>&#8211; <strong>12 x Kegel<\/strong> pro Packung<\/p>\n<p>&#8211; <strong>tierversuchsfrei, vegan<\/strong><\/p>\n<p>Material: <strong>Harze und Pflanzenmaterial<\/strong><\/p>\n<p>Z\u00fcnden Sie einfach eine Spitze des Kegels an und warten Sie, bis er gl\u00fcht. Pusten Sie dann die Flamme aus und stellen Sie den Kegel in einen R\u00e4ucherst\u00e4bchenhalter. Mit dem herrlichen Duft schaffen Sie die perfekte Stimmung zum Entspannen, f\u00fcr Unterhaltung und ein wirklich stilvolles Zuhause.&nbsp;<\/p>\n<p><span style=\"color: rgb(209, 72, 65);\"><strong>Erg\u00e4nzen Sie Ihr Produktportfolio &amp; Bestellen Sie noch heute und lassen Sie dieses angenehme Aroma str\u00f6men&#8230;<\/strong><\/span><\/p>\n","protected":false},"excerpt":{"rendered":"<p>Aroma Sentia-ping pr\u00e4sentiert &nbsp;Stamford Premium R\u00e4ucherkegel auf Pflanzenbasis &#8211; S\u00fc\u00dfer Weihrauch mit einem h\u00f6heren Duftstoffanteil, der bei Gebrauch ein intensiveres, lang anhaltendes Aroma verleiht.&nbsp; &#8211; handgerolltes R\u00e4ucherwerk h\u00f6chster Qualit\u00e4t &#8211; ungef\u00e4hre Brenndauer: 30 Minuten &#8211; 12 x Kegel pro Packung &#8211; tierversuchsfrei, vegan Material: Harze und Pflanzenmaterial Z\u00fcnden Sie einfach eine Spitze des Kegels an [&hellip;]<\/p>\n","protected":false},"featured_media":412488,"comment_status":"closed","ping_status":"open","template":"","meta":{"_angie_page":false},"product_brand":[27139],"product_cat":[25841,26882,26200,15331,15152],"product_tag":[],"class_list":{"0":"post-220873","1":"product","2":"type-product","3":"status-publish","4":"has-post-thumbnail","6":"product_brand-stamford","7":"product_cat-dufte-aromen","8":"product_cat-harzig-balsamisch","9":"product_cat-ingwer","10":"product_cat-raucherkegel","11":"product_cat-raucherwerk-und-rauchergefasse","12":"pa_collection-plant-based-incense-cones-californian-white-sage-de","13":"pa_made-in-indien","15":"first","16":"instock","17":"purchasable","18":"product-type-simple"},"supplier_id":null,"supplier_sku":"SPBiC-11","barcode":null,"atum_controlled":true,"out_stock_date":null,"out_stock_threshold":null,"inheritable":false,"inbound_stock":null,"stock_on_hold":0,"sold_today":0,"sales_last_days":0,"reserved_stock":null,"customer_returns":null,"warehouse_damage":null,"lost_in_post":null,"other_logs":null,"out_stock_days":0,"lost_sales":0,"has_location":null,"update_date":"2026-04-27T07:22:40","atum_locations":[],"atum_stock_status":"instock","restock_status":false,"low_stock_amount":"","sales_update_date":"2026-01-30T01:24:42","calc_backorders":null,"_links":{"self":[{"href":"https:\/\/aromasentia.com\/de\/wp-json\/wp\/v2\/product\/220873","targetHints":{"allow":["GET"]}}],"collection":[{"href":"https:\/\/aromasentia.com\/de\/wp-json\/wp\/v2\/product"}],"about":[{"href":"https:\/\/aromasentia.com\/de\/wp-json\/wp\/v2\/types\/product"}],"replies":[{"embeddable":true,"href":"https:\/\/aromasentia.com\/de\/wp-json\/wp\/v2\/comments?post=220873"}],"version-history":[{"count":0,"href":"https:\/\/aromasentia.com\/de\/wp-json\/wp\/v2\/product\/220873\/revisions"}],"wp:featuredmedia":[{"embeddable":true,"href":"https:\/\/aromasentia.com\/de\/wp-json\/wp\/v2\/media\/412488"}],"wp:attachment":[{"href":"https:\/\/aromasentia.com\/de\/wp-json\/wp\/v2\/media?parent=220873"}],"wp:term":[{"taxonomy":"product_brand","embeddable":true,"href":"https:\/\/aromasentia.com\/de\/wp-json\/wp\/v2\/product_brand?post=220873"},{"taxonomy":"product_cat","embeddable":true,"href":"https:\/\/aromasentia.com\/de\/wp-json\/wp\/v2\/product_cat?post=220873"},{"taxonomy":"product_tag","embeddable":true,"href":"https:\/\/aromasentia.com\/de\/wp-json\/wp\/v2\/product_tag?post=220873"}],"curies":[{"name":"wp","href":"https:\/\/api.w.org\/{rel}","templated":true}]}}