{"id":220825,"date":"2025-03-23T10:31:40","date_gmt":"2025-03-23T10:31:40","guid":{"rendered":"https:\/\/aromasentia.com\/product\/sensuality-premium-incense\/"},"modified":"2025-12-30T19:34:59","modified_gmt":"2025-12-30T19:34:59","slug":"20-raeucherstaebchen-sinnlichkeit","status":"publish","type":"product","link":"https:\/\/aromasentia.com\/de\/20-raeucherstaebchen-sinnlichkeit\/","title":{"rendered":"20 R\u00e4ucherst\u00e4bchen &#8218;Sinnlichkeit&#8216;"},"content":{"rendered":"<p>Sensuality Premium R\u00e4ucherst\u00e4bchen sind eine wundersch\u00f6ne Erg\u00e4nzung f\u00fcr Ihr Zuhause. Ihr Duft schafft die perfekte Atmosph\u00e4re zum Entspannen und Genie\u00dfen.<\/p>\n<p>Mit den Aromatherapie-R\u00e4ucherst\u00e4bchen von Stamford schaffen Sie die perfekte Stimmung f\u00fcr Entspannung, Unterhaltung und ein wahrhaft stilvolles Zuhause. Mit D\u00fcften f\u00fcr jede Stimmung, von anregend bis stressabbauend, hat Stamford f\u00fcr jeden Geschmack das Richtige.<\/p>\n<p>Z\u00fcnden Sie einfach die Spitze Ihres R\u00e4ucherst\u00e4bchens an und warten Sie, bis es gl\u00fcht. Pusten Sie anschlie\u00dfend die Flamme aus und stellen Sie es in einen R\u00e4ucherst\u00e4bchenhalter, um einen herrlichen Duft im ganzen Haus zu verbreiten.<\/p>\n<p>Brenndauer ca. 30 Minuten pro St\u00e4bchen. Hergestellt aus ausschlie\u00dflich Parf\u00fcmerie-Rohstoffen, ist die Verpackung recycelbar.<\/p>\n","protected":false},"excerpt":{"rendered":"<p>Sensuality Premium R\u00e4ucherst\u00e4bchen sind eine wundersch\u00f6ne Erg\u00e4nzung f\u00fcr Ihr Zuhause. Ihr Duft schafft die perfekte Atmosph\u00e4re zum Entspannen und Genie\u00dfen. Mit den Aromatherapie-R\u00e4ucherst\u00e4bchen von Stamford schaffen Sie die perfekte Stimmung f\u00fcr Entspannung, Unterhaltung und ein wahrhaft stilvolles Zuhause. Mit D\u00fcften f\u00fcr jede Stimmung, von anregend bis stressabbauend, hat Stamford f\u00fcr jeden Geschmack das Richtige. Z\u00fcnden [&hellip;]<\/p>\n","protected":false},"featured_media":413623,"comment_status":"closed","ping_status":"open","template":"","meta":{"_angie_page":false},"product_brand":[27139],"product_cat":[15197,15152],"product_tag":[],"class_list":{"0":"post-220825","1":"product","2":"type-product","3":"status-publish","4":"has-post-thumbnail","6":"product_brand-stamford","7":"product_cat-raucherstabchen","8":"product_cat-raucherwerk-und-rauchergefasse","9":"pa_collection-stamford-premium-incense-sticks-de","10":"pa_made-in-indien","12":"first","13":"instock","14":"purchasable","15":"product-type-simple"},"supplier_id":null,"supplier_sku":"StamFP-32","barcode":null,"atum_controlled":true,"out_stock_date":null,"out_stock_threshold":null,"inheritable":false,"inbound_stock":null,"stock_on_hold":0,"sold_today":0,"sales_last_days":0,"reserved_stock":null,"customer_returns":null,"warehouse_damage":null,"lost_in_post":null,"other_logs":null,"out_stock_days":0,"lost_sales":0,"has_location":null,"update_date":"2026-05-08T05:20:17","atum_locations":[],"atum_stock_status":"instock","restock_status":false,"low_stock_amount":"","sales_update_date":"2026-02-06T00:02:37","calc_backorders":null,"_links":{"self":[{"href":"https:\/\/aromasentia.com\/de\/wp-json\/wp\/v2\/product\/220825","targetHints":{"allow":["GET"]}}],"collection":[{"href":"https:\/\/aromasentia.com\/de\/wp-json\/wp\/v2\/product"}],"about":[{"href":"https:\/\/aromasentia.com\/de\/wp-json\/wp\/v2\/types\/product"}],"replies":[{"embeddable":true,"href":"https:\/\/aromasentia.com\/de\/wp-json\/wp\/v2\/comments?post=220825"}],"version-history":[{"count":0,"href":"https:\/\/aromasentia.com\/de\/wp-json\/wp\/v2\/product\/220825\/revisions"}],"wp:featuredmedia":[{"embeddable":true,"href":"https:\/\/aromasentia.com\/de\/wp-json\/wp\/v2\/media\/413623"}],"wp:attachment":[{"href":"https:\/\/aromasentia.com\/de\/wp-json\/wp\/v2\/media?parent=220825"}],"wp:term":[{"taxonomy":"product_brand","embeddable":true,"href":"https:\/\/aromasentia.com\/de\/wp-json\/wp\/v2\/product_brand?post=220825"},{"taxonomy":"product_cat","embeddable":true,"href":"https:\/\/aromasentia.com\/de\/wp-json\/wp\/v2\/product_cat?post=220825"},{"taxonomy":"product_tag","embeddable":true,"href":"https:\/\/aromasentia.com\/de\/wp-json\/wp\/v2\/product_tag?post=220825"}],"curies":[{"name":"wp","href":"https:\/\/api.w.org\/{rel}","templated":true}]}}