{"id":220805,"date":"2025-03-23T10:31:40","date_gmt":"2025-03-23T10:31:40","guid":{"rendered":"https:\/\/aromasentia.com\/product\/black-magic-premium-incense\/"},"modified":"2025-12-30T19:34:51","modified_gmt":"2025-12-30T19:34:51","slug":"20-raeucherstaebchen-schwarze-magie","status":"publish","type":"product","link":"https:\/\/aromasentia.com\/de\/20-raeucherstaebchen-schwarze-magie\/","title":{"rendered":"20 R\u00e4ucherst\u00e4bchen &#8218;Schwarze Magie&#8216;"},"content":{"rendered":"<p>Black Magic Premium R\u00e4ucherst\u00e4bchen hilft Ihnen, alle negativen Einfl\u00fcsse aus Ihrem Leben zu beseitigen. Durch das Verbrennen dieses R\u00e4ucherst\u00e4bchens wird seine sch\u00fctzende Wirkung entfesselt. Z\u00fcnden Sie einfach die Spitze Ihres R\u00e4ucherst\u00e4bchens an und warten Sie, bis es gl\u00fcht. Pusten Sie anschlie\u00dfend die Flamme aus und stellen Sie es in einen R\u00e4ucherst\u00e4bchenhalter, um einen herrlichen Duft in Ihrem ganzen Zuhause zu verbreiten. Brenndauer ca. 30 Minuten pro St\u00e4bchen. Hergestellt aus ausschlie\u00dflich Parf\u00fcmerie-Rohstoffen, ist die Verpackung recycelbar.<\/p>\n","protected":false},"excerpt":{"rendered":"<p>Black Magic Premium R\u00e4ucherst\u00e4bchen hilft Ihnen, alle negativen Einfl\u00fcsse aus Ihrem Leben zu beseitigen. Durch das Verbrennen dieses R\u00e4ucherst\u00e4bchens wird seine sch\u00fctzende Wirkung entfesselt. Z\u00fcnden Sie einfach die Spitze Ihres R\u00e4ucherst\u00e4bchens an und warten Sie, bis es gl\u00fcht. Pusten Sie anschlie\u00dfend die Flamme aus und stellen Sie es in einen R\u00e4ucherst\u00e4bchenhalter, um einen herrlichen Duft [&hellip;]<\/p>\n","protected":false},"featured_media":413538,"comment_status":"closed","ping_status":"open","template":"","meta":{"_angie_page":false},"product_brand":[27139],"product_cat":[15197,15152],"product_tag":[],"class_list":{"0":"post-220805","1":"product","2":"type-product","3":"status-publish","4":"has-post-thumbnail","6":"product_brand-stamford","7":"product_cat-raucherstabchen","8":"product_cat-raucherwerk-und-rauchergefasse","9":"pa_collection-stamford-premium-incense-sticks-de","10":"pa_made-in-indien","12":"first","13":"instock","14":"purchasable","15":"product-type-simple"},"supplier_id":null,"supplier_sku":"StamFP-25","barcode":null,"atum_controlled":true,"out_stock_date":null,"out_stock_threshold":null,"inheritable":false,"inbound_stock":null,"stock_on_hold":0,"sold_today":0,"sales_last_days":0,"reserved_stock":null,"customer_returns":null,"warehouse_damage":null,"lost_in_post":null,"other_logs":null,"out_stock_days":0,"lost_sales":0,"has_location":null,"update_date":"2026-04-29T05:08:19","atum_locations":[],"atum_stock_status":"instock","restock_status":false,"low_stock_amount":"","sales_update_date":"2025-09-03T00:17:57","calc_backorders":null,"_links":{"self":[{"href":"https:\/\/aromasentia.com\/de\/wp-json\/wp\/v2\/product\/220805","targetHints":{"allow":["GET"]}}],"collection":[{"href":"https:\/\/aromasentia.com\/de\/wp-json\/wp\/v2\/product"}],"about":[{"href":"https:\/\/aromasentia.com\/de\/wp-json\/wp\/v2\/types\/product"}],"replies":[{"embeddable":true,"href":"https:\/\/aromasentia.com\/de\/wp-json\/wp\/v2\/comments?post=220805"}],"version-history":[{"count":0,"href":"https:\/\/aromasentia.com\/de\/wp-json\/wp\/v2\/product\/220805\/revisions"}],"wp:featuredmedia":[{"embeddable":true,"href":"https:\/\/aromasentia.com\/de\/wp-json\/wp\/v2\/media\/413538"}],"wp:attachment":[{"href":"https:\/\/aromasentia.com\/de\/wp-json\/wp\/v2\/media?parent=220805"}],"wp:term":[{"taxonomy":"product_brand","embeddable":true,"href":"https:\/\/aromasentia.com\/de\/wp-json\/wp\/v2\/product_brand?post=220805"},{"taxonomy":"product_cat","embeddable":true,"href":"https:\/\/aromasentia.com\/de\/wp-json\/wp\/v2\/product_cat?post=220805"},{"taxonomy":"product_tag","embeddable":true,"href":"https:\/\/aromasentia.com\/de\/wp-json\/wp\/v2\/product_tag?post=220805"}],"curies":[{"name":"wp","href":"https:\/\/api.w.org\/{rel}","templated":true}]}}