{"id":220765,"date":"2025-03-23T10:31:40","date_gmt":"2025-03-23T10:31:40","guid":{"rendered":"https:\/\/aromasentia.com\/product\/cinnamon-premium-incense\/"},"modified":"2025-12-30T19:34:44","modified_gmt":"2025-12-30T19:34:44","slug":"20-raeucherstaebchen-zimt","status":"publish","type":"product","link":"https:\/\/aromasentia.com\/de\/20-raeucherstaebchen-zimt\/","title":{"rendered":"20 R\u00e4ucherst\u00e4bchen &#8218;Zimt&#8216;"},"content":{"rendered":"<p>Das Zimt Premium R\u00e4ucherst\u00e4bchen mit seinem reichhaltigen, w\u00fcrzigen Duft und einer leichten S\u00fc\u00dfe erf\u00fcllt Ihr Zuhause mit einem herrlichen Duft.<\/p>\n<p>Z\u00fcnden Sie einfach die Spitze Ihres R\u00e4ucherst\u00e4bchens an und warten Sie, bis es gl\u00fcht. Pusten Sie anschlie\u00dfend die Flamme aus und stellen Sie es in einen R\u00e4ucherst\u00e4bchenhalter, um einen herrlichen Duft im ganzen Haus zu verbreiten.<\/p>\n<p>Brenndauer ca. 30 Minuten pro St\u00e4bchen. Hergestellt ausschlie\u00dflich aus Parf\u00fcmerie-Rohstoffen, ist die Verpackung recycelbar.<\/p>\n","protected":false},"excerpt":{"rendered":"<p>Das Zimt Premium R\u00e4ucherst\u00e4bchen mit seinem reichhaltigen, w\u00fcrzigen Duft und einer leichten S\u00fc\u00dfe erf\u00fcllt Ihr Zuhause mit einem herrlichen Duft. Z\u00fcnden Sie einfach die Spitze Ihres R\u00e4ucherst\u00e4bchens an und warten Sie, bis es gl\u00fcht. Pusten Sie anschlie\u00dfend die Flamme aus und stellen Sie es in einen R\u00e4ucherst\u00e4bchenhalter, um einen herrlichen Duft im ganzen Haus zu [&hellip;]<\/p>\n","protected":false},"featured_media":413368,"comment_status":"closed","ping_status":"open","template":"","meta":{"_angie_page":false},"product_brand":[27139],"product_cat":[25841,15197,15152,26889,26131],"product_tag":[],"class_list":{"0":"post-220765","1":"product","2":"type-product","3":"status-publish","4":"has-post-thumbnail","6":"product_brand-stamford","7":"product_cat-dufte-aromen","8":"product_cat-raucherstabchen","9":"product_cat-raucherwerk-und-rauchergefasse","10":"product_cat-wurzig","11":"product_cat-zimt","12":"pa_collection-stamford-premium-incense-sticks-de","13":"pa_made-in-indien","15":"first","16":"instock","17":"purchasable","18":"product-type-simple"},"supplier_id":null,"supplier_sku":"StamFP-13","barcode":null,"atum_controlled":true,"out_stock_date":null,"out_stock_threshold":null,"inheritable":false,"inbound_stock":null,"stock_on_hold":0,"sold_today":0,"sales_last_days":0,"reserved_stock":null,"customer_returns":null,"warehouse_damage":null,"lost_in_post":null,"other_logs":null,"out_stock_days":0,"lost_sales":0,"has_location":null,"update_date":"2026-05-08T05:20:17","atum_locations":[],"atum_stock_status":"instock","restock_status":false,"low_stock_amount":"","sales_update_date":"2026-01-30T01:24:51","calc_backorders":null,"_links":{"self":[{"href":"https:\/\/aromasentia.com\/de\/wp-json\/wp\/v2\/product\/220765","targetHints":{"allow":["GET"]}}],"collection":[{"href":"https:\/\/aromasentia.com\/de\/wp-json\/wp\/v2\/product"}],"about":[{"href":"https:\/\/aromasentia.com\/de\/wp-json\/wp\/v2\/types\/product"}],"replies":[{"embeddable":true,"href":"https:\/\/aromasentia.com\/de\/wp-json\/wp\/v2\/comments?post=220765"}],"version-history":[{"count":0,"href":"https:\/\/aromasentia.com\/de\/wp-json\/wp\/v2\/product\/220765\/revisions"}],"wp:featuredmedia":[{"embeddable":true,"href":"https:\/\/aromasentia.com\/de\/wp-json\/wp\/v2\/media\/413368"}],"wp:attachment":[{"href":"https:\/\/aromasentia.com\/de\/wp-json\/wp\/v2\/media?parent=220765"}],"wp:term":[{"taxonomy":"product_brand","embeddable":true,"href":"https:\/\/aromasentia.com\/de\/wp-json\/wp\/v2\/product_brand?post=220765"},{"taxonomy":"product_cat","embeddable":true,"href":"https:\/\/aromasentia.com\/de\/wp-json\/wp\/v2\/product_cat?post=220765"},{"taxonomy":"product_tag","embeddable":true,"href":"https:\/\/aromasentia.com\/de\/wp-json\/wp\/v2\/product_tag?post=220765"}],"curies":[{"name":"wp","href":"https:\/\/api.w.org\/{rel}","templated":true}]}}