{"id":220741,"date":"2025-03-23T10:31:40","date_gmt":"2025-03-23T10:31:40","guid":{"rendered":"https:\/\/aromasentia.com\/product\/lavender-premium-incense\/"},"modified":"2025-12-30T19:34:44","modified_gmt":"2025-12-30T19:34:44","slug":"20-raeucherstaebchen-lavendel-3","status":"publish","type":"product","link":"https:\/\/aromasentia.com\/de\/20-raeucherstaebchen-lavendel-3\/","title":{"rendered":"20 R\u00e4ucherst\u00e4bchen &#8218;Lavendel&#8216;"},"content":{"rendered":"<p>Lavendel wirkt antibakteriell, antiseptisch und antimykotisch, wirkt k\u00f6rperlich und geistig reinigend. Er kann auch Insekten abwehren.<\/p>\n<p>Z\u00fcnden Sie einfach die Spitze Ihres R\u00e4ucherst\u00e4bchens an und warten Sie, bis es gl\u00fcht. Pusten Sie anschlie\u00dfend die Flamme aus und stellen Sie das St\u00e4bchen in einen R\u00e4ucherhalter, um einen herrlichen Duft im ganzen Haus zu verbreiten.<\/p>\n<p>Brenndauer ca. 30 Minuten pro St\u00e4bchen. Hergestellt aus ausschlie\u00dflich Parf\u00fcmerie-Rohstoffen, ist die Verpackung recycelbar.<\/p>\n","protected":false},"excerpt":{"rendered":"<p>Lavendel wirkt antibakteriell, antiseptisch und antimykotisch, wirkt k\u00f6rperlich und geistig reinigend. Er kann auch Insekten abwehren. Z\u00fcnden Sie einfach die Spitze Ihres R\u00e4ucherst\u00e4bchens an und warten Sie, bis es gl\u00fcht. Pusten Sie anschlie\u00dfend die Flamme aus und stellen Sie das St\u00e4bchen in einen R\u00e4ucherhalter, um einen herrlichen Duft im ganzen Haus zu verbreiten. Brenndauer ca. [&hellip;]<\/p>\n","protected":false},"featured_media":413266,"comment_status":"closed","ping_status":"open","template":"","meta":{"_angie_page":false},"product_brand":[27139],"product_cat":[26833,25841,26234,15197,15152],"product_tag":[],"class_list":{"0":"post-220741","1":"product","2":"type-product","3":"status-publish","4":"has-post-thumbnail","6":"product_brand-stamford","7":"product_cat-blumig","8":"product_cat-dufte-aromen","9":"product_cat-lavendel","10":"product_cat-raucherstabchen","11":"product_cat-raucherwerk-und-rauchergefasse","12":"pa_collection-stamford-premium-incense-sticks-de","13":"pa_made-in-indien","15":"first","16":"instock","17":"purchasable","18":"product-type-simple"},"supplier_id":null,"supplier_sku":"StamFP-02","barcode":null,"atum_controlled":true,"out_stock_date":null,"out_stock_threshold":null,"inheritable":false,"inbound_stock":null,"stock_on_hold":0,"sold_today":0,"sales_last_days":0,"reserved_stock":null,"customer_returns":null,"warehouse_damage":null,"lost_in_post":null,"other_logs":null,"out_stock_days":0,"lost_sales":0,"has_location":null,"update_date":"2026-05-08T05:20:17","atum_locations":[],"atum_stock_status":"instock","restock_status":false,"low_stock_amount":"","sales_update_date":"2026-01-30T01:25:36","calc_backorders":null,"_links":{"self":[{"href":"https:\/\/aromasentia.com\/de\/wp-json\/wp\/v2\/product\/220741","targetHints":{"allow":["GET"]}}],"collection":[{"href":"https:\/\/aromasentia.com\/de\/wp-json\/wp\/v2\/product"}],"about":[{"href":"https:\/\/aromasentia.com\/de\/wp-json\/wp\/v2\/types\/product"}],"replies":[{"embeddable":true,"href":"https:\/\/aromasentia.com\/de\/wp-json\/wp\/v2\/comments?post=220741"}],"version-history":[{"count":0,"href":"https:\/\/aromasentia.com\/de\/wp-json\/wp\/v2\/product\/220741\/revisions"}],"wp:featuredmedia":[{"embeddable":true,"href":"https:\/\/aromasentia.com\/de\/wp-json\/wp\/v2\/media\/413266"}],"wp:attachment":[{"href":"https:\/\/aromasentia.com\/de\/wp-json\/wp\/v2\/media?parent=220741"}],"wp:term":[{"taxonomy":"product_brand","embeddable":true,"href":"https:\/\/aromasentia.com\/de\/wp-json\/wp\/v2\/product_brand?post=220741"},{"taxonomy":"product_cat","embeddable":true,"href":"https:\/\/aromasentia.com\/de\/wp-json\/wp\/v2\/product_cat?post=220741"},{"taxonomy":"product_tag","embeddable":true,"href":"https:\/\/aromasentia.com\/de\/wp-json\/wp\/v2\/product_tag?post=220741"}],"curies":[{"name":"wp","href":"https:\/\/api.w.org\/{rel}","templated":true}]}}