{"id":220733,"date":"2025-03-23T10:31:40","date_gmt":"2025-03-23T10:31:40","guid":{"rendered":"https:\/\/aromasentia.com\/product\/bamboo-incense-cones\/"},"modified":"2025-12-30T19:34:36","modified_gmt":"2025-12-30T19:34:36","slug":"bambus-raeucherkegel","status":"publish","type":"product","link":"https:\/\/aromasentia.com\/de\/bambus-raeucherkegel\/","title":{"rendered":"Bambus R\u00e4ucherkegel"},"content":{"rendered":"<p>Die <strong>Bambus-R\u00e4ucherkegel<\/strong> erf\u00fcllen Ihr Zuhause mit einem warmen, klassischen Duft und einem reichhaltigen Aroma.<\/p>\n<p>Z\u00fcnden Sie einfach die Spitze des R\u00e4ucherkegels an und warten Sie, bis er gl\u00fcht. Pusten Sie anschlie\u00dfend die Flamme aus und stellen Sie den Kegel in einen R\u00e4ucherst\u00e4bchenhalter, um einen herrlichen Duft im ganzen Haus zu verbreiten.<\/p>\n<p><strong>Enth\u00e4lt ca. 15 R\u00e4ucherkegel und einen Metallhalter.<\/strong><\/p>\n<p><strong>Brenndauer ca. 20 Minuten pro Kegel.<\/strong><\/p>\n","protected":false},"excerpt":{"rendered":"<p>Die Bambus-R\u00e4ucherkegel erf\u00fcllen Ihr Zuhause mit einem warmen, klassischen Duft und einem reichhaltigen Aroma. Z\u00fcnden Sie einfach die Spitze des R\u00e4ucherkegels an und warten Sie, bis er gl\u00fcht. Pusten Sie anschlie\u00dfend die Flamme aus und stellen Sie den Kegel in einen R\u00e4ucherst\u00e4bchenhalter, um einen herrlichen Duft im ganzen Haus zu verbreiten. Enth\u00e4lt ca. 15 R\u00e4ucherkegel [&hellip;]<\/p>\n","protected":false},"featured_media":413248,"comment_status":"closed","ping_status":"open","template":"","meta":{"_angie_page":false},"product_brand":[27139],"product_cat":[15331,15152],"product_tag":[],"class_list":{"0":"post-220733","1":"product","2":"type-product","3":"status-publish","4":"has-post-thumbnail","6":"product_brand-stamford","7":"product_cat-raucherkegel","8":"product_cat-raucherwerk-und-rauchergefasse","9":"pa_collection-stamford-premium-incense-cones-de","10":"pa_made-in-indien","12":"first","13":"instock","14":"purchasable","15":"product-type-simple"},"supplier_id":null,"supplier_sku":"StamC-18","barcode":null,"atum_controlled":true,"out_stock_date":null,"out_stock_threshold":null,"inheritable":false,"inbound_stock":null,"stock_on_hold":0,"sold_today":0,"sales_last_days":0,"reserved_stock":null,"customer_returns":null,"warehouse_damage":null,"lost_in_post":null,"other_logs":null,"out_stock_days":0,"lost_sales":0,"has_location":null,"update_date":"2026-04-27T07:23:25","atum_locations":[],"atum_stock_status":"instock","restock_status":false,"low_stock_amount":"","sales_update_date":"2026-02-06T00:01:46","calc_backorders":null,"_links":{"self":[{"href":"https:\/\/aromasentia.com\/de\/wp-json\/wp\/v2\/product\/220733","targetHints":{"allow":["GET"]}}],"collection":[{"href":"https:\/\/aromasentia.com\/de\/wp-json\/wp\/v2\/product"}],"about":[{"href":"https:\/\/aromasentia.com\/de\/wp-json\/wp\/v2\/types\/product"}],"replies":[{"embeddable":true,"href":"https:\/\/aromasentia.com\/de\/wp-json\/wp\/v2\/comments?post=220733"}],"version-history":[{"count":0,"href":"https:\/\/aromasentia.com\/de\/wp-json\/wp\/v2\/product\/220733\/revisions"}],"wp:featuredmedia":[{"embeddable":true,"href":"https:\/\/aromasentia.com\/de\/wp-json\/wp\/v2\/media\/413248"}],"wp:attachment":[{"href":"https:\/\/aromasentia.com\/de\/wp-json\/wp\/v2\/media?parent=220733"}],"wp:term":[{"taxonomy":"product_brand","embeddable":true,"href":"https:\/\/aromasentia.com\/de\/wp-json\/wp\/v2\/product_brand?post=220733"},{"taxonomy":"product_cat","embeddable":true,"href":"https:\/\/aromasentia.com\/de\/wp-json\/wp\/v2\/product_cat?post=220733"},{"taxonomy":"product_tag","embeddable":true,"href":"https:\/\/aromasentia.com\/de\/wp-json\/wp\/v2\/product_tag?post=220733"}],"curies":[{"name":"wp","href":"https:\/\/api.w.org\/{rel}","templated":true}]}}