{"id":220685,"date":"2025-03-23T10:31:40","date_gmt":"2025-03-23T10:31:40","guid":{"rendered":"https:\/\/aromasentia.com\/product\/californian-white-sage-incense-cones\/"},"modified":"2025-12-30T19:34:29","modified_gmt":"2025-12-30T19:34:29","slug":"kalifornischer-weisser-salbei-raeucherkegel","status":"publish","type":"product","link":"https:\/\/aromasentia.com\/de\/kalifornischer-weisser-salbei-raeucherkegel\/","title":{"rendered":"Kalifornischer Wei\u00dfer Salbei R\u00e4ucherkegel"},"content":{"rendered":"<p>Diese <strong>Stamford Premium R\u00e4ucherkegel \u2013 Kalifornischer Wei\u00dfer Salbei<\/strong> verw\u00f6hnen Sie mit zarten D\u00fcften und schenken Ihnen herrliche Entspannung. Die wunderbaren D\u00fcfte sind sanft und langanhaltend \u2013 perfekt zum Entspannen oder Meditieren.<\/p>\n<p>Z\u00fcnden Sie einfach die Spitze des R\u00e4ucherkegels an und warten Sie, bis er gl\u00fcht. Pusten Sie anschlie\u00dfend die Flamme aus und stellen Sie den Kegel in einen R\u00e4ucherst\u00e4bchenhalter, um einen herrlichen Duft im ganzen Haus zu verbreiten.<\/p>\n<p><strong>Eine Packung enth\u00e4lt ca. 15 R\u00e4ucherkegel und einen Metallhalter.<\/strong><\/p>\n<p><strong>Brenndauer ca. 20 Minuten pro Kegel.<\/strong><\/p>\n","protected":false},"excerpt":{"rendered":"<p>Diese Stamford Premium R\u00e4ucherkegel \u2013 Kalifornischer Wei\u00dfer Salbei verw\u00f6hnen Sie mit zarten D\u00fcften und schenken Ihnen herrliche Entspannung. Die wunderbaren D\u00fcfte sind sanft und langanhaltend \u2013 perfekt zum Entspannen oder Meditieren. Z\u00fcnden Sie einfach die Spitze des R\u00e4ucherkegels an und warten Sie, bis er gl\u00fcht. Pusten Sie anschlie\u00dfend die Flamme aus und stellen Sie den [&hellip;]<\/p>\n","protected":false},"featured_media":413068,"comment_status":"closed","ping_status":"open","template":"","meta":[],"product_brand":[27139],"product_cat":[25841,26861,15331,15152,26477],"product_tag":[],"class_list":{"0":"post-220685","1":"product","2":"type-product","3":"status-publish","4":"has-post-thumbnail","6":"product_brand-stamford","7":"product_cat-dufte-aromen","8":"product_cat-krauter-aromatisch","9":"product_cat-raucherkegel","10":"product_cat-raucherwerk-und-rauchergefasse","11":"product_cat-weiser-salbei","12":"pa_collection-stamford-premium-incense-cones-de","13":"pa_made-in-indien","15":"first","16":"instock","17":"purchasable","18":"product-type-simple"},"supplier_id":null,"supplier_sku":"StamC-21","barcode":null,"atum_controlled":true,"out_stock_date":null,"out_stock_threshold":null,"inheritable":false,"inbound_stock":null,"stock_on_hold":0,"sold_today":0,"sales_last_days":0,"reserved_stock":null,"customer_returns":null,"warehouse_damage":null,"lost_in_post":null,"other_logs":null,"out_stock_days":0,"lost_sales":0,"has_location":null,"update_date":"2026-02-12T03:44:41","atum_locations":[],"atum_stock_status":"instock","restock_status":false,"low_stock_amount":"","sales_update_date":"2026-01-30T01:24:33","calc_backorders":null,"_links":{"self":[{"href":"https:\/\/aromasentia.com\/de\/wp-json\/wp\/v2\/product\/220685","targetHints":{"allow":["GET"]}}],"collection":[{"href":"https:\/\/aromasentia.com\/de\/wp-json\/wp\/v2\/product"}],"about":[{"href":"https:\/\/aromasentia.com\/de\/wp-json\/wp\/v2\/types\/product"}],"replies":[{"embeddable":true,"href":"https:\/\/aromasentia.com\/de\/wp-json\/wp\/v2\/comments?post=220685"}],"version-history":[{"count":0,"href":"https:\/\/aromasentia.com\/de\/wp-json\/wp\/v2\/product\/220685\/revisions"}],"wp:featuredmedia":[{"embeddable":true,"href":"https:\/\/aromasentia.com\/de\/wp-json\/wp\/v2\/media\/413068"}],"wp:attachment":[{"href":"https:\/\/aromasentia.com\/de\/wp-json\/wp\/v2\/media?parent=220685"}],"wp:term":[{"taxonomy":"product_brand","embeddable":true,"href":"https:\/\/aromasentia.com\/de\/wp-json\/wp\/v2\/product_brand?post=220685"},{"taxonomy":"product_cat","embeddable":true,"href":"https:\/\/aromasentia.com\/de\/wp-json\/wp\/v2\/product_cat?post=220685"},{"taxonomy":"product_tag","embeddable":true,"href":"https:\/\/aromasentia.com\/de\/wp-json\/wp\/v2\/product_tag?post=220685"}],"curies":[{"name":"wp","href":"https:\/\/api.w.org\/{rel}","templated":true}]}}