{"id":220657,"date":"2025-03-23T10:31:48","date_gmt":"2025-03-23T10:31:48","guid":{"rendered":"https:\/\/aromasentia.com\/product\/tribal-soul-incesne-myrrh\/"},"modified":"2025-12-30T19:34:21","modified_gmt":"2025-12-30T19:34:21","slug":"15g-packung-myrrhe","status":"publish","type":"product","link":"https:\/\/aromasentia.com\/de\/15g-packung-myrrhe\/","title":{"rendered":"15g Packung &#8211; Myrrhe"},"content":{"rendered":"<p><span style=\"color: rgb(75, 80, 88);\">Diese <strong>Aroma Sentia-ping Tribal Soul Incesne &#8211;&nbsp;<\/strong><\/span><strong>Myrrhe<\/strong><span style=\"color: rgb(75, 80, 88);\">werden von erfahrenen Handwerkern in Indien handgefertigt. Ein gro\u00dfartiger Genuss f\u00fcr alle, die die exotischen D\u00fcfte ferner L\u00e4nder lieben.<\/span><\/p>\n<p><span style=\"color: rgb(75, 80, 88);\">Sie werden in dekorativen Schachteln geliefert und erf\u00fcllen jeden Raum in Ihrem Zuhause mit einem einzigartigen Duft. Entwickelt, um alle Arten von Ger\u00fcchen perfekt zu \u00fcberdecken.<\/span><\/p>\n<p><strong><span style=\"color: rgb(75, 80, 88);\">Perfekt f\u00fcr alle, die sch\u00f6ne D\u00fcfte lieben.<\/span><\/strong><\/p>\n","protected":false},"excerpt":{"rendered":"<p>Diese Aroma Sentia-ping Tribal Soul Incesne &#8211;&nbsp;Myrrhewerden von erfahrenen Handwerkern in Indien handgefertigt. Ein gro\u00dfartiger Genuss f\u00fcr alle, die die exotischen D\u00fcfte ferner L\u00e4nder lieben. Sie werden in dekorativen Schachteln geliefert und erf\u00fcllen jeden Raum in Ihrem Zuhause mit einem einzigartigen Duft. Entwickelt, um alle Arten von Ger\u00fcchen perfekt zu \u00fcberdecken. Perfekt f\u00fcr alle, die [&hellip;]<\/p>\n","protected":false},"featured_media":414809,"comment_status":"closed","ping_status":"open","template":"","meta":{"_angie_page":false},"product_brand":[27152],"product_cat":[25841,26882,26284,15197,15152],"product_tag":[],"class_list":{"0":"post-220657","1":"product","2":"type-product","3":"status-publish","4":"has-post-thumbnail","6":"product_brand-tribal-soul","7":"product_cat-dufte-aromen","8":"product_cat-harzig-balsamisch","9":"product_cat-myrrh","10":"product_cat-raucherstabchen","11":"product_cat-raucherwerk-und-rauchergefasse","12":"pa_collection-tribal-soul-incense-de","13":"pa_made-in-indien","15":"first","16":"instock","17":"purchasable","18":"product-type-simple"},"supplier_id":null,"supplier_sku":"TribalSi-04","barcode":null,"atum_controlled":true,"out_stock_date":null,"out_stock_threshold":null,"inheritable":false,"inbound_stock":null,"stock_on_hold":0,"sold_today":0,"sales_last_days":0,"reserved_stock":null,"customer_returns":null,"warehouse_damage":null,"lost_in_post":null,"other_logs":null,"out_stock_days":0,"lost_sales":0,"has_location":null,"update_date":"2026-04-27T07:25:21","atum_locations":[],"atum_stock_status":"instock","restock_status":false,"low_stock_amount":"","sales_update_date":"2025-09-03T00:17:50","calc_backorders":null,"_links":{"self":[{"href":"https:\/\/aromasentia.com\/de\/wp-json\/wp\/v2\/product\/220657","targetHints":{"allow":["GET"]}}],"collection":[{"href":"https:\/\/aromasentia.com\/de\/wp-json\/wp\/v2\/product"}],"about":[{"href":"https:\/\/aromasentia.com\/de\/wp-json\/wp\/v2\/types\/product"}],"replies":[{"embeddable":true,"href":"https:\/\/aromasentia.com\/de\/wp-json\/wp\/v2\/comments?post=220657"}],"version-history":[{"count":0,"href":"https:\/\/aromasentia.com\/de\/wp-json\/wp\/v2\/product\/220657\/revisions"}],"wp:featuredmedia":[{"embeddable":true,"href":"https:\/\/aromasentia.com\/de\/wp-json\/wp\/v2\/media\/414809"}],"wp:attachment":[{"href":"https:\/\/aromasentia.com\/de\/wp-json\/wp\/v2\/media?parent=220657"}],"wp:term":[{"taxonomy":"product_brand","embeddable":true,"href":"https:\/\/aromasentia.com\/de\/wp-json\/wp\/v2\/product_brand?post=220657"},{"taxonomy":"product_cat","embeddable":true,"href":"https:\/\/aromasentia.com\/de\/wp-json\/wp\/v2\/product_cat?post=220657"},{"taxonomy":"product_tag","embeddable":true,"href":"https:\/\/aromasentia.com\/de\/wp-json\/wp\/v2\/product_tag?post=220657"}],"curies":[{"name":"wp","href":"https:\/\/api.w.org\/{rel}","templated":true}]}}