{"id":220613,"date":"2025-03-23T10:31:48","date_gmt":"2025-03-23T10:31:48","guid":{"rendered":"https:\/\/aromasentia.com\/product\/tribal-soul-backflow-incesne-white-sage-lavender\/"},"modified":"2025-12-30T19:34:14","modified_gmt":"2025-12-30T19:34:14","slug":"10-raeucherkegel-weisser-salbei-lavendel","status":"publish","type":"product","link":"https:\/\/aromasentia.com\/de\/10-raeucherkegel-weisser-salbei-lavendel\/","title":{"rendered":"10 R\u00e4ucherkegel  &#8211; Wei\u00dfer Salbei &#038; Lavendel"},"content":{"rendered":"<p><span style=\"color: rgb(75, 80, 88);\">Diese hochwertigen <strong>Aroma Sentia-ping Tribal Soul Backflow R\u00e4ucherst\u00e4bchen \u2013 Wei\u00dfer Salbei<\/strong><\/span><strong>+<\/strong><span style=\"color: rgb(75, 80, 88);\"><strong>Lavendelkegel<\/strong> eignen sich perfekt f\u00fcr die Verwendung mit R\u00fcckflussbrennern.<\/span><\/p>\n<p><span style=\"color: rgb(75, 80, 88);\">Wundersch\u00f6n verpackt in dekorativen Schachteln und mit aromatischen \u00d6len \u00fcberzogen f\u00fcr einen herrlichen Duft.<\/span><\/p>\n<p><span style=\"color: rgb(75, 80, 88);\">Diese R\u00fcckfluss-R\u00e4ucherkegel wurden entwickelt, um Sie an Ihren gl\u00fccklichen Ort zu bringen. Sie sind das perfekte Geschenk f\u00fcr alle, die einen sch\u00f6nen Duft lieben, oder einfach eine Freude f\u00fcr sich selbst.<\/span><\/p>\n<p><span style=\"color: rgb(75, 80, 88);\"><strong>Brenndauer: ca. 40 Minuten<\/strong><\/span><\/p>\n<p><span style=\"color: rgb(75, 80, 88);\"><strong>Jede<\/strong><\/span><strong><span style=\"color: rgb(75, 80, 88);\"><strong>jede Packung enth\u00e4lt 10 R\u00fcckflusskegel.<\/strong><\/span><\/strong><\/p>\n","protected":false},"excerpt":{"rendered":"<p>Diese hochwertigen Aroma Sentia-ping Tribal Soul Backflow R\u00e4ucherst\u00e4bchen \u2013 Wei\u00dfer Salbei+Lavendelkegel eignen sich perfekt f\u00fcr die Verwendung mit R\u00fcckflussbrennern. Wundersch\u00f6n verpackt in dekorativen Schachteln und mit aromatischen \u00d6len \u00fcberzogen f\u00fcr einen herrlichen Duft. Diese R\u00fcckfluss-R\u00e4ucherkegel wurden entwickelt, um Sie an Ihren gl\u00fccklichen Ort zu bringen. Sie sind das perfekte Geschenk f\u00fcr alle, die einen sch\u00f6nen [&hellip;]<\/p>\n","protected":false},"featured_media":414630,"comment_status":"closed","ping_status":"open","template":"","meta":{"_angie_page":false},"product_brand":[27152],"product_cat":[26833,25841,26861,26234,15331,15152,26477],"product_tag":[],"class_list":{"0":"post-220613","1":"product","2":"type-product","3":"status-publish","4":"has-post-thumbnail","6":"product_brand-tribal-soul","7":"product_cat-blumig","8":"product_cat-dufte-aromen","9":"product_cat-krauter-aromatisch","10":"product_cat-lavendel","11":"product_cat-raucherkegel","12":"product_cat-raucherwerk-und-rauchergefasse","13":"product_cat-weiser-salbei","14":"pa_collection-tribal-soul-premium-backflow-incense-cones-de","15":"pa_made-in-indien","17":"first","18":"instock","19":"purchasable","20":"product-type-simple"},"supplier_id":null,"supplier_sku":"TribalBF-05","barcode":null,"atum_controlled":true,"out_stock_date":null,"out_stock_threshold":null,"inheritable":false,"inbound_stock":null,"stock_on_hold":0,"sold_today":0,"sales_last_days":0,"reserved_stock":null,"customer_returns":null,"warehouse_damage":null,"lost_in_post":null,"other_logs":null,"out_stock_days":0,"lost_sales":0,"has_location":null,"update_date":"2026-05-08T05:21:26","atum_locations":[],"atum_stock_status":"instock","restock_status":false,"low_stock_amount":"","sales_update_date":"2025-09-03T00:17:48","calc_backorders":null,"_links":{"self":[{"href":"https:\/\/aromasentia.com\/de\/wp-json\/wp\/v2\/product\/220613","targetHints":{"allow":["GET"]}}],"collection":[{"href":"https:\/\/aromasentia.com\/de\/wp-json\/wp\/v2\/product"}],"about":[{"href":"https:\/\/aromasentia.com\/de\/wp-json\/wp\/v2\/types\/product"}],"replies":[{"embeddable":true,"href":"https:\/\/aromasentia.com\/de\/wp-json\/wp\/v2\/comments?post=220613"}],"version-history":[{"count":0,"href":"https:\/\/aromasentia.com\/de\/wp-json\/wp\/v2\/product\/220613\/revisions"}],"wp:featuredmedia":[{"embeddable":true,"href":"https:\/\/aromasentia.com\/de\/wp-json\/wp\/v2\/media\/414630"}],"wp:attachment":[{"href":"https:\/\/aromasentia.com\/de\/wp-json\/wp\/v2\/media?parent=220613"}],"wp:term":[{"taxonomy":"product_brand","embeddable":true,"href":"https:\/\/aromasentia.com\/de\/wp-json\/wp\/v2\/product_brand?post=220613"},{"taxonomy":"product_cat","embeddable":true,"href":"https:\/\/aromasentia.com\/de\/wp-json\/wp\/v2\/product_cat?post=220613"},{"taxonomy":"product_tag","embeddable":true,"href":"https:\/\/aromasentia.com\/de\/wp-json\/wp\/v2\/product_tag?post=220613"}],"curies":[{"name":"wp","href":"https:\/\/api.w.org\/{rel}","templated":true}]}}