{"id":220609,"date":"2025-03-23T10:31:48","date_gmt":"2025-03-23T10:31:48","guid":{"rendered":"https:\/\/aromasentia.com\/product\/tribal-soul-backflow-incesne-myrrh\/"},"modified":"2025-12-30T19:34:14","modified_gmt":"2025-12-30T19:34:14","slug":"10-raeucherkegel-myrrhe","status":"publish","type":"product","link":"https:\/\/aromasentia.com\/de\/10-raeucherkegel-myrrhe\/","title":{"rendered":"10 R\u00e4ucherkegel  &#8211; Myrrhe"},"content":{"rendered":"<p><span style=\"color: rgb(75, 80, 88);\">Diese hochwertigen <strong>Aroma Sentia-ping Tribal Soul Backflow Incense &#8211; Myrrhe-Zapfen<\/strong>&nbsp; sind perfekt f\u00fcr die Verwendung mit R\u00fcckflussbrennern.<\/span><\/p>\n<p><span style=\"color: rgb(75, 80, 88);\">Wundersch\u00f6n verpackt in dekorativen Schachteln und mit aromatischen \u00d6len \u00fcberzogen f\u00fcr einen fabelhaften Duft.<\/span><\/p>\n<p><span style=\"color: rgb(75, 80, 88);\">Diese R\u00fcckfluss-R\u00e4ucherkegel wurden entwickelt, um Sie an Ihren gl\u00fccklichen Ort zu bringen und sind das perfekte Geschenk f\u00fcr diejenigen, die einen sch\u00f6nen Duft lieben oder einfach nur eine Belohnung f\u00fcr sich selbst.<\/span><\/p>\n<p><span style=\"color: rgb(75, 80, 88);\"><strong>Brenndauer: Ca. 40 Minuten<\/strong><\/span><\/p>\n<p><span style=\"color: rgb(75, 80, 88);\"><strong>Jede<\/strong><\/span><strong><span style=\"color: rgb(75, 80, 88);\"><strong>Jede Packung enth\u00e4lt 10 R\u00fcckfluss Zapfen.<\/strong><\/span><\/strong><\/p>\n","protected":false},"excerpt":{"rendered":"<p>Diese hochwertigen Aroma Sentia-ping Tribal Soul Backflow Incense &#8211; Myrrhe-Zapfen&nbsp; sind perfekt f\u00fcr die Verwendung mit R\u00fcckflussbrennern. Wundersch\u00f6n verpackt in dekorativen Schachteln und mit aromatischen \u00d6len \u00fcberzogen f\u00fcr einen fabelhaften Duft. Diese R\u00fcckfluss-R\u00e4ucherkegel wurden entwickelt, um Sie an Ihren gl\u00fccklichen Ort zu bringen und sind das perfekte Geschenk f\u00fcr diejenigen, die einen sch\u00f6nen Duft lieben [&hellip;]<\/p>\n","protected":false},"featured_media":414621,"comment_status":"closed","ping_status":"open","template":"","meta":{"_angie_page":false},"product_brand":[27152],"product_cat":[25841,26882,26284,15331,15152],"product_tag":[],"class_list":{"0":"post-220609","1":"product","2":"type-product","3":"status-publish","4":"has-post-thumbnail","6":"product_brand-tribal-soul","7":"product_cat-dufte-aromen","8":"product_cat-harzig-balsamisch","9":"product_cat-myrrh","10":"product_cat-raucherkegel","11":"product_cat-raucherwerk-und-rauchergefasse","12":"pa_collection-tribal-soul-premium-backflow-incense-cones-de","13":"pa_made-in-indien","15":"first","16":"instock","17":"purchasable","18":"product-type-simple"},"supplier_id":null,"supplier_sku":"TribalBF-04","barcode":null,"atum_controlled":true,"out_stock_date":null,"out_stock_threshold":null,"inheritable":false,"inbound_stock":null,"stock_on_hold":0,"sold_today":0,"sales_last_days":0,"reserved_stock":null,"customer_returns":null,"warehouse_damage":null,"lost_in_post":null,"other_logs":null,"out_stock_days":0,"lost_sales":0,"has_location":null,"update_date":"2026-04-27T07:25:21","atum_locations":[],"atum_stock_status":"instock","restock_status":false,"low_stock_amount":"","sales_update_date":"2025-09-03T00:17:48","calc_backorders":null,"_links":{"self":[{"href":"https:\/\/aromasentia.com\/de\/wp-json\/wp\/v2\/product\/220609","targetHints":{"allow":["GET"]}}],"collection":[{"href":"https:\/\/aromasentia.com\/de\/wp-json\/wp\/v2\/product"}],"about":[{"href":"https:\/\/aromasentia.com\/de\/wp-json\/wp\/v2\/types\/product"}],"replies":[{"embeddable":true,"href":"https:\/\/aromasentia.com\/de\/wp-json\/wp\/v2\/comments?post=220609"}],"version-history":[{"count":0,"href":"https:\/\/aromasentia.com\/de\/wp-json\/wp\/v2\/product\/220609\/revisions"}],"wp:featuredmedia":[{"embeddable":true,"href":"https:\/\/aromasentia.com\/de\/wp-json\/wp\/v2\/media\/414621"}],"wp:attachment":[{"href":"https:\/\/aromasentia.com\/de\/wp-json\/wp\/v2\/media?parent=220609"}],"wp:term":[{"taxonomy":"product_brand","embeddable":true,"href":"https:\/\/aromasentia.com\/de\/wp-json\/wp\/v2\/product_brand?post=220609"},{"taxonomy":"product_cat","embeddable":true,"href":"https:\/\/aromasentia.com\/de\/wp-json\/wp\/v2\/product_cat?post=220609"},{"taxonomy":"product_tag","embeddable":true,"href":"https:\/\/aromasentia.com\/de\/wp-json\/wp\/v2\/product_tag?post=220609"}],"curies":[{"name":"wp","href":"https:\/\/api.w.org\/{rel}","templated":true}]}}