{"id":220569,"date":"2025-03-23T10:31:48","date_gmt":"2025-03-23T10:31:48","guid":{"rendered":"https:\/\/aromasentia.com\/product\/buddha-leaf-tibetan-incense-holder\/"},"modified":"2025-12-30T19:34:07","modified_gmt":"2025-12-30T19:34:07","slug":"tibetischer-raeucherstaebchenhalter-mit-buddha-blatt","status":"publish","type":"product","link":"https:\/\/aromasentia.com\/de\/tibetischer-raeucherstaebchenhalter-mit-buddha-blatt\/","title":{"rendered":"Tibetischer R\u00e4ucherst\u00e4bchenhalter mit Buddha-Blatt"},"content":{"rendered":"<p><span style=\"color: rgb(75, 80, 88);\"><strong>Tauchen Sie Ihre Kunden in die Mystik unserer R\u00e4ucherst\u00e4bchenhalter mit tibetischem Dekor ein<\/strong>, einer Kollektion, bei der jedes St\u00fcck ein mit Liebe gefertigtes Handarbeitsst\u00fcck aus dem Herzen Indiens ist.<\/span><\/p>\n<p><span style=\"color: rgb(75, 80, 88);\"><strong>Die Farbpalette aus Rot, Dunkelblau und T\u00fcrkis<\/strong>, kombiniert mit silbernen Metall- <strong>und goldenen Details<\/strong>, verleiht jedem St\u00fcck eine zus\u00e4tzliche Ebene an Tiefe und Reichtum. <strong>Sie spiegeln eine Verbindung zum<\/strong> G\u00f6ttlichen, den nat\u00fcrlichen Elementen und den tiefgr\u00fcndigen Lehren des <strong>Buddhismus<\/strong> wider und machen jedes St\u00fcck nicht nur zu einem funktionalen Gegenstand, sondern auch zu einem Symbol der tibetischen Kultur und Spiritualit\u00e4t.<\/span><\/p>\n<p><span style=\"color: rgb(75, 80, 88);\"><strong>Genie\u00dfen Sie Ruhe und Achtsamkeit mit unserem tibetischen R\u00e4ucherst\u00e4bchenhalter \u201eBuddha Leaf\u201c.<\/strong><\/span><\/p>\n<p><span style=\"color: rgb(75, 80, 88);\">Jedes St\u00fcck tr\u00e4gt die heitere Essenz Buddhas in sich, eingebettet in die sanften Rundungen eines Blattes. Ideal f\u00fcr Momente der Meditation oder zum Dekorieren heiliger R\u00e4ume, ist dieser Halter ein Leuchtfeuer des Friedens.<\/span><\/p>\n<p><span style=\"color: rgb(75, 80, 88);\"><strong>Ma\u00dfe:<\/strong><\/span><\/p>\n<p><span style=\"color: rgb(75, 80, 88);\"><em>13,5 x 8,5 x 4,5 cm<\/em><\/span><\/p>\n","protected":false},"excerpt":{"rendered":"<p>Tauchen Sie Ihre Kunden in die Mystik unserer R\u00e4ucherst\u00e4bchenhalter mit tibetischem Dekor ein, einer Kollektion, bei der jedes St\u00fcck ein mit Liebe gefertigtes Handarbeitsst\u00fcck aus dem Herzen Indiens ist. Die Farbpalette aus Rot, Dunkelblau und T\u00fcrkis, kombiniert mit silbernen Metall- und goldenen Details, verleiht jedem St\u00fcck eine zus\u00e4tzliche Ebene an Tiefe und Reichtum. Sie spiegeln [&hellip;]<\/p>\n","protected":false},"featured_media":414395,"comment_status":"closed","ping_status":"open","template":"","meta":{"_angie_page":false},"product_brand":[],"product_cat":[15153,15167,15152],"product_tag":[],"class_list":{"0":"post-220569","1":"product","2":"type-product","3":"status-publish","4":"has-post-thumbnail","6":"product_cat-rauchergefasse-und-raucherstabchenhalter","7":"product_cat-raucherkegelhalter","8":"product_cat-raucherwerk-und-rauchergefasse","9":"pa_collection-tibetan-decor-incense-holders-de","10":"pa_made-in-indien","12":"first","13":"instock","14":"purchasable","15":"product-type-simple"},"supplier_id":null,"supplier_sku":"TDIH-01","barcode":null,"atum_controlled":true,"out_stock_date":null,"out_stock_threshold":null,"inheritable":false,"inbound_stock":null,"stock_on_hold":0,"sold_today":0,"sales_last_days":0,"reserved_stock":null,"customer_returns":null,"warehouse_damage":null,"lost_in_post":null,"other_logs":null,"out_stock_days":0,"lost_sales":0,"has_location":null,"update_date":"2026-04-27T07:24:11","atum_locations":[],"atum_stock_status":"instock","restock_status":false,"low_stock_amount":"","sales_update_date":"2026-01-30T01:24:46","calc_backorders":null,"_links":{"self":[{"href":"https:\/\/aromasentia.com\/de\/wp-json\/wp\/v2\/product\/220569","targetHints":{"allow":["GET"]}}],"collection":[{"href":"https:\/\/aromasentia.com\/de\/wp-json\/wp\/v2\/product"}],"about":[{"href":"https:\/\/aromasentia.com\/de\/wp-json\/wp\/v2\/types\/product"}],"replies":[{"embeddable":true,"href":"https:\/\/aromasentia.com\/de\/wp-json\/wp\/v2\/comments?post=220569"}],"version-history":[{"count":0,"href":"https:\/\/aromasentia.com\/de\/wp-json\/wp\/v2\/product\/220569\/revisions"}],"wp:featuredmedia":[{"embeddable":true,"href":"https:\/\/aromasentia.com\/de\/wp-json\/wp\/v2\/media\/414395"}],"wp:attachment":[{"href":"https:\/\/aromasentia.com\/de\/wp-json\/wp\/v2\/media?parent=220569"}],"wp:term":[{"taxonomy":"product_brand","embeddable":true,"href":"https:\/\/aromasentia.com\/de\/wp-json\/wp\/v2\/product_brand?post=220569"},{"taxonomy":"product_cat","embeddable":true,"href":"https:\/\/aromasentia.com\/de\/wp-json\/wp\/v2\/product_cat?post=220569"},{"taxonomy":"product_tag","embeddable":true,"href":"https:\/\/aromasentia.com\/de\/wp-json\/wp\/v2\/product_tag?post=220569"}],"curies":[{"name":"wp","href":"https:\/\/api.w.org\/{rel}","templated":true}]}}