{"id":220521,"date":"2025-03-23T10:31:48","date_gmt":"2025-03-23T10:31:48","guid":{"rendered":"https:\/\/aromasentia.com\/product\/citronella-lemongrass-premium-incense\/"},"modified":"2025-12-30T19:33:58","modified_gmt":"2025-12-30T19:33:58","slug":"schachtel-mit-6-premium-raeucherstaebchen-citronella-und-zitronengras","status":"publish","type":"product","link":"https:\/\/aromasentia.com\/de\/schachtel-mit-6-premium-raeucherstaebchen-citronella-und-zitronengras\/","title":{"rendered":"Schachtel mit 6 Premium-R\u00e4ucherst\u00e4bchen Citronella und Zitronengras"},"content":{"rendered":"<p>Gro\u00dfhandel Stamford Hexagonal R\u00e4ucherst\u00e4bchen k\u00f6nnen Sie sich zur\u00fccklehnen, entspannen und genie\u00dfen Sie die Subtilit\u00e4t dieser Duft und Aroma, wie Sie die R\u00e4ucherst\u00e4bchen infundieren die Luft um Sie herum.<\/p>\n<p>Dieses Sortiment von R\u00e4ucherst\u00e4bchen k\u00f6nnen Sie die perfekte Stimmung f\u00fcr Entspannung, unterhaltsam und ein wirklich stilvolles Zuhause zu schaffen. Mit qualitativ hochwertigen D\u00fcften in jedem Design, haben Sie etwas Besonderes f\u00fcr jeden Kunden zur Auswahl.<\/p>\n","protected":false},"excerpt":{"rendered":"<p>Gro\u00dfhandel Stamford Hexagonal R\u00e4ucherst\u00e4bchen k\u00f6nnen Sie sich zur\u00fccklehnen, entspannen und genie\u00dfen Sie die Subtilit\u00e4t dieser Duft und Aroma, wie Sie die R\u00e4ucherst\u00e4bchen infundieren die Luft um Sie herum. Dieses Sortiment von R\u00e4ucherst\u00e4bchen k\u00f6nnen Sie die perfekte Stimmung f\u00fcr Entspannung, unterhaltsam und ein wirklich stilvolles Zuhause zu schaffen. Mit qualitativ hochwertigen D\u00fcften in jedem Design, haben [&hellip;]<\/p>\n","protected":false},"featured_media":413991,"comment_status":"closed","ping_status":"open","template":"","meta":{"_angie_page":false},"product_brand":[27139],"product_cat":[26138,25841,15197,15152,26253,26819],"product_tag":[],"class_list":{"0":"post-220521","1":"product","2":"type-product","3":"status-publish","4":"has-post-thumbnail","6":"product_brand-stamford","7":"product_cat-citronella","8":"product_cat-dufte-aromen","9":"product_cat-raucherstabchen","10":"product_cat-raucherwerk-und-rauchergefasse","11":"product_cat-zitronengras","12":"product_cat-zitrus","13":"pa_collection-stamford-premium-incense-sticks-de","14":"pa_made-in-indien","16":"first","17":"instock","18":"purchasable","19":"product-type-simple"},"supplier_id":null,"supplier_sku":"StamFP-46","barcode":null,"atum_controlled":true,"out_stock_date":null,"out_stock_threshold":null,"inheritable":false,"inbound_stock":null,"stock_on_hold":0,"sold_today":0,"sales_last_days":0,"reserved_stock":null,"customer_returns":null,"warehouse_damage":null,"lost_in_post":null,"other_logs":null,"out_stock_days":0,"lost_sales":0,"has_location":null,"update_date":"2026-04-27T07:23:41","atum_locations":[],"atum_stock_status":"instock","restock_status":false,"low_stock_amount":"","sales_update_date":"2026-01-30T01:26:10","calc_backorders":null,"_links":{"self":[{"href":"https:\/\/aromasentia.com\/de\/wp-json\/wp\/v2\/product\/220521","targetHints":{"allow":["GET"]}}],"collection":[{"href":"https:\/\/aromasentia.com\/de\/wp-json\/wp\/v2\/product"}],"about":[{"href":"https:\/\/aromasentia.com\/de\/wp-json\/wp\/v2\/types\/product"}],"replies":[{"embeddable":true,"href":"https:\/\/aromasentia.com\/de\/wp-json\/wp\/v2\/comments?post=220521"}],"version-history":[{"count":0,"href":"https:\/\/aromasentia.com\/de\/wp-json\/wp\/v2\/product\/220521\/revisions"}],"wp:featuredmedia":[{"embeddable":true,"href":"https:\/\/aromasentia.com\/de\/wp-json\/wp\/v2\/media\/413991"}],"wp:attachment":[{"href":"https:\/\/aromasentia.com\/de\/wp-json\/wp\/v2\/media?parent=220521"}],"wp:term":[{"taxonomy":"product_brand","embeddable":true,"href":"https:\/\/aromasentia.com\/de\/wp-json\/wp\/v2\/product_brand?post=220521"},{"taxonomy":"product_cat","embeddable":true,"href":"https:\/\/aromasentia.com\/de\/wp-json\/wp\/v2\/product_cat?post=220521"},{"taxonomy":"product_tag","embeddable":true,"href":"https:\/\/aromasentia.com\/de\/wp-json\/wp\/v2\/product_tag?post=220521"}],"curies":[{"name":"wp","href":"https:\/\/api.w.org\/{rel}","templated":true}]}}