{"id":220505,"date":"2025-03-23T10:31:48","date_gmt":"2025-03-23T10:31:48","guid":{"rendered":"https:\/\/aromasentia.com\/product\/refreshing-premium-incense-sticks\/"},"modified":"2025-12-30T19:33:58","modified_gmt":"2025-12-30T19:33:58","slug":"20-raeucherstaebchen-refreshing-2","status":"publish","type":"product","link":"https:\/\/aromasentia.com\/de\/20-raeucherstaebchen-refreshing-2\/","title":{"rendered":"20 R\u00e4ucherst\u00e4bchen &#8218;Refreshing&#8216;"},"content":{"rendered":"<p>Beleben Sie Ihre Sinne und heben Sie Ihre Stimmung mit diesen erfrischenden Premium-R\u00e4ucherst\u00e4bchen. Hergestellt aus einer Mischung hochwertiger Inhaltsstoffe, die f\u00fcr ihre energetisierenden Eigenschaften bekannt sind, verstr\u00f6men diese St\u00e4bchen ein lang anhaltendes Aroma, das zu einer belebenden Atmosph\u00e4re beitr\u00e4gt.<\/p>\n","protected":false},"excerpt":{"rendered":"<p>Beleben Sie Ihre Sinne und heben Sie Ihre Stimmung mit diesen erfrischenden Premium-R\u00e4ucherst\u00e4bchen. Hergestellt aus einer Mischung hochwertiger Inhaltsstoffe, die f\u00fcr ihre energetisierenden Eigenschaften bekannt sind, verstr\u00f6men diese St\u00e4bchen ein lang anhaltendes Aroma, das zu einer belebenden Atmosph\u00e4re beitr\u00e4gt.<\/p>\n","protected":false},"featured_media":413971,"comment_status":"closed","ping_status":"open","template":"","meta":{"_angie_page":false},"product_brand":[27139],"product_cat":[15197,15152],"product_tag":[],"class_list":{"0":"post-220505","1":"product","2":"type-product","3":"status-publish","4":"has-post-thumbnail","6":"product_brand-stamford","7":"product_cat-raucherstabchen","8":"product_cat-raucherwerk-und-rauchergefasse","9":"pa_collection-stamford-premium-incense-sticks-de","10":"pa_made-in-indien","12":"first","13":"instock","14":"purchasable","15":"product-type-simple"},"supplier_id":null,"supplier_sku":"StamFP-36","barcode":null,"atum_controlled":true,"out_stock_date":null,"out_stock_threshold":null,"inheritable":false,"inbound_stock":null,"stock_on_hold":0,"sold_today":0,"sales_last_days":0,"reserved_stock":null,"customer_returns":null,"warehouse_damage":null,"lost_in_post":null,"other_logs":null,"out_stock_days":0,"lost_sales":0,"has_location":null,"update_date":"2026-05-08T05:20:17","atum_locations":[],"atum_stock_status":"instock","restock_status":false,"low_stock_amount":"","sales_update_date":"2026-01-30T01:24:46","calc_backorders":null,"_links":{"self":[{"href":"https:\/\/aromasentia.com\/de\/wp-json\/wp\/v2\/product\/220505","targetHints":{"allow":["GET"]}}],"collection":[{"href":"https:\/\/aromasentia.com\/de\/wp-json\/wp\/v2\/product"}],"about":[{"href":"https:\/\/aromasentia.com\/de\/wp-json\/wp\/v2\/types\/product"}],"replies":[{"embeddable":true,"href":"https:\/\/aromasentia.com\/de\/wp-json\/wp\/v2\/comments?post=220505"}],"version-history":[{"count":0,"href":"https:\/\/aromasentia.com\/de\/wp-json\/wp\/v2\/product\/220505\/revisions"}],"wp:featuredmedia":[{"embeddable":true,"href":"https:\/\/aromasentia.com\/de\/wp-json\/wp\/v2\/media\/413971"}],"wp:attachment":[{"href":"https:\/\/aromasentia.com\/de\/wp-json\/wp\/v2\/media?parent=220505"}],"wp:term":[{"taxonomy":"product_brand","embeddable":true,"href":"https:\/\/aromasentia.com\/de\/wp-json\/wp\/v2\/product_brand?post=220505"},{"taxonomy":"product_cat","embeddable":true,"href":"https:\/\/aromasentia.com\/de\/wp-json\/wp\/v2\/product_cat?post=220505"},{"taxonomy":"product_tag","embeddable":true,"href":"https:\/\/aromasentia.com\/de\/wp-json\/wp\/v2\/product_tag?post=220505"}],"curies":[{"name":"wp","href":"https:\/\/api.w.org\/{rel}","templated":true}]}}