{"id":220497,"date":"2025-03-23T10:31:48","date_gmt":"2025-03-23T10:31:48","guid":{"rendered":"https:\/\/aromasentia.com\/product\/relaxing-premium-incense-sticks\/"},"modified":"2025-12-30T19:33:51","modified_gmt":"2025-12-30T19:33:51","slug":"20-raeucherstaebchen-relaxing-2","status":"publish","type":"product","link":"https:\/\/aromasentia.com\/de\/20-raeucherstaebchen-relaxing-2\/","title":{"rendered":"20 R\u00e4ucherst\u00e4bchen &#8218;Relaxing&#8216;"},"content":{"rendered":"<p><strong>Relaxing Wholesale Stamford Hexagonal Incense Sticks<\/strong> erm\u00f6glicht es Ihnen, sich zur\u00fcckzulehnen, zu entspannen und die Subtilit\u00e4t dieses Duftes und Aromas zu genie\u00dfen, w\u00e4hrend Sie den Weihrauch die Luft um sich herum erf\u00fcllen lassen.<\/p>\n<p>Mit diesen R\u00e4ucherst\u00e4bchen k\u00f6nnen Sie die perfekte Stimmung f\u00fcr Entspannung, Unterhaltung und ein wirklich stilvolles Zuhause schaffen. Mit hochwertigen D\u00fcften in jedem Design haben wir f\u00fcr jeden etwas Passendes.<\/p>\n<p>Z\u00fcnden Sie einfach die Spitze Ihres R\u00e4ucherst\u00e4bchens an und warten Sie, bis es gl\u00fcht. Blasen Sie dann die Flamme aus und stellen Sie sie in einen R\u00e4ucherst\u00e4bchenhalter, um einen herrlichen Duft im ganzen Haus zu verbreiten.<\/p>\n<p>Packung mit entkernten R\u00e4ucherst\u00e4bchen<\/p>\n<p>Enth\u00e4lt ca. 20 R\u00e4ucherst\u00e4bchen<\/p>\n<p>Brenndauer ca. 30 Minuten. pro St\u00e4bchen<\/p>\n<p>F\u00fcr beste Ergebnisse in einen R\u00e4ucherst\u00e4bchenhalter stellen<\/p>\n<p>Ausschlie\u00dflich aus Rohstoffen der Parf\u00fcmerie hergestellt<\/p>\n<p>Verpackung ist recycelbar<\/p>\n","protected":false},"excerpt":{"rendered":"<p>Relaxing Wholesale Stamford Hexagonal Incense Sticks erm\u00f6glicht es Ihnen, sich zur\u00fcckzulehnen, zu entspannen und die Subtilit\u00e4t dieses Duftes und Aromas zu genie\u00dfen, w\u00e4hrend Sie den Weihrauch die Luft um sich herum erf\u00fcllen lassen. Mit diesen R\u00e4ucherst\u00e4bchen k\u00f6nnen Sie die perfekte Stimmung f\u00fcr Entspannung, Unterhaltung und ein wirklich stilvolles Zuhause schaffen. Mit hochwertigen D\u00fcften in jedem [&hellip;]<\/p>\n","protected":false},"featured_media":413953,"comment_status":"closed","ping_status":"open","template":"","meta":{"_angie_page":false},"product_brand":[27139],"product_cat":[15197,15152],"product_tag":[],"class_list":{"0":"post-220497","1":"product","2":"type-product","3":"status-publish","4":"has-post-thumbnail","6":"product_brand-stamford","7":"product_cat-raucherstabchen","8":"product_cat-raucherwerk-und-rauchergefasse","9":"pa_collection-stamford-premium-incense-sticks-de","10":"pa_made-in-indien","12":"first","13":"instock","14":"purchasable","15":"product-type-simple"},"supplier_id":null,"supplier_sku":"StamFP-34","barcode":null,"atum_controlled":true,"out_stock_date":null,"out_stock_threshold":null,"inheritable":false,"inbound_stock":null,"stock_on_hold":0,"sold_today":0,"sales_last_days":0,"reserved_stock":null,"customer_returns":null,"warehouse_damage":null,"lost_in_post":null,"other_logs":null,"out_stock_days":0,"lost_sales":0,"has_location":null,"update_date":"2026-05-08T05:20:17","atum_locations":[],"atum_stock_status":"instock","restock_status":false,"low_stock_amount":"","sales_update_date":"2025-09-03T00:17:42","calc_backorders":null,"_links":{"self":[{"href":"https:\/\/aromasentia.com\/de\/wp-json\/wp\/v2\/product\/220497","targetHints":{"allow":["GET"]}}],"collection":[{"href":"https:\/\/aromasentia.com\/de\/wp-json\/wp\/v2\/product"}],"about":[{"href":"https:\/\/aromasentia.com\/de\/wp-json\/wp\/v2\/types\/product"}],"replies":[{"embeddable":true,"href":"https:\/\/aromasentia.com\/de\/wp-json\/wp\/v2\/comments?post=220497"}],"version-history":[{"count":0,"href":"https:\/\/aromasentia.com\/de\/wp-json\/wp\/v2\/product\/220497\/revisions"}],"wp:featuredmedia":[{"embeddable":true,"href":"https:\/\/aromasentia.com\/de\/wp-json\/wp\/v2\/media\/413953"}],"wp:attachment":[{"href":"https:\/\/aromasentia.com\/de\/wp-json\/wp\/v2\/media?parent=220497"}],"wp:term":[{"taxonomy":"product_brand","embeddable":true,"href":"https:\/\/aromasentia.com\/de\/wp-json\/wp\/v2\/product_brand?post=220497"},{"taxonomy":"product_cat","embeddable":true,"href":"https:\/\/aromasentia.com\/de\/wp-json\/wp\/v2\/product_cat?post=220497"},{"taxonomy":"product_tag","embeddable":true,"href":"https:\/\/aromasentia.com\/de\/wp-json\/wp\/v2\/product_tag?post=220497"}],"curies":[{"name":"wp","href":"https:\/\/api.w.org\/{rel}","templated":true}]}}