{"id":220477,"date":"2025-03-23T10:31:48","date_gmt":"2025-03-23T10:31:48","guid":{"rendered":"https:\/\/aromasentia.com\/product\/white-sage-premium-incense-sticks\/"},"modified":"2025-12-30T19:33:51","modified_gmt":"2025-12-30T19:33:51","slug":"20-raeucherstaebchen-weisser-salbei-3","status":"publish","type":"product","link":"https:\/\/aromasentia.com\/de\/20-raeucherstaebchen-weisser-salbei-3\/","title":{"rendered":"20 R\u00e4ucherst\u00e4bchen &#8218;Wei\u00dfer Salbei&#8216;"},"content":{"rendered":"<p>Wei\u00dfer Salbei soll viele medizinische Vorteile haben. Der Duft von Stamford White Sage ist ein wunderbar leichter Duft, der Ihre Sinne beruhigen kann.<br \/><strong>Gro\u00dfhandel Stamford Hexagonal R\u00e4ucherst\u00e4bchen<\/strong> erm\u00f6glicht es Ihnen, sich zur\u00fcckzulehnen, zu entspannen und die Subtilit\u00e4t dieses Duftes und Aromas zu genie\u00dfen, w\u00e4hrend Sie den Weihrauch die Luft um Sie herum durchdringen lassen.<br \/>Mit dieser Auswahl an R\u00e4ucherst\u00e4bchen k\u00f6nnen Sie die perfekte Stimmung f\u00fcr Entspannung, Unterhaltung und ein wirklich stilvolles Zuhause schaffen. Mit hochwertigen D\u00fcften in jedem Design haben wir f\u00fcr jeden etwas Passendes.<br \/>Z\u00fcnden Sie einfach die Spitze Ihres R\u00e4ucherst\u00e4bchens an und warten Sie, bis es gl\u00fcht. Blasen Sie dann die Flamme aus und legen Sie sie in einen R\u00e4ucherst\u00e4bchenhalter, um einen sch\u00f6nen Duft in Ihrem Zuhause zu verbreiten.<br \/>Packung mit entkernten R\u00e4ucherst\u00e4bchen<br \/>Enth\u00e4lt ca. 20 R\u00e4ucherst\u00e4bchen<br \/>Brenndauer ca. 30 Minuten pro St\u00e4bchen<br \/>F\u00fcr beste Ergebnisse in einen R\u00e4ucherst\u00e4bchenhalter legen<br \/>Ausschlie\u00dflich aus Parf\u00fcmerierohstoffen hergestellt<br \/>Verpackung ist recycelbar<\/p>\n","protected":false},"excerpt":{"rendered":"<p>Wei\u00dfer Salbei soll viele medizinische Vorteile haben. Der Duft von Stamford White Sage ist ein wunderbar leichter Duft, der Ihre Sinne beruhigen kann.Gro\u00dfhandel Stamford Hexagonal R\u00e4ucherst\u00e4bchen erm\u00f6glicht es Ihnen, sich zur\u00fcckzulehnen, zu entspannen und die Subtilit\u00e4t dieses Duftes und Aromas zu genie\u00dfen, w\u00e4hrend Sie den Weihrauch die Luft um Sie herum durchdringen lassen.Mit dieser Auswahl [&hellip;]<\/p>\n","protected":false},"featured_media":413916,"comment_status":"closed","ping_status":"open","template":"","meta":{"_angie_page":false},"product_brand":[27139],"product_cat":[25841,26861,15197,15152,26477],"product_tag":[],"class_list":{"0":"post-220477","1":"product","2":"type-product","3":"status-publish","4":"has-post-thumbnail","6":"product_brand-stamford","7":"product_cat-dufte-aromen","8":"product_cat-krauter-aromatisch","9":"product_cat-raucherstabchen","10":"product_cat-raucherwerk-und-rauchergefasse","11":"product_cat-weiser-salbei","12":"pa_collection-stamford-premium-incense-sticks-de","13":"pa_made-in-indien","15":"first","16":"instock","17":"purchasable","18":"product-type-simple"},"supplier_id":null,"supplier_sku":"StamFP-10","barcode":null,"atum_controlled":true,"out_stock_date":null,"out_stock_threshold":null,"inheritable":false,"inbound_stock":null,"stock_on_hold":0,"sold_today":0,"sales_last_days":0,"reserved_stock":null,"customer_returns":null,"warehouse_damage":null,"lost_in_post":null,"other_logs":null,"out_stock_days":0,"lost_sales":0,"has_location":null,"update_date":"2026-05-08T05:20:17","atum_locations":[],"atum_stock_status":"instock","restock_status":false,"low_stock_amount":"","sales_update_date":"2025-09-03T00:17:41","calc_backorders":null,"_links":{"self":[{"href":"https:\/\/aromasentia.com\/de\/wp-json\/wp\/v2\/product\/220477","targetHints":{"allow":["GET"]}}],"collection":[{"href":"https:\/\/aromasentia.com\/de\/wp-json\/wp\/v2\/product"}],"about":[{"href":"https:\/\/aromasentia.com\/de\/wp-json\/wp\/v2\/types\/product"}],"replies":[{"embeddable":true,"href":"https:\/\/aromasentia.com\/de\/wp-json\/wp\/v2\/comments?post=220477"}],"version-history":[{"count":0,"href":"https:\/\/aromasentia.com\/de\/wp-json\/wp\/v2\/product\/220477\/revisions"}],"wp:featuredmedia":[{"embeddable":true,"href":"https:\/\/aromasentia.com\/de\/wp-json\/wp\/v2\/media\/413916"}],"wp:attachment":[{"href":"https:\/\/aromasentia.com\/de\/wp-json\/wp\/v2\/media?parent=220477"}],"wp:term":[{"taxonomy":"product_brand","embeddable":true,"href":"https:\/\/aromasentia.com\/de\/wp-json\/wp\/v2\/product_brand?post=220477"},{"taxonomy":"product_cat","embeddable":true,"href":"https:\/\/aromasentia.com\/de\/wp-json\/wp\/v2\/product_cat?post=220477"},{"taxonomy":"product_tag","embeddable":true,"href":"https:\/\/aromasentia.com\/de\/wp-json\/wp\/v2\/product_tag?post=220477"}],"curies":[{"name":"wp","href":"https:\/\/api.w.org\/{rel}","templated":true}]}}