{"id":220465,"date":"2025-03-23T10:31:48","date_gmt":"2025-03-23T10:31:48","guid":{"rendered":"https:\/\/aromasentia.com\/product\/patchouli-premium-incense-sticks\/"},"modified":"2025-12-30T19:33:51","modified_gmt":"2025-12-30T19:33:51","slug":"20-raeucherstaebchen-patchouli","status":"publish","type":"product","link":"https:\/\/aromasentia.com\/de\/20-raeucherstaebchen-patchouli\/","title":{"rendered":"20 R\u00e4ucherst\u00e4bchen &#8218;Patchouli&#8216;"},"content":{"rendered":"<p>Patchouli ist einer der wichtigsten Bestandteile eines Parf\u00fcms. Patchouli\u00f6l wird aus den Bl\u00e4ttern und St\u00e4ngeln der Patchouli-Pflanze gewonnen, die haupts\u00e4chlich in Indonesien w\u00e4chst. Man sagt, dass Patchouli-R\u00e4ucherst\u00e4bchen entspannend wirken und Stress abbauen.<br \/><strong>Gro\u00dfhandel Stamford Hexagonal R\u00e4ucherst\u00e4bchen&nbsp;<\/strong>Sie k\u00f6nnen sich zur\u00fccklehnen, entspannen und die Subtilit\u00e4t dieses Duftes und Aromas genie\u00dfen, w\u00e4hrend Sie das R\u00e4ucherst\u00e4bchen die Luft um Sie herum durchdringen lassen.<br \/>Mit diesem Sortiment an R\u00e4ucherst\u00e4bchen k\u00f6nnen Sie die perfekte Stimmung f\u00fcr Entspannung, Unterhaltung und ein wirklich stilvolles Zuhause schaffen. Mit hochwertigen D\u00fcften in jedem Design haben wir f\u00fcr jeden etwas Passendes.<br \/>Z\u00fcnden Sie einfach die Spitze Ihres R\u00e4ucherst\u00e4bchens an und warten Sie, bis es gl\u00fcht. Blasen Sie dann die Flamme aus und legen Sie sie in einen R\u00e4ucherst\u00e4bchenhalter, um einen sch\u00f6nen Duft in Ihrem Zuhause zu verbreiten.<br \/>Packung mit entkernten R\u00e4ucherst\u00e4bchen<br \/>Enth\u00e4lt ca. 20 R\u00e4ucherst\u00e4bchen<br \/>Brenndauer ca. 30 Minuten pro St\u00e4bchen<br \/>F\u00fcr beste Ergebnisse in einen R\u00e4ucherst\u00e4bchenhalter legen<br \/>Ausschlie\u00dflich aus Parf\u00fcmerierohstoffen hergestellt<br \/>Verpackung ist recycelbar<\/p>\n","protected":false},"excerpt":{"rendered":"<p>Patchouli ist einer der wichtigsten Bestandteile eines Parf\u00fcms. Patchouli\u00f6l wird aus den Bl\u00e4ttern und St\u00e4ngeln der Patchouli-Pflanze gewonnen, die haupts\u00e4chlich in Indonesien w\u00e4chst. Man sagt, dass Patchouli-R\u00e4ucherst\u00e4bchen entspannend wirken und Stress abbauen.Gro\u00dfhandel Stamford Hexagonal R\u00e4ucherst\u00e4bchen&nbsp;Sie k\u00f6nnen sich zur\u00fccklehnen, entspannen und die Subtilit\u00e4t dieses Duftes und Aromas genie\u00dfen, w\u00e4hrend Sie das R\u00e4ucherst\u00e4bchen die Luft um Sie [&hellip;]<\/p>\n","protected":false},"featured_media":413889,"comment_status":"closed","ping_status":"open","template":"","meta":{"_angie_page":false},"product_brand":[27139],"product_cat":[25841,26826,26331,15197,15152],"product_tag":[],"class_list":{"0":"post-220465","1":"product","2":"type-product","3":"status-publish","4":"has-post-thumbnail","6":"product_brand-stamford","7":"product_cat-dufte-aromen","8":"product_cat-erdig-grun","9":"product_cat-patschuli","10":"product_cat-raucherstabchen","11":"product_cat-raucherwerk-und-rauchergefasse","12":"pa_collection-stamford-premium-incense-sticks-de","13":"pa_made-in-indien","15":"first","16":"instock","17":"purchasable","18":"product-type-simple"},"supplier_id":null,"supplier_sku":"StamFP-03","barcode":null,"atum_controlled":true,"out_stock_date":null,"out_stock_threshold":null,"inheritable":false,"inbound_stock":null,"stock_on_hold":0,"sold_today":0,"sales_last_days":0,"reserved_stock":null,"customer_returns":null,"warehouse_damage":null,"lost_in_post":null,"other_logs":null,"out_stock_days":0,"lost_sales":0,"has_location":null,"update_date":"2026-04-27T07:23:30","atum_locations":[],"atum_stock_status":"instock","restock_status":false,"low_stock_amount":"","sales_update_date":"2025-09-03T00:17:40","calc_backorders":null,"_links":{"self":[{"href":"https:\/\/aromasentia.com\/de\/wp-json\/wp\/v2\/product\/220465","targetHints":{"allow":["GET"]}}],"collection":[{"href":"https:\/\/aromasentia.com\/de\/wp-json\/wp\/v2\/product"}],"about":[{"href":"https:\/\/aromasentia.com\/de\/wp-json\/wp\/v2\/types\/product"}],"replies":[{"embeddable":true,"href":"https:\/\/aromasentia.com\/de\/wp-json\/wp\/v2\/comments?post=220465"}],"version-history":[{"count":0,"href":"https:\/\/aromasentia.com\/de\/wp-json\/wp\/v2\/product\/220465\/revisions"}],"wp:featuredmedia":[{"embeddable":true,"href":"https:\/\/aromasentia.com\/de\/wp-json\/wp\/v2\/media\/413889"}],"wp:attachment":[{"href":"https:\/\/aromasentia.com\/de\/wp-json\/wp\/v2\/media?parent=220465"}],"wp:term":[{"taxonomy":"product_brand","embeddable":true,"href":"https:\/\/aromasentia.com\/de\/wp-json\/wp\/v2\/product_brand?post=220465"},{"taxonomy":"product_cat","embeddable":true,"href":"https:\/\/aromasentia.com\/de\/wp-json\/wp\/v2\/product_cat?post=220465"},{"taxonomy":"product_tag","embeddable":true,"href":"https:\/\/aromasentia.com\/de\/wp-json\/wp\/v2\/product_tag?post=220465"}],"curies":[{"name":"wp","href":"https:\/\/api.w.org\/{rel}","templated":true}]}}