{"id":220405,"date":"2025-03-23T10:31:56","date_gmt":"2025-03-23T10:31:56","guid":{"rendered":"https:\/\/aromasentia.com\/product\/vedic-incense-sticks-patchouli\/"},"modified":"2025-12-30T19:33:36","modified_gmt":"2025-12-30T19:33:36","slug":"15g-packung-patchouli","status":"publish","type":"product","link":"https:\/\/aromasentia.com\/de\/15g-packung-patchouli\/","title":{"rendered":"15g Packung &#8211; \u00a0Patchouli"},"content":{"rendered":"<p><span style=\"color: rgb(75, 80, 88);\">Vedische R\u00e4ucherst\u00e4bchen von <strong>Ancient Wisdom<\/strong> wurden sorgf\u00e4ltig hergestellt, um die Essenz der alten hinduistischen vedischen Lehren einzufangen.&nbsp;<\/span><\/p>\n<p><span style=\"color: rgb(75, 80, 88);\">Hergestellt in der historischen Stadt Jaipur von der R\u00e4ucherst\u00e4bchenfirma Aromatika. &nbsp;<\/span><\/p>\n<p><span style=\"color: rgb(75, 80, 88);\">Echte handgerollte Masala-R\u00e4ucherst\u00e4bchen. Diese St\u00e4bchen brennen 20 Minuten oder l\u00e4nger und verstr\u00f6men einen intensiven, berauschenden Duft, der Ihre Nase erfreuen wird.&nbsp;<\/span><\/p>\n<p><span style=\"color: rgb(75, 80, 88);\"><strong>Jede Schachtel enth\u00e4lt 12 R\u00e4ucherst\u00e4bchen (15 g).<\/strong><\/span><\/p>\n<p><a href=\"https:\/\/aromasentia.com\/wooden-incense-holders\">Ideal passend zu unserer Auswahl an R\u00e4ucherst\u00e4bchenhaltern<\/a> <span style=\"color: rgb(75, 80, 88);\">&amp;<\/span> <a href=\"https:\/\/aromasentia.com\/wwih\">wei\u00df get\u00fcnchte R\u00e4ucherst\u00e4bchenhalter Auswahl.&nbsp;<\/a><\/p>\n","protected":false},"excerpt":{"rendered":"<p>Vedische R\u00e4ucherst\u00e4bchen von Ancient Wisdom wurden sorgf\u00e4ltig hergestellt, um die Essenz der alten hinduistischen vedischen Lehren einzufangen.&nbsp; Hergestellt in der historischen Stadt Jaipur von der R\u00e4ucherst\u00e4bchenfirma Aromatika. &nbsp; Echte handgerollte Masala-R\u00e4ucherst\u00e4bchen. Diese St\u00e4bchen brennen 20 Minuten oder l\u00e4nger und verstr\u00f6men einen intensiven, berauschenden Duft, der Ihre Nase erfreuen wird.&nbsp; Jede Schachtel enth\u00e4lt 12 R\u00e4ucherst\u00e4bchen (15 [&hellip;]<\/p>\n","protected":false},"featured_media":415806,"comment_status":"closed","ping_status":"open","template":"","meta":{"_angie_page":false},"product_brand":[27103],"product_cat":[25841,26826,26331,15197,15152],"product_tag":[],"class_list":{"0":"post-220405","1":"product","2":"type-product","3":"status-publish","4":"has-post-thumbnail","6":"product_brand-aromatika","7":"product_cat-dufte-aromen","8":"product_cat-erdig-grun","9":"product_cat-patschuli","10":"product_cat-raucherstabchen","11":"product_cat-raucherwerk-und-rauchergefasse","12":"pa_collection-vedic-masala-incense-sticks-de","13":"pa_made-in-indien","15":"first","16":"instock","17":"purchasable","18":"product-type-simple"},"supplier_id":null,"supplier_sku":"Vedic-14","barcode":null,"atum_controlled":true,"out_stock_date":null,"out_stock_threshold":null,"inheritable":false,"inbound_stock":null,"stock_on_hold":0,"sold_today":0,"sales_last_days":0,"reserved_stock":null,"customer_returns":null,"warehouse_damage":null,"lost_in_post":null,"other_logs":null,"out_stock_days":0,"lost_sales":0,"has_location":null,"update_date":"2026-04-27T07:26:08","atum_locations":[],"atum_stock_status":"instock","restock_status":false,"low_stock_amount":"","sales_update_date":"2026-02-06T00:02:29","calc_backorders":null,"_links":{"self":[{"href":"https:\/\/aromasentia.com\/de\/wp-json\/wp\/v2\/product\/220405","targetHints":{"allow":["GET"]}}],"collection":[{"href":"https:\/\/aromasentia.com\/de\/wp-json\/wp\/v2\/product"}],"about":[{"href":"https:\/\/aromasentia.com\/de\/wp-json\/wp\/v2\/types\/product"}],"replies":[{"embeddable":true,"href":"https:\/\/aromasentia.com\/de\/wp-json\/wp\/v2\/comments?post=220405"}],"version-history":[{"count":0,"href":"https:\/\/aromasentia.com\/de\/wp-json\/wp\/v2\/product\/220405\/revisions"}],"wp:featuredmedia":[{"embeddable":true,"href":"https:\/\/aromasentia.com\/de\/wp-json\/wp\/v2\/media\/415806"}],"wp:attachment":[{"href":"https:\/\/aromasentia.com\/de\/wp-json\/wp\/v2\/media?parent=220405"}],"wp:term":[{"taxonomy":"product_brand","embeddable":true,"href":"https:\/\/aromasentia.com\/de\/wp-json\/wp\/v2\/product_brand?post=220405"},{"taxonomy":"product_cat","embeddable":true,"href":"https:\/\/aromasentia.com\/de\/wp-json\/wp\/v2\/product_cat?post=220405"},{"taxonomy":"product_tag","embeddable":true,"href":"https:\/\/aromasentia.com\/de\/wp-json\/wp\/v2\/product_tag?post=220405"}],"curies":[{"name":"wp","href":"https:\/\/api.w.org\/{rel}","templated":true}]}}