{"id":220397,"date":"2025-03-23T10:31:56","date_gmt":"2025-03-23T10:31:56","guid":{"rendered":"https:\/\/aromasentia.com\/product\/vedic-incense-sticks-cinnamon\/"},"modified":"2025-12-30T19:33:36","modified_gmt":"2025-12-30T19:33:36","slug":"15g-packung-zimt","status":"publish","type":"product","link":"https:\/\/aromasentia.com\/de\/15g-packung-zimt\/","title":{"rendered":"15g Packung &#8211; Zimt"},"content":{"rendered":"<p>Erf\u00fcllen Sie Ihr Zuhause mit dem sinnlichen Duft von Zimt-R\u00e4ucherst\u00e4bchen. Dieses R\u00e4ucherst\u00e4bchen wird traditionell in Reinigungsritualen verwendet und ist auch eine gro\u00dfe Hilfe bei Zauberspr\u00fcchen, die Emotionen anregen sollen. Diese handgerollten R\u00e4ucherst\u00e4bchen brennen 20 Minuten oder l\u00e4nger und verstr\u00f6men einen intensiven, berauschenden Duft. Hergestellt in der historischen Stadt Jaipur von der Firma Aromatika Incense Company. Ideal passend zu unseren R\u00e4ucherst\u00e4bchenhaltern.<\/p>\n","protected":false},"excerpt":{"rendered":"<p>Erf\u00fcllen Sie Ihr Zuhause mit dem sinnlichen Duft von Zimt-R\u00e4ucherst\u00e4bchen. Dieses R\u00e4ucherst\u00e4bchen wird traditionell in Reinigungsritualen verwendet und ist auch eine gro\u00dfe Hilfe bei Zauberspr\u00fcchen, die Emotionen anregen sollen. Diese handgerollten R\u00e4ucherst\u00e4bchen brennen 20 Minuten oder l\u00e4nger und verstr\u00f6men einen intensiven, berauschenden Duft. Hergestellt in der historischen Stadt Jaipur von der Firma Aromatika Incense Company. [&hellip;]<\/p>\n","protected":false},"featured_media":415764,"comment_status":"closed","ping_status":"open","template":"","meta":{"_angie_page":false},"product_brand":[27103],"product_cat":[25841,15197,15152,26889,26131],"product_tag":[],"class_list":{"0":"post-220397","1":"product","2":"type-product","3":"status-publish","4":"has-post-thumbnail","6":"product_brand-aromatika","7":"product_cat-dufte-aromen","8":"product_cat-raucherstabchen","9":"product_cat-raucherwerk-und-rauchergefasse","10":"product_cat-wurzig","11":"product_cat-zimt","12":"pa_collection-vedic-masala-incense-sticks-de","13":"pa_made-in-indien","15":"first","16":"instock","17":"purchasable","18":"product-type-simple"},"supplier_id":null,"supplier_sku":"Vedic-12","barcode":null,"atum_controlled":true,"out_stock_date":null,"out_stock_threshold":null,"inheritable":false,"inbound_stock":null,"stock_on_hold":0,"sold_today":0,"sales_last_days":0,"reserved_stock":null,"customer_returns":null,"warehouse_damage":null,"lost_in_post":null,"other_logs":null,"out_stock_days":0,"lost_sales":0,"has_location":null,"update_date":"2026-04-30T02:53:35","atum_locations":[],"atum_stock_status":"instock","restock_status":false,"low_stock_amount":"","sales_update_date":"2025-09-03T00:17:36","calc_backorders":null,"_links":{"self":[{"href":"https:\/\/aromasentia.com\/de\/wp-json\/wp\/v2\/product\/220397","targetHints":{"allow":["GET"]}}],"collection":[{"href":"https:\/\/aromasentia.com\/de\/wp-json\/wp\/v2\/product"}],"about":[{"href":"https:\/\/aromasentia.com\/de\/wp-json\/wp\/v2\/types\/product"}],"replies":[{"embeddable":true,"href":"https:\/\/aromasentia.com\/de\/wp-json\/wp\/v2\/comments?post=220397"}],"version-history":[{"count":0,"href":"https:\/\/aromasentia.com\/de\/wp-json\/wp\/v2\/product\/220397\/revisions"}],"wp:featuredmedia":[{"embeddable":true,"href":"https:\/\/aromasentia.com\/de\/wp-json\/wp\/v2\/media\/415764"}],"wp:attachment":[{"href":"https:\/\/aromasentia.com\/de\/wp-json\/wp\/v2\/media?parent=220397"}],"wp:term":[{"taxonomy":"product_brand","embeddable":true,"href":"https:\/\/aromasentia.com\/de\/wp-json\/wp\/v2\/product_brand?post=220397"},{"taxonomy":"product_cat","embeddable":true,"href":"https:\/\/aromasentia.com\/de\/wp-json\/wp\/v2\/product_cat?post=220397"},{"taxonomy":"product_tag","embeddable":true,"href":"https:\/\/aromasentia.com\/de\/wp-json\/wp\/v2\/product_tag?post=220397"}],"curies":[{"name":"wp","href":"https:\/\/api.w.org\/{rel}","templated":true}]}}