{"id":220393,"date":"2025-03-23T10:31:56","date_gmt":"2025-03-23T10:31:56","guid":{"rendered":"https:\/\/aromasentia.com\/product\/vedic-incense-sticks-rose\/"},"modified":"2025-12-30T19:33:36","modified_gmt":"2025-12-30T19:33:36","slug":"15g-packung-rose-2","status":"publish","type":"product","link":"https:\/\/aromasentia.com\/de\/15g-packung-rose-2\/","title":{"rendered":"15g Packung &#8211; Rose"},"content":{"rendered":"<p>Rosen-R\u00e4ucherst\u00e4bchen haben einen s\u00fc\u00dfen Duft, der Liebe, Mitgef\u00fchl und Hingabe steigern kann. Der Duft von Rosen vermittelt ein Gef\u00fchl der Geborgenheit, f\u00f6rdert den Schlaf, reduziert Wut, wirkt sanft antidepressiv und vermittelt ein Gef\u00fchl von Frieden und Gl\u00fcck.<\/p>\n<p>Diese handgerollten R\u00e4ucherst\u00e4bchen brennen 20 Minuten oder l\u00e4nger mit reichhaltigen, berauschenden D\u00fcften. Hergestellt in der historischen Stadt Jaipur von der R\u00e4ucherst\u00e4bchenfirma Aromatika.<\/p>\n<p><a href=\"https:\/\/aromasentia.com\/wooden-incense-holders\">Ideal passend zu unserer Auswahl an R\u00e4ucherst\u00e4bchenhaltern<\/a> <span style=\"color: rgb(75, 80, 88);\">&amp;<\/span> <a href=\"https:\/\/aromasentia.com\/wwih\">wei\u00df get\u00fcnchten R\u00e4ucherst\u00e4bchenhaltern.<\/a><\/p>\n","protected":false},"excerpt":{"rendered":"<p>Rosen-R\u00e4ucherst\u00e4bchen haben einen s\u00fc\u00dfen Duft, der Liebe, Mitgef\u00fchl und Hingabe steigern kann. Der Duft von Rosen vermittelt ein Gef\u00fchl der Geborgenheit, f\u00f6rdert den Schlaf, reduziert Wut, wirkt sanft antidepressiv und vermittelt ein Gef\u00fchl von Frieden und Gl\u00fcck. Diese handgerollten R\u00e4ucherst\u00e4bchen brennen 20 Minuten oder l\u00e4nger mit reichhaltigen, berauschenden D\u00fcften. Hergestellt in der historischen Stadt Jaipur [&hellip;]<\/p>\n","protected":false},"featured_media":415739,"comment_status":"closed","ping_status":"open","template":"","meta":{"_angie_page":false},"product_brand":[27103],"product_cat":[26833,25841,15197,15152,26370],"product_tag":[],"class_list":{"0":"post-220393","1":"product","2":"type-product","3":"status-publish","4":"has-post-thumbnail","6":"product_brand-aromatika","7":"product_cat-blumig","8":"product_cat-dufte-aromen","9":"product_cat-raucherstabchen","10":"product_cat-raucherwerk-und-rauchergefasse","11":"product_cat-rosen","12":"pa_collection-vedic-masala-incense-sticks-de","13":"pa_made-in-indien","15":"first","16":"instock","17":"purchasable","18":"product-type-simple"},"supplier_id":null,"supplier_sku":"Vedic-11","barcode":null,"atum_controlled":true,"out_stock_date":null,"out_stock_threshold":null,"inheritable":false,"inbound_stock":null,"stock_on_hold":0,"sold_today":0,"sales_last_days":0,"reserved_stock":null,"customer_returns":null,"warehouse_damage":null,"lost_in_post":null,"other_logs":null,"out_stock_days":0,"lost_sales":0,"has_location":null,"update_date":"2026-05-08T00:21:47","atum_locations":[],"atum_stock_status":"instock","restock_status":false,"low_stock_amount":"","sales_update_date":"2026-02-06T00:01:18","calc_backorders":null,"_links":{"self":[{"href":"https:\/\/aromasentia.com\/de\/wp-json\/wp\/v2\/product\/220393","targetHints":{"allow":["GET"]}}],"collection":[{"href":"https:\/\/aromasentia.com\/de\/wp-json\/wp\/v2\/product"}],"about":[{"href":"https:\/\/aromasentia.com\/de\/wp-json\/wp\/v2\/types\/product"}],"replies":[{"embeddable":true,"href":"https:\/\/aromasentia.com\/de\/wp-json\/wp\/v2\/comments?post=220393"}],"version-history":[{"count":0,"href":"https:\/\/aromasentia.com\/de\/wp-json\/wp\/v2\/product\/220393\/revisions"}],"wp:featuredmedia":[{"embeddable":true,"href":"https:\/\/aromasentia.com\/de\/wp-json\/wp\/v2\/media\/415739"}],"wp:attachment":[{"href":"https:\/\/aromasentia.com\/de\/wp-json\/wp\/v2\/media?parent=220393"}],"wp:term":[{"taxonomy":"product_brand","embeddable":true,"href":"https:\/\/aromasentia.com\/de\/wp-json\/wp\/v2\/product_brand?post=220393"},{"taxonomy":"product_cat","embeddable":true,"href":"https:\/\/aromasentia.com\/de\/wp-json\/wp\/v2\/product_cat?post=220393"},{"taxonomy":"product_tag","embeddable":true,"href":"https:\/\/aromasentia.com\/de\/wp-json\/wp\/v2\/product_tag?post=220393"}],"curies":[{"name":"wp","href":"https:\/\/api.w.org\/{rel}","templated":true}]}}