{"id":220389,"date":"2025-03-23T10:31:56","date_gmt":"2025-03-23T10:31:56","guid":{"rendered":"https:\/\/aromasentia.com\/product\/vedic-incense-sticks-jasmine\/"},"modified":"2025-12-30T19:33:36","modified_gmt":"2025-12-30T19:33:36","slug":"15g-packung-jasmin-2","status":"publish","type":"product","link":"https:\/\/aromasentia.com\/de\/15g-packung-jasmin-2\/","title":{"rendered":"15g Packung &#8211; Jasmin"},"content":{"rendered":"<p>Jasmin-R\u00e4ucherst\u00e4bchen sind sinnlich, mit einer reichen S\u00fc\u00dfe, die den Sinnen Frische und Wohlbefinden verleiht. Der Duft von Jasmin gilt als Antidepressivum, Antiseptikum, Aphrodisiakum und Schlafmittel. Verbrennen Sie diese St\u00e4bchen f\u00fcr Gl\u00fcck, besonders in Liebesangelegenheiten. Diese handgerollten R\u00e4ucherst\u00e4bchen brennen 20 Minuten oder l\u00e4nger und verstr\u00f6men einen intensiven, berauschenden Duft. Hergestellt in der historischen Stadt Jaipur von der Firma Aromatika Incense Company. Ideale Erg\u00e4nzung zu unseren R\u00e4ucherst\u00e4bchenhaltern.<\/p>\n","protected":false},"excerpt":{"rendered":"<p>Jasmin-R\u00e4ucherst\u00e4bchen sind sinnlich, mit einer reichen S\u00fc\u00dfe, die den Sinnen Frische und Wohlbefinden verleiht. Der Duft von Jasmin gilt als Antidepressivum, Antiseptikum, Aphrodisiakum und Schlafmittel. Verbrennen Sie diese St\u00e4bchen f\u00fcr Gl\u00fcck, besonders in Liebesangelegenheiten. Diese handgerollten R\u00e4ucherst\u00e4bchen brennen 20 Minuten oder l\u00e4nger und verstr\u00f6men einen intensiven, berauschenden Duft. Hergestellt in der historischen Stadt Jaipur von [&hellip;]<\/p>\n","protected":false},"featured_media":415714,"comment_status":"closed","ping_status":"open","template":"","meta":{"_angie_page":false},"product_brand":[27103],"product_cat":[26833,25841,26224,15197,15152],"product_tag":[],"class_list":{"0":"post-220389","1":"product","2":"type-product","3":"status-publish","4":"has-post-thumbnail","6":"product_brand-aromatika","7":"product_cat-blumig","8":"product_cat-dufte-aromen","9":"product_cat-jasmin","10":"product_cat-raucherstabchen","11":"product_cat-raucherwerk-und-rauchergefasse","12":"pa_collection-vedic-masala-incense-sticks-de","13":"pa_made-in-indien","15":"first","16":"instock","17":"purchasable","18":"product-type-simple"},"supplier_id":null,"supplier_sku":"Vedic-10","barcode":null,"atum_controlled":true,"out_stock_date":null,"out_stock_threshold":null,"inheritable":false,"inbound_stock":null,"stock_on_hold":0,"sold_today":0,"sales_last_days":0,"reserved_stock":null,"customer_returns":null,"warehouse_damage":null,"lost_in_post":null,"other_logs":null,"out_stock_days":0,"lost_sales":0,"has_location":null,"update_date":"2026-05-08T00:21:47","atum_locations":[],"atum_stock_status":"instock","restock_status":false,"low_stock_amount":"","sales_update_date":"2025-09-03T00:17:35","calc_backorders":null,"_links":{"self":[{"href":"https:\/\/aromasentia.com\/de\/wp-json\/wp\/v2\/product\/220389","targetHints":{"allow":["GET"]}}],"collection":[{"href":"https:\/\/aromasentia.com\/de\/wp-json\/wp\/v2\/product"}],"about":[{"href":"https:\/\/aromasentia.com\/de\/wp-json\/wp\/v2\/types\/product"}],"replies":[{"embeddable":true,"href":"https:\/\/aromasentia.com\/de\/wp-json\/wp\/v2\/comments?post=220389"}],"version-history":[{"count":0,"href":"https:\/\/aromasentia.com\/de\/wp-json\/wp\/v2\/product\/220389\/revisions"}],"wp:featuredmedia":[{"embeddable":true,"href":"https:\/\/aromasentia.com\/de\/wp-json\/wp\/v2\/media\/415714"}],"wp:attachment":[{"href":"https:\/\/aromasentia.com\/de\/wp-json\/wp\/v2\/media?parent=220389"}],"wp:term":[{"taxonomy":"product_brand","embeddable":true,"href":"https:\/\/aromasentia.com\/de\/wp-json\/wp\/v2\/product_brand?post=220389"},{"taxonomy":"product_cat","embeddable":true,"href":"https:\/\/aromasentia.com\/de\/wp-json\/wp\/v2\/product_cat?post=220389"},{"taxonomy":"product_tag","embeddable":true,"href":"https:\/\/aromasentia.com\/de\/wp-json\/wp\/v2\/product_tag?post=220389"}],"curies":[{"name":"wp","href":"https:\/\/api.w.org\/{rel}","templated":true}]}}