{"id":220381,"date":"2025-03-23T10:31:56","date_gmt":"2025-03-23T10:31:56","guid":{"rendered":"https:\/\/aromasentia.com\/product\/vedic-incense-sticks-benzoin\/"},"modified":"2025-12-30T19:33:36","modified_gmt":"2025-12-30T19:33:36","slug":"15g-packung-benzoe","status":"publish","type":"product","link":"https:\/\/aromasentia.com\/de\/15g-packung-benzoe\/","title":{"rendered":"15g Packung &#8211; Benzoe"},"content":{"rendered":"<p>Benzoe ist ein balsamisches Harz, das aus der Rinde verschiedener Baumarten gewonnen wird und ein s\u00fc\u00dfes, vanilleartiges Aroma verstr\u00f6mt. Das Abbrennen von Benzoe-R\u00e4ucherst\u00e4bchen lindert Traurigkeit, Depressionen, Kummer und Angstzust\u00e4nde. Sie wirken reinigend, beseitigen negative Energien und f\u00f6rdern emotionales Gleichgewicht. Diese handgerollten R\u00e4ucherst\u00e4bchen brennen 20 Minuten oder l\u00e4nger und verstr\u00f6men einen intensiven, berauschenden Duft. Hergestellt in der historischen Stadt Jaipur von der Firma Aromatika Incense Company. Ideale Erg\u00e4nzung zu unserer Auswahl an R\u00e4ucherst\u00e4bchenhaltern. <span style=\"color: rgb(75, 80, 88);\">&amp;<\/span> <a href=\"https:\/\/aromasentia.com\/wwih\">wei\u00df get\u00fcnchten R\u00e4ucherst\u00e4bchenhaltern.<\/a><\/p>\n","protected":false},"excerpt":{"rendered":"<p>Benzoe ist ein balsamisches Harz, das aus der Rinde verschiedener Baumarten gewonnen wird und ein s\u00fc\u00dfes, vanilleartiges Aroma verstr\u00f6mt. Das Abbrennen von Benzoe-R\u00e4ucherst\u00e4bchen lindert Traurigkeit, Depressionen, Kummer und Angstzust\u00e4nde. Sie wirken reinigend, beseitigen negative Energien und f\u00f6rdern emotionales Gleichgewicht. Diese handgerollten R\u00e4ucherst\u00e4bchen brennen 20 Minuten oder l\u00e4nger und verstr\u00f6men einen intensiven, berauschenden Duft. Hergestellt in [&hellip;]<\/p>\n","protected":false},"featured_media":415664,"comment_status":"closed","ping_status":"open","template":"","meta":[],"product_brand":[27103],"product_cat":[26097,25841,26882,15197,15152],"product_tag":[],"class_list":{"0":"post-220381","1":"product","2":"type-product","3":"status-publish","4":"has-post-thumbnail","6":"product_brand-aromatika","7":"product_cat-benzoe","8":"product_cat-dufte-aromen","9":"product_cat-harzig-balsamisch","10":"product_cat-raucherstabchen","11":"product_cat-raucherwerk-und-rauchergefasse","12":"pa_collection-vedic-masala-incense-sticks-de","13":"pa_made-in-indien","15":"first","16":"instock","17":"purchasable","18":"product-type-simple"},"supplier_id":null,"supplier_sku":"Vedic-08","barcode":null,"atum_controlled":true,"out_stock_date":null,"out_stock_threshold":null,"inheritable":false,"inbound_stock":null,"stock_on_hold":0,"sold_today":0,"sales_last_days":0,"reserved_stock":null,"customer_returns":null,"warehouse_damage":null,"lost_in_post":null,"other_logs":null,"out_stock_days":0,"lost_sales":0,"has_location":null,"update_date":"2026-02-02T12:56:49","atum_locations":[],"atum_stock_status":"instock","restock_status":false,"low_stock_amount":"","sales_update_date":"2026-01-30T01:24:38","calc_backorders":null,"_links":{"self":[{"href":"https:\/\/aromasentia.com\/de\/wp-json\/wp\/v2\/product\/220381","targetHints":{"allow":["GET"]}}],"collection":[{"href":"https:\/\/aromasentia.com\/de\/wp-json\/wp\/v2\/product"}],"about":[{"href":"https:\/\/aromasentia.com\/de\/wp-json\/wp\/v2\/types\/product"}],"replies":[{"embeddable":true,"href":"https:\/\/aromasentia.com\/de\/wp-json\/wp\/v2\/comments?post=220381"}],"version-history":[{"count":0,"href":"https:\/\/aromasentia.com\/de\/wp-json\/wp\/v2\/product\/220381\/revisions"}],"wp:featuredmedia":[{"embeddable":true,"href":"https:\/\/aromasentia.com\/de\/wp-json\/wp\/v2\/media\/415664"}],"wp:attachment":[{"href":"https:\/\/aromasentia.com\/de\/wp-json\/wp\/v2\/media?parent=220381"}],"wp:term":[{"taxonomy":"product_brand","embeddable":true,"href":"https:\/\/aromasentia.com\/de\/wp-json\/wp\/v2\/product_brand?post=220381"},{"taxonomy":"product_cat","embeddable":true,"href":"https:\/\/aromasentia.com\/de\/wp-json\/wp\/v2\/product_cat?post=220381"},{"taxonomy":"product_tag","embeddable":true,"href":"https:\/\/aromasentia.com\/de\/wp-json\/wp\/v2\/product_tag?post=220381"}],"curies":[{"name":"wp","href":"https:\/\/api.w.org\/{rel}","templated":true}]}}