{"id":220305,"date":"2025-03-23T10:31:56","date_gmt":"2025-03-23T10:31:56","guid":{"rendered":"https:\/\/aromasentia.com\/product\/50gm-amber-resin\/"},"modified":"2025-12-30T19:33:21","modified_gmt":"2025-12-30T19:33:21","slug":"50g-bernstein-harz","status":"publish","type":"product","link":"https:\/\/aromasentia.com\/de\/50g-bernstein-harz\/","title":{"rendered":"50g Bernstein-Harz"},"content":{"rendered":"<p>Der rauchige Duft, der durch das Verbrennen von Bernsteinharz auf Kohlescheiben entsteht, ist einzigartig und unglaublich beschw\u00f6rend.<\/p>\n<p>Es handelt sich um ein originelles, geheimnisvolles R\u00e4ucherwerk, das aus raffiniertem Baum- und Pflanzensaft gewonnen wird und seit Jahrtausenden weltweit verwendet wird.<\/p>\n<p>R\u00e4ucherharz wird in 50-g-Dosen verkauft. Die Gewichtsangaben sind Richtwerte und liegen bei etwa 45\u201350 g.<\/p>\n","protected":false},"excerpt":{"rendered":"<p>Der rauchige Duft, der durch das Verbrennen von Bernsteinharz auf Kohlescheiben entsteht, ist einzigartig und unglaublich beschw\u00f6rend. Es handelt sich um ein originelles, geheimnisvolles R\u00e4ucherwerk, das aus raffiniertem Baum- und Pflanzensaft gewonnen wird und seit Jahrtausenden weltweit verwendet wird. R\u00e4ucherharz wird in 50-g-Dosen verkauft. Die Gewichtsangaben sind Richtwerte und liegen bei etwa 45\u201350 g.<\/p>\n","protected":false},"featured_media":415125,"comment_status":"closed","ping_status":"open","template":"","meta":[],"product_brand":[],"product_cat":[15231,15152],"product_tag":[],"class_list":{"0":"post-220305","1":"product","2":"type-product","3":"status-publish","4":"has-post-thumbnail","6":"product_cat-raucherharze","7":"product_cat-raucherwerk-und-rauchergefasse","8":"pa_collection-incense-resin-50g-tubs-de","9":"pa_made-in-indien","10":"pa_size-50g","12":"first","13":"instock","14":"purchasable","15":"product-type-simple"},"supplier_id":null,"supplier_sku":"TRT-02","barcode":null,"atum_controlled":true,"out_stock_date":null,"out_stock_threshold":null,"inheritable":false,"inbound_stock":null,"stock_on_hold":0,"sold_today":0,"sales_last_days":0,"reserved_stock":null,"customer_returns":null,"warehouse_damage":null,"lost_in_post":null,"other_logs":null,"out_stock_days":0,"lost_sales":0,"has_location":null,"update_date":"2026-02-10T10:28:41","atum_locations":[],"atum_stock_status":"instock","restock_status":false,"low_stock_amount":"","sales_update_date":"2025-09-03T00:17:31","calc_backorders":null,"_links":{"self":[{"href":"https:\/\/aromasentia.com\/de\/wp-json\/wp\/v2\/product\/220305","targetHints":{"allow":["GET"]}}],"collection":[{"href":"https:\/\/aromasentia.com\/de\/wp-json\/wp\/v2\/product"}],"about":[{"href":"https:\/\/aromasentia.com\/de\/wp-json\/wp\/v2\/types\/product"}],"replies":[{"embeddable":true,"href":"https:\/\/aromasentia.com\/de\/wp-json\/wp\/v2\/comments?post=220305"}],"version-history":[{"count":0,"href":"https:\/\/aromasentia.com\/de\/wp-json\/wp\/v2\/product\/220305\/revisions"}],"wp:featuredmedia":[{"embeddable":true,"href":"https:\/\/aromasentia.com\/de\/wp-json\/wp\/v2\/media\/415125"}],"wp:attachment":[{"href":"https:\/\/aromasentia.com\/de\/wp-json\/wp\/v2\/media?parent=220305"}],"wp:term":[{"taxonomy":"product_brand","embeddable":true,"href":"https:\/\/aromasentia.com\/de\/wp-json\/wp\/v2\/product_brand?post=220305"},{"taxonomy":"product_cat","embeddable":true,"href":"https:\/\/aromasentia.com\/de\/wp-json\/wp\/v2\/product_cat?post=220305"},{"taxonomy":"product_tag","embeddable":true,"href":"https:\/\/aromasentia.com\/de\/wp-json\/wp\/v2\/product_tag?post=220305"}],"curies":[{"name":"wp","href":"https:\/\/api.w.org\/{rel}","templated":true}]}}