{"id":220289,"date":"2025-03-23T10:31:56","date_gmt":"2025-03-23T10:31:56","guid":{"rendered":"https:\/\/aromasentia.com\/product\/tribal-soul-incense-sticks-frankincense\/"},"modified":"2025-12-30T19:33:14","modified_gmt":"2025-12-30T19:33:14","slug":"tribal-soul-raeucherstaebchen-weihrauch","status":"publish","type":"product","link":"https:\/\/aromasentia.com\/de\/tribal-soul-raeucherstaebchen-weihrauch\/","title":{"rendered":"Tribal Soul R\u00e4ucherst\u00e4bchen \u2013 Weihrauch"},"content":{"rendered":"<p><span style=\"color: rgb(75, 80, 88);\">Tribal Soul Incense wird in einer dekorativen Schachtel geliefert und erf\u00fcllt jeden Raum in Ihrem Zuhause mit diesem einzigartigen, verf\u00fchrerischen Duft. Entwickelt, um alle Arten von Ger\u00fcchen perfekt zu \u00fcberdecken.<\/span><\/p>\n<p><span style=\"color: rgb(75, 80, 88);\">Weihrauch (auch bekannt als Olibanum) ist ein aromatisches Harz, das in R\u00e4ucherwerk und Parf\u00fcms verwendet wird und aus B\u00e4umen der Gattung Boswellia aus der Familie der Burseracee gewonnen wird.&nbsp;<\/span><\/p>\n<p><span style=\"color: rgb(75, 80, 88);\">Das Wort stammt vom alten franz\u00f6sischen Franc encens (hochwertiges R\u00e4ucherwerk). Weihrauch wird auch mit vielen religi\u00f6sen Ritualen und Opfergaben in Verbindung gebracht und ist besonders im Christentum verbreitet, wo er eines der drei Geschenke an das Jesuskind darstellt. Das Harz wird seit langem f\u00fcr seinen herrlich w\u00fcrzigen, leicht zitronigen Duft und seine therapeutische Wirkung gesch\u00e4tzt. Es hilft bei der Bek\u00e4mpfung von Angstzust\u00e4nden und baut Stress ab, indem es Gef\u00fchle von Frieden, Entspannung und Zufriedenheit hervorruft.<\/p>\n","protected":false},"excerpt":{"rendered":"<p>Tribal Soul Incense wird in einer dekorativen Schachtel geliefert und erf\u00fcllt jeden Raum in Ihrem Zuhause mit diesem einzigartigen, verf\u00fchrerischen Duft. Entwickelt, um alle Arten von Ger\u00fcchen perfekt zu \u00fcberdecken. Weihrauch (auch bekannt als Olibanum) ist ein aromatisches Harz, das in R\u00e4ucherwerk und Parf\u00fcms verwendet wird und aus B\u00e4umen der Gattung Boswellia aus der Familie [&hellip;]<\/p>\n","protected":false},"featured_media":415001,"comment_status":"closed","ping_status":"open","template":"","meta":{"_angie_page":false},"product_brand":[27152],"product_cat":[25841,26882,26200,15197,15152],"product_tag":[],"class_list":{"0":"post-220289","1":"product","2":"type-product","3":"status-publish","4":"has-post-thumbnail","6":"product_brand-tribal-soul","7":"product_cat-dufte-aromen","8":"product_cat-harzig-balsamisch","9":"product_cat-ingwer","10":"product_cat-raucherstabchen","11":"product_cat-raucherwerk-und-rauchergefasse","12":"pa_collection-tribal-soul-incense-de","13":"pa_made-in-indien","15":"first","16":"instock","17":"purchasable","18":"product-type-simple"},"supplier_id":null,"supplier_sku":"TribalSi-12","barcode":null,"atum_controlled":true,"out_stock_date":null,"out_stock_threshold":null,"inheritable":false,"inbound_stock":null,"stock_on_hold":0,"sold_today":0,"sales_last_days":0,"reserved_stock":null,"customer_returns":null,"warehouse_damage":null,"lost_in_post":null,"other_logs":null,"out_stock_days":0,"lost_sales":0,"has_location":null,"update_date":"2026-05-08T05:21:26","atum_locations":[],"atum_stock_status":"instock","restock_status":false,"low_stock_amount":"","sales_update_date":"2025-09-03T00:17:30","calc_backorders":null,"_links":{"self":[{"href":"https:\/\/aromasentia.com\/de\/wp-json\/wp\/v2\/product\/220289","targetHints":{"allow":["GET"]}}],"collection":[{"href":"https:\/\/aromasentia.com\/de\/wp-json\/wp\/v2\/product"}],"about":[{"href":"https:\/\/aromasentia.com\/de\/wp-json\/wp\/v2\/types\/product"}],"replies":[{"embeddable":true,"href":"https:\/\/aromasentia.com\/de\/wp-json\/wp\/v2\/comments?post=220289"}],"version-history":[{"count":0,"href":"https:\/\/aromasentia.com\/de\/wp-json\/wp\/v2\/product\/220289\/revisions"}],"wp:featuredmedia":[{"embeddable":true,"href":"https:\/\/aromasentia.com\/de\/wp-json\/wp\/v2\/media\/415001"}],"wp:attachment":[{"href":"https:\/\/aromasentia.com\/de\/wp-json\/wp\/v2\/media?parent=220289"}],"wp:term":[{"taxonomy":"product_brand","embeddable":true,"href":"https:\/\/aromasentia.com\/de\/wp-json\/wp\/v2\/product_brand?post=220289"},{"taxonomy":"product_cat","embeddable":true,"href":"https:\/\/aromasentia.com\/de\/wp-json\/wp\/v2\/product_cat?post=220289"},{"taxonomy":"product_tag","embeddable":true,"href":"https:\/\/aromasentia.com\/de\/wp-json\/wp\/v2\/product_tag?post=220289"}],"curies":[{"name":"wp","href":"https:\/\/api.w.org\/{rel}","templated":true}]}}