{"id":220285,"date":"2025-03-23T10:31:56","date_gmt":"2025-03-23T10:31:56","guid":{"rendered":"https:\/\/aromasentia.com\/product\/tribal-soul-incense-sticks-cinnamon\/"},"modified":"2025-12-30T19:33:14","modified_gmt":"2025-12-30T19:33:14","slug":"tribal-soul-raeucherstaebchen-zimt","status":"publish","type":"product","link":"https:\/\/aromasentia.com\/de\/tribal-soul-raeucherstaebchen-zimt\/","title":{"rendered":"Tribal Soul R\u00e4ucherst\u00e4bchen \u2013 Zimt"},"content":{"rendered":"<p><span style=\"color: rgb(75, 80, 88);\">Tribal Soul Incense wird in einer dekorativen Schachtel geliefert und erf\u00fcllt jeden Raum in Ihrem Zuhause mit diesem einzigartigen, verf\u00fchrerischen Duft. Entwickelt, um alle Arten von Ger\u00fcchen perfekt zu \u00fcberdecken.<\/span><\/p>\n<p><span style=\"color: rgb(75, 80, 88);\">Zimt ist ein Gew\u00fcrz, das in der Karibik, S\u00fcdamerika und S\u00fcdostasien heimisch ist.<\/span><\/p>\n<p><span style=\"color: rgb(75, 80, 88);\">Die Menschen verwenden es seit 2000 v. Chr. im alten \u00c4gypten als Parf\u00fcm w\u00e4hrend des Einbalsamierungsprozesses, w\u00e4hrend die R\u00f6mer es auf Scheiterhaufen verwendeten, um den Gestank von verbranntem Fleisch zu \u00fcberdecken.&nbsp;<\/span><\/p>\n<p><span style=\"color: rgb(75, 80, 88);\">Zimt wird aus der inneren Rinde einer immergr\u00fcnen tropischen Pflanze gewonnen und wird seit Jahrhunderten auch in der ayurvedischen Medizin zur Behandlung von Atemwegs- und Verdauungsproblemen verwendet.<\/span><\/p>\n<p><span style=\"color: rgb(75, 80, 88);\">Heute ist Zimt eine der am h\u00e4ufigsten in unserer K\u00fcche verwendeten Zutaten aufgrund ihres beruhigenden, holzigen, w\u00fcrzigen und dennoch s\u00fc\u00dfen Charakters.<\/span><\/p>\n<p><span style=\"color: rgb(75, 80, 88);\">Der Duft von Zimt belebt und w\u00e4rmt au\u00dferdem die Sinne und erzeugt ein Gef\u00fchl der Freude.<\/span><\/p>\n","protected":false},"excerpt":{"rendered":"<p>Tribal Soul Incense wird in einer dekorativen Schachtel geliefert und erf\u00fcllt jeden Raum in Ihrem Zuhause mit diesem einzigartigen, verf\u00fchrerischen Duft. Entwickelt, um alle Arten von Ger\u00fcchen perfekt zu \u00fcberdecken. Zimt ist ein Gew\u00fcrz, das in der Karibik, S\u00fcdamerika und S\u00fcdostasien heimisch ist. Die Menschen verwenden es seit 2000 v. Chr. im alten \u00c4gypten als [&hellip;]<\/p>\n","protected":false},"featured_media":414992,"comment_status":"closed","ping_status":"open","template":"","meta":[],"product_brand":[27152],"product_cat":[25841,15197,15152,26889,26131],"product_tag":[],"class_list":{"0":"post-220285","1":"product","2":"type-product","3":"status-publish","4":"has-post-thumbnail","6":"product_brand-tribal-soul","7":"product_cat-dufte-aromen","8":"product_cat-raucherstabchen","9":"product_cat-raucherwerk-und-rauchergefasse","10":"product_cat-wurzig","11":"product_cat-zimt","12":"pa_collection-tribal-soul-incense-de","13":"pa_made-in-indien","15":"first","16":"instock","17":"purchasable","18":"product-type-simple"},"supplier_id":null,"supplier_sku":"TribalSi-11","barcode":null,"atum_controlled":true,"out_stock_date":null,"out_stock_threshold":null,"inheritable":false,"inbound_stock":null,"stock_on_hold":0,"sold_today":0,"sales_last_days":0,"reserved_stock":null,"customer_returns":null,"warehouse_damage":null,"lost_in_post":null,"other_logs":null,"out_stock_days":0,"lost_sales":0,"has_location":null,"update_date":"2026-02-11T08:29:59","atum_locations":[],"atum_stock_status":"instock","restock_status":false,"low_stock_amount":"","sales_update_date":"2025-09-03T00:17:30","calc_backorders":null,"_links":{"self":[{"href":"https:\/\/aromasentia.com\/de\/wp-json\/wp\/v2\/product\/220285","targetHints":{"allow":["GET"]}}],"collection":[{"href":"https:\/\/aromasentia.com\/de\/wp-json\/wp\/v2\/product"}],"about":[{"href":"https:\/\/aromasentia.com\/de\/wp-json\/wp\/v2\/types\/product"}],"replies":[{"embeddable":true,"href":"https:\/\/aromasentia.com\/de\/wp-json\/wp\/v2\/comments?post=220285"}],"version-history":[{"count":0,"href":"https:\/\/aromasentia.com\/de\/wp-json\/wp\/v2\/product\/220285\/revisions"}],"wp:featuredmedia":[{"embeddable":true,"href":"https:\/\/aromasentia.com\/de\/wp-json\/wp\/v2\/media\/414992"}],"wp:attachment":[{"href":"https:\/\/aromasentia.com\/de\/wp-json\/wp\/v2\/media?parent=220285"}],"wp:term":[{"taxonomy":"product_brand","embeddable":true,"href":"https:\/\/aromasentia.com\/de\/wp-json\/wp\/v2\/product_brand?post=220285"},{"taxonomy":"product_cat","embeddable":true,"href":"https:\/\/aromasentia.com\/de\/wp-json\/wp\/v2\/product_cat?post=220285"},{"taxonomy":"product_tag","embeddable":true,"href":"https:\/\/aromasentia.com\/de\/wp-json\/wp\/v2\/product_tag?post=220285"}],"curies":[{"name":"wp","href":"https:\/\/api.w.org\/{rel}","templated":true}]}}