{"id":220281,"date":"2025-03-23T10:31:56","date_gmt":"2025-03-23T10:31:56","guid":{"rendered":"https:\/\/aromasentia.com\/product\/tribal-soul-incense-sticks-sandalwood\/"},"modified":"2025-12-30T19:33:14","modified_gmt":"2025-12-30T19:33:14","slug":"tribal-soul-raeucherstaebchen-sandelholz","status":"publish","type":"product","link":"https:\/\/aromasentia.com\/de\/tribal-soul-raeucherstaebchen-sandelholz\/","title":{"rendered":"Tribal Soul R\u00e4ucherst\u00e4bchen \u2013 Sandelholz"},"content":{"rendered":"<p><span style=\"color: rgb(75, 80, 88);\">Tribal Soul Incense wird in einer dekorativen Schachtel geliefert und erf\u00fcllt jeden Raum Ihres Zuhauses mit diesem einzigartigen, verf\u00fchrerischen Duft. Entwickelt, um alle Arten von Ger\u00fcchen perfekt zu \u00fcberdecken.&nbsp;<\/span><\/p>\n<p><span style=\"color: rgb(75, 80, 88);\">Sandelholz ist eine Holzart von B\u00e4umen der Gattung Santalum.&nbsp;<\/span><\/p>\n<p><span style=\"color: rgb(75, 80, 88);\">Es gibt Arten, die in Indien, Malaysia und Australien heimisch sind, aber Indisches Sandelholz (Santalum album) ist das wertvollste. Sandelholz ist im hinduistischen Ayurveda sehr heilig und wird auf Sanskrit \u201eChandana\u201c genannt.&nbsp;<\/span><\/p>\n<p><span style=\"color: rgb(75, 80, 88);\">Das Holz wird zur Anbetung der Gottheiten verwendet.<\/span><\/p>\n<p><span style=\"color: rgb(75, 80, 88);\">Im Buddhismus wird Sandelholz-R\u00e4ucherwerk w\u00e4hrend des Gebets und der Meditation verbrannt und f\u00fcr seine F\u00e4higkeit verehrt, den Geist zu beruhigen und zu fokussieren.<\/span><\/p>\n<p><span style=\"color: rgb(75, 80, 88);\">In der Aromatherapie hat Sandelholz viele Vorteile.<\/span><\/p>\n<p><span style=\"color: rgb(75, 80, 88);\">Sein sehr charakteristischer s\u00fc\u00dfer, weicher und cremiger Duft f\u00fchrt zu Entspannung und Ruhe und f\u00f6rdert positives Denken, Klarheit und Konzentration.<\/span><\/p>\n","protected":false},"excerpt":{"rendered":"<p>Tribal Soul Incense wird in einer dekorativen Schachtel geliefert und erf\u00fcllt jeden Raum Ihres Zuhauses mit diesem einzigartigen, verf\u00fchrerischen Duft. Entwickelt, um alle Arten von Ger\u00fcchen perfekt zu \u00fcberdecken.&nbsp; Sandelholz ist eine Holzart von B\u00e4umen der Gattung Santalum.&nbsp; Es gibt Arten, die in Indien, Malaysia und Australien heimisch sind, aber Indisches Sandelholz (Santalum album) ist [&hellip;]<\/p>\n","protected":false},"featured_media":414983,"comment_status":"closed","ping_status":"open","template":"","meta":{"_angie_page":false},"product_brand":[27152],"product_cat":[25841,26896,15197,15152,26387],"product_tag":[],"class_list":{"0":"post-220281","1":"product","2":"type-product","3":"status-publish","4":"has-post-thumbnail","6":"product_brand-tribal-soul","7":"product_cat-dufte-aromen","8":"product_cat-holzig","9":"product_cat-raucherstabchen","10":"product_cat-raucherwerk-und-rauchergefasse","11":"product_cat-sandelholz","12":"pa_collection-tribal-soul-incense-de","13":"pa_made-in-indien","15":"first","16":"instock","17":"purchasable","18":"product-type-simple"},"supplier_id":null,"supplier_sku":"TribalSi-10","barcode":null,"atum_controlled":true,"out_stock_date":null,"out_stock_threshold":null,"inheritable":false,"inbound_stock":null,"stock_on_hold":0,"sold_today":0,"sales_last_days":0,"reserved_stock":null,"customer_returns":null,"warehouse_damage":null,"lost_in_post":null,"other_logs":null,"out_stock_days":0,"lost_sales":0,"has_location":null,"update_date":"2026-04-27T07:25:27","atum_locations":[],"atum_stock_status":"instock","restock_status":false,"low_stock_amount":"","sales_update_date":"2025-09-03T00:17:29","calc_backorders":null,"_links":{"self":[{"href":"https:\/\/aromasentia.com\/de\/wp-json\/wp\/v2\/product\/220281","targetHints":{"allow":["GET"]}}],"collection":[{"href":"https:\/\/aromasentia.com\/de\/wp-json\/wp\/v2\/product"}],"about":[{"href":"https:\/\/aromasentia.com\/de\/wp-json\/wp\/v2\/types\/product"}],"replies":[{"embeddable":true,"href":"https:\/\/aromasentia.com\/de\/wp-json\/wp\/v2\/comments?post=220281"}],"version-history":[{"count":0,"href":"https:\/\/aromasentia.com\/de\/wp-json\/wp\/v2\/product\/220281\/revisions"}],"wp:featuredmedia":[{"embeddable":true,"href":"https:\/\/aromasentia.com\/de\/wp-json\/wp\/v2\/media\/414983"}],"wp:attachment":[{"href":"https:\/\/aromasentia.com\/de\/wp-json\/wp\/v2\/media?parent=220281"}],"wp:term":[{"taxonomy":"product_brand","embeddable":true,"href":"https:\/\/aromasentia.com\/de\/wp-json\/wp\/v2\/product_brand?post=220281"},{"taxonomy":"product_cat","embeddable":true,"href":"https:\/\/aromasentia.com\/de\/wp-json\/wp\/v2\/product_cat?post=220281"},{"taxonomy":"product_tag","embeddable":true,"href":"https:\/\/aromasentia.com\/de\/wp-json\/wp\/v2\/product_tag?post=220281"}],"curies":[{"name":"wp","href":"https:\/\/api.w.org\/{rel}","templated":true}]}}