{"id":220277,"date":"2025-03-23T10:31:56","date_gmt":"2025-03-23T10:31:56","guid":{"rendered":"https:\/\/aromasentia.com\/product\/tribal-soul-incense-sticks-lavender\/"},"modified":"2025-12-30T19:33:14","modified_gmt":"2025-12-30T19:33:14","slug":"tribal-soul-raeucherstaebchen-lavendel","status":"publish","type":"product","link":"https:\/\/aromasentia.com\/de\/tribal-soul-raeucherstaebchen-lavendel\/","title":{"rendered":"Tribal Soul R\u00e4ucherst\u00e4bchen \u2013 Lavendel"},"content":{"rendered":"<p><span style=\"color: rgb(75, 80, 88);\">Tribal Soul Incense wird in einer dekorativen Schachtel geliefert und erf\u00fcllt jeden Raum in Ihrem Zuhause mit diesem einzigartigen, verf\u00fchrerischen Duft. Entwickelt, um alle Arten von Ger\u00fcchen perfekt zu \u00fcberdecken.&nbsp;<\/span><\/p>\n<p><span style=\"color: rgb(75, 80, 88);\">Lavendel, urspr\u00fcnglich aus den Bergregionen des Mittelmeerraums, verbreitete sich relativ schnell in andere Teile der Welt und wird seit \u00fcber 2500 Jahren verwendet.<\/span><\/p>\n<p><span style=\"color: rgb(75, 80, 88);\">Die fr\u00fchen Verwendungen von Lavendel waren eher medizinischer Natur und Lavendel ist immer noch f\u00fcr seine reinigende, entspannende und sch\u00fctzende Wirkung bekannt.<\/span><\/p>\n<p><span style=\"color: rgb(75, 80, 88);\">Lavendel gilt bei den amerikanischen Ureinwohnern als Symbol der Reinheit und Sauberkeit und wirkt beruhigend und entspannend, indem er das emotionale Gleichgewicht wiederherstellt.<\/span><\/p>\n<p><span style=\"color: rgb(75, 80, 88);\">Es \u00f6ffnet auch das Herzchakra und zieht liebevolle Energie an. Das s\u00fc\u00dfe, blumige und leicht krautige Aroma von Lavendel ist unverwechselbar.<\/span><\/p>\n","protected":false},"excerpt":{"rendered":"<p>Tribal Soul Incense wird in einer dekorativen Schachtel geliefert und erf\u00fcllt jeden Raum in Ihrem Zuhause mit diesem einzigartigen, verf\u00fchrerischen Duft. Entwickelt, um alle Arten von Ger\u00fcchen perfekt zu \u00fcberdecken.&nbsp; Lavendel, urspr\u00fcnglich aus den Bergregionen des Mittelmeerraums, verbreitete sich relativ schnell in andere Teile der Welt und wird seit \u00fcber 2500 Jahren verwendet. Die fr\u00fchen [&hellip;]<\/p>\n","protected":false},"featured_media":414974,"comment_status":"closed","ping_status":"open","template":"","meta":{"_angie_page":false},"product_brand":[27152],"product_cat":[26833,25841,26234,15197,15152],"product_tag":[],"class_list":{"0":"post-220277","1":"product","2":"type-product","3":"status-publish","4":"has-post-thumbnail","6":"product_brand-tribal-soul","7":"product_cat-blumig","8":"product_cat-dufte-aromen","9":"product_cat-lavendel","10":"product_cat-raucherstabchen","11":"product_cat-raucherwerk-und-rauchergefasse","12":"pa_collection-tribal-soul-incense-de","13":"pa_made-in-indien","15":"first","16":"instock","17":"purchasable","18":"product-type-simple"},"supplier_id":null,"supplier_sku":"TribalSi-09","barcode":null,"atum_controlled":true,"out_stock_date":null,"out_stock_threshold":null,"inheritable":false,"inbound_stock":null,"stock_on_hold":0,"sold_today":0,"sales_last_days":0,"reserved_stock":null,"customer_returns":null,"warehouse_damage":null,"lost_in_post":null,"other_logs":null,"out_stock_days":0,"lost_sales":0,"has_location":null,"update_date":"2026-04-27T07:25:27","atum_locations":[],"atum_stock_status":"instock","restock_status":false,"low_stock_amount":"","sales_update_date":"2025-09-03T00:17:29","calc_backorders":null,"_links":{"self":[{"href":"https:\/\/aromasentia.com\/de\/wp-json\/wp\/v2\/product\/220277","targetHints":{"allow":["GET"]}}],"collection":[{"href":"https:\/\/aromasentia.com\/de\/wp-json\/wp\/v2\/product"}],"about":[{"href":"https:\/\/aromasentia.com\/de\/wp-json\/wp\/v2\/types\/product"}],"replies":[{"embeddable":true,"href":"https:\/\/aromasentia.com\/de\/wp-json\/wp\/v2\/comments?post=220277"}],"version-history":[{"count":0,"href":"https:\/\/aromasentia.com\/de\/wp-json\/wp\/v2\/product\/220277\/revisions"}],"wp:featuredmedia":[{"embeddable":true,"href":"https:\/\/aromasentia.com\/de\/wp-json\/wp\/v2\/media\/414974"}],"wp:attachment":[{"href":"https:\/\/aromasentia.com\/de\/wp-json\/wp\/v2\/media?parent=220277"}],"wp:term":[{"taxonomy":"product_brand","embeddable":true,"href":"https:\/\/aromasentia.com\/de\/wp-json\/wp\/v2\/product_brand?post=220277"},{"taxonomy":"product_cat","embeddable":true,"href":"https:\/\/aromasentia.com\/de\/wp-json\/wp\/v2\/product_cat?post=220277"},{"taxonomy":"product_tag","embeddable":true,"href":"https:\/\/aromasentia.com\/de\/wp-json\/wp\/v2\/product_tag?post=220277"}],"curies":[{"name":"wp","href":"https:\/\/api.w.org\/{rel}","templated":true}]}}