{"id":220273,"date":"2025-03-23T10:31:56","date_gmt":"2025-03-23T10:31:56","guid":{"rendered":"https:\/\/aromasentia.com\/product\/tribal-soul-incesne-sweert-grass-cedar\/"},"modified":"2025-12-30T19:33:14","modified_gmt":"2025-12-30T19:33:14","slug":"15g-packung-suesses-gras-zeder","status":"publish","type":"product","link":"https:\/\/aromasentia.com\/de\/15g-packung-suesses-gras-zeder\/","title":{"rendered":"15g Packung &#8211; S\u00fc\u00dfes Gras &#038; Zeder"},"content":{"rendered":"<p><span style=\"color: rgb(75, 80, 88);\">Diese <strong>Aroma Sentia-ping Tribal Soul Incesne \u2013 S\u00fc\u00dfes Gras + Zeder<\/strong> werden von erfahrenen Handwerkern in Indien handgefertigt. Ein gro\u00dfartiger Genuss f\u00fcr alle, die die exotischen D\u00fcfte ferner L\u00e4nder lieben.<\/span><\/p>\n<p><span style=\"color: rgb(75, 80, 88);\">Sie werden in dekorativen Schachteln geliefert und erf\u00fcllen jeden Raum in Ihrem Zuhause mit einem einzigartigen Duft. Entwickelt, um alle Arten von Ger\u00fcchen perfekt zu \u00fcberdecken.<\/span><\/p>\n<p><strong><span style=\"color: rgb(75, 80, 88);\">Perfekt f\u00fcr alle, die sch\u00f6ne D\u00fcfte lieben.<\/span><\/strong><\/p>\n","protected":false},"excerpt":{"rendered":"<p>Diese Aroma Sentia-ping Tribal Soul Incesne \u2013 S\u00fc\u00dfes Gras + Zeder werden von erfahrenen Handwerkern in Indien handgefertigt. Ein gro\u00dfartiger Genuss f\u00fcr alle, die die exotischen D\u00fcfte ferner L\u00e4nder lieben. Sie werden in dekorativen Schachteln geliefert und erf\u00fcllen jeden Raum in Ihrem Zuhause mit einem einzigartigen Duft. Entwickelt, um alle Arten von Ger\u00fcchen perfekt zu [&hellip;]<\/p>\n","protected":false},"featured_media":414941,"comment_status":"closed","ping_status":"open","template":"","meta":{"_angie_page":false},"product_brand":[27152],"product_cat":[15197,15152],"product_tag":[],"class_list":{"0":"post-220273","1":"product","2":"type-product","3":"status-publish","4":"has-post-thumbnail","6":"product_brand-tribal-soul","7":"product_cat-raucherstabchen","8":"product_cat-raucherwerk-und-rauchergefasse","9":"pa_collection-tribal-soul-incense-de","10":"pa_made-in-indien","12":"first","13":"instock","14":"purchasable","15":"product-type-simple"},"supplier_id":null,"supplier_sku":"TribalSi-08","barcode":null,"atum_controlled":true,"out_stock_date":null,"out_stock_threshold":null,"inheritable":false,"inbound_stock":null,"stock_on_hold":0,"sold_today":0,"sales_last_days":0,"reserved_stock":null,"customer_returns":null,"warehouse_damage":null,"lost_in_post":null,"other_logs":null,"out_stock_days":0,"lost_sales":0,"has_location":null,"update_date":"2026-05-08T05:21:26","atum_locations":[],"atum_stock_status":"instock","restock_status":false,"low_stock_amount":"","sales_update_date":"2025-09-03T00:17:29","calc_backorders":null,"_links":{"self":[{"href":"https:\/\/aromasentia.com\/de\/wp-json\/wp\/v2\/product\/220273","targetHints":{"allow":["GET"]}}],"collection":[{"href":"https:\/\/aromasentia.com\/de\/wp-json\/wp\/v2\/product"}],"about":[{"href":"https:\/\/aromasentia.com\/de\/wp-json\/wp\/v2\/types\/product"}],"replies":[{"embeddable":true,"href":"https:\/\/aromasentia.com\/de\/wp-json\/wp\/v2\/comments?post=220273"}],"version-history":[{"count":0,"href":"https:\/\/aromasentia.com\/de\/wp-json\/wp\/v2\/product\/220273\/revisions"}],"wp:featuredmedia":[{"embeddable":true,"href":"https:\/\/aromasentia.com\/de\/wp-json\/wp\/v2\/media\/414941"}],"wp:attachment":[{"href":"https:\/\/aromasentia.com\/de\/wp-json\/wp\/v2\/media?parent=220273"}],"wp:term":[{"taxonomy":"product_brand","embeddable":true,"href":"https:\/\/aromasentia.com\/de\/wp-json\/wp\/v2\/product_brand?post=220273"},{"taxonomy":"product_cat","embeddable":true,"href":"https:\/\/aromasentia.com\/de\/wp-json\/wp\/v2\/product_cat?post=220273"},{"taxonomy":"product_tag","embeddable":true,"href":"https:\/\/aromasentia.com\/de\/wp-json\/wp\/v2\/product_tag?post=220273"}],"curies":[{"name":"wp","href":"https:\/\/api.w.org\/{rel}","templated":true}]}}