{"id":220261,"date":"2025-03-23T10:31:56","date_gmt":"2025-03-23T10:31:56","guid":{"rendered":"https:\/\/aromasentia.com\/product\/tribal-soul-incesne-white-sage-lavender\/"},"modified":"2025-12-30T19:33:14","modified_gmt":"2025-12-30T19:33:14","slug":"15g-packung-weisser-salbei-lavendel","status":"publish","type":"product","link":"https:\/\/aromasentia.com\/de\/15g-packung-weisser-salbei-lavendel\/","title":{"rendered":"15g Packung &#8211; Wei\u00dfer Salbei &#038; Lavendel"},"content":{"rendered":"<p><span style=\"color: rgb(75, 80, 88);\">Diese <strong>Aroma Sentia-ping Tribal Soul Incesne &#8211;&nbsp;<\/strong><\/span><strong>Wei\u00dfer Salbei<\/strong><strong>+ Lavendel<\/strong> <span style=\"color: rgb(75, 80, 88);\">werden von erfahrenen Handwerkern in Indien handgefertigt. Ein gro\u00dfartiger Genuss f\u00fcr alle, die die exotischen D\u00fcfte ferner L\u00e4nder lieben.&nbsp;<\/span><\/p>\n<p><span style=\"color: rgb(75, 80, 88);\">Sie werden in dekorativen Schachteln geliefert und erf\u00fcllen jeden Raum in Ihrem Zuhause mit einem einzigartigen Duft. Entwickelt, um alle Arten von Ger\u00fcchen perfekt zu \u00fcberdecken.<\/span><\/p>\n<p><strong><span style=\"color: rgb(75, 80, 88);\">Perfekt f\u00fcr alle, die sch\u00f6ne D\u00fcfte lieben.<\/span><\/strong><\/p>\n","protected":false},"excerpt":{"rendered":"<p>Diese Aroma Sentia-ping Tribal Soul Incesne &#8211;&nbsp;Wei\u00dfer Salbei+ Lavendel werden von erfahrenen Handwerkern in Indien handgefertigt. Ein gro\u00dfartiger Genuss f\u00fcr alle, die die exotischen D\u00fcfte ferner L\u00e4nder lieben.&nbsp; Sie werden in dekorativen Schachteln geliefert und erf\u00fcllen jeden Raum in Ihrem Zuhause mit einem einzigartigen Duft. Entwickelt, um alle Arten von Ger\u00fcchen perfekt zu \u00fcberdecken. Perfekt [&hellip;]<\/p>\n","protected":false},"featured_media":414850,"comment_status":"closed","ping_status":"open","template":"","meta":{"_angie_page":false},"product_brand":[27152],"product_cat":[26833,25841,26861,26234,15197,15152,26477],"product_tag":[],"class_list":{"0":"post-220261","1":"product","2":"type-product","3":"status-publish","4":"has-post-thumbnail","6":"product_brand-tribal-soul","7":"product_cat-blumig","8":"product_cat-dufte-aromen","9":"product_cat-krauter-aromatisch","10":"product_cat-lavendel","11":"product_cat-raucherstabchen","12":"product_cat-raucherwerk-und-rauchergefasse","13":"product_cat-weiser-salbei","14":"pa_collection-tribal-soul-incense-de","15":"pa_made-in-indien","17":"first","18":"instock","19":"purchasable","20":"product-type-simple"},"supplier_id":null,"supplier_sku":"TribalSi-05","barcode":null,"atum_controlled":true,"out_stock_date":null,"out_stock_threshold":null,"inheritable":false,"inbound_stock":null,"stock_on_hold":0,"sold_today":0,"sales_last_days":0,"reserved_stock":null,"customer_returns":null,"warehouse_damage":null,"lost_in_post":null,"other_logs":null,"out_stock_days":0,"lost_sales":0,"has_location":null,"update_date":"2026-04-27T07:25:21","atum_locations":[],"atum_stock_status":"instock","restock_status":false,"low_stock_amount":"","sales_update_date":"2025-09-03T00:17:29","calc_backorders":null,"_links":{"self":[{"href":"https:\/\/aromasentia.com\/de\/wp-json\/wp\/v2\/product\/220261","targetHints":{"allow":["GET"]}}],"collection":[{"href":"https:\/\/aromasentia.com\/de\/wp-json\/wp\/v2\/product"}],"about":[{"href":"https:\/\/aromasentia.com\/de\/wp-json\/wp\/v2\/types\/product"}],"replies":[{"embeddable":true,"href":"https:\/\/aromasentia.com\/de\/wp-json\/wp\/v2\/comments?post=220261"}],"version-history":[{"count":0,"href":"https:\/\/aromasentia.com\/de\/wp-json\/wp\/v2\/product\/220261\/revisions"}],"wp:featuredmedia":[{"embeddable":true,"href":"https:\/\/aromasentia.com\/de\/wp-json\/wp\/v2\/media\/414850"}],"wp:attachment":[{"href":"https:\/\/aromasentia.com\/de\/wp-json\/wp\/v2\/media?parent=220261"}],"wp:term":[{"taxonomy":"product_brand","embeddable":true,"href":"https:\/\/aromasentia.com\/de\/wp-json\/wp\/v2\/product_brand?post=220261"},{"taxonomy":"product_cat","embeddable":true,"href":"https:\/\/aromasentia.com\/de\/wp-json\/wp\/v2\/product_cat?post=220261"},{"taxonomy":"product_tag","embeddable":true,"href":"https:\/\/aromasentia.com\/de\/wp-json\/wp\/v2\/product_tag?post=220261"}],"curies":[{"name":"wp","href":"https:\/\/api.w.org\/{rel}","templated":true}]}}